{"id":1857,"date":"2024-09-22T12:57:06","date_gmt":"2024-09-22T12:57:06","guid":{"rendered":"https:\/\/hellart.work\/meie-uudised\/"},"modified":"2024-09-22T12:58:12","modified_gmt":"2024-09-22T12:58:12","slug":"meie-uudised","status":"publish","type":"page","link":"https:\/\/hellart.work\/et\/meie-uudised\/","title":{"rendered":"Meie uudised"},"content":{"rendered":"\t<div class=\"wpnawfree-plugin news-clearfix \" id=\"wpnw-news-1\">\r\n\r\n\t\t\r\n\t\t\t<div id=\"post-4085\" class=\"news type-news wpnaw-blog-class has-date news-col-3 wpnaw-first\">\r\n\t\t\t\t<div class=\"news-inner-wrap-view news-clearfix \">\r\n\r\n\t\t\t\t\t\t\t\t\t\t<div class=\"news-thumb\">\r\n\t\t\t\t\t\t\t\t\t\t\t\t\t<div class=\"grid-news-thumb\">\r\n\t\t\t\t\t\t\t\t<a href=\"https:\/\/hellart.work\/et\/news\/too-hollandis-koos-majutusega-parimad-toovoimalused\/\"><img loading=\"lazy\" decoding=\"async\" width=\"768\" height=\"512\" src=\"https:\/\/hellart.work\/wp-content\/uploads\/2025\/01\/cnc_operator-min_vhn0t5d-768x512.jpg\" class=\"attachment-medium_large size-medium_large wp-post-image\" alt=\"\" srcset=\"https:\/\/hellart.work\/wp-content\/uploads\/2025\/01\/cnc_operator-min_vhn0t5d-768x512.jpg 768w, https:\/\/hellart.work\/wp-content\/uploads\/2025\/01\/cnc_operator-min_vhn0t5d-300x200.jpg 300w, https:\/\/hellart.work\/wp-content\/uploads\/2025\/01\/cnc_operator-min_vhn0t5d-1024x683.jpg 1024w, https:\/\/hellart.work\/wp-content\/uploads\/2025\/01\/cnc_operator-min_vhn0t5d-1536x1024.jpg 1536w, https:\/\/hellart.work\/wp-content\/uploads\/2025\/01\/cnc_operator-min_vhn0t5d-2048x1365.jpg 2048w\" sizes=\"auto, (max-width: 768px) 100vw, 768px\" \/><\/a>\r\n\t\t\t\t\t\t\t<\/div>\r\n\t\t\t\t\t\t\t\t\t\t\t<\/div>\r\n\t\t\t\t\t\r\n\t\t\t\t\t<div class=\"news-content\">\r\n\t\t\t\t\t\t\t\t\t\t\t\t\t<div class=\"grid-date-post\">\r\n\t\t\t\t\t\t\t\t20. jaan. 2025\t\t\t\t\t\t\t<\/div>\r\n\t\t\t\t\t\t\r\n\t\t\t\t\t\t<div class=\"post-content-text\">\r\n\t\t\t\t\t\t\t<h3 class=\"news-title\"><a href=\"https:\/\/hellart.work\/et\/news\/too-hollandis-koos-majutusega-parimad-toovoimalused\/\" rel=\"bookmark\">T\u00f6\u00f6 Hollandis koos majutusega: parimad t\u00f6\u00f6v\u00f5imalused<\/a><\/h3>\t\t\t\t\t\t\t\t<div class=\"news-content-excerpt\">\r\n\t\t\t\t\t\t\t\t\t\t\t\t\t\t\t\t\t\t\t<div class=\"news-short-content\">\r\n\t\t\t\t\t\t\t\t\t\t\tOtsid t\u00f6\u00f6d v\u00e4lismaal koos majutusega? Holland on k\u00f5rgepalgalist t\u00f6\u00f6d ja suurep\u00e4raseid elamistingimusi otsivate oskust\u00f6\u00f6liste peamine sihtkoht. Siin on k\u00f5ik, mida&#8230;\t\t\t\t\t\t\t\t\t\t<\/div>\r\n\t\t\t\t\t\t\t\t\t\t<a href=\"https:\/\/hellart.work\/et\/news\/too-hollandis-koos-majutusega-parimad-toovoimalused\/\" class=\"news-more-link\">Loe edasi<\/a>\r\n\t\t\t\t\t\t\t\t\t\t\t\t\t\t\t\t\t<\/div><!-- .entry-content -->\r\n\t\t\t\t\t\t\t\t\t\t\t\t\t<\/div>\r\n\t\t\t\t\t<\/div>\r\n\t\t\t\t<\/div><!-- #post-## -->\r\n\t\t\t<\/div><!-- #post-## -->\r\n\t\t\r\n\t\t\t<div id=\"post-4028\" class=\"news type-news wpnaw-blog-class has-date news-col-3\">\r\n\t\t\t\t<div class=\"news-inner-wrap-view news-clearfix \">\r\n\r\n\t\t\t\t\t\t\t\t\t\t<div class=\"news-thumb\">\r\n\t\t\t\t\t\t\t\t\t\t\t\t\t<div class=\"grid-news-thumb\">\r\n\t\t\t\t\t\t\t\t<a href=\"https:\/\/hellart.work\/et\/news\/laotoo-hollandis-koos-majutusega\/\"><img loading=\"lazy\" decoding=\"async\" width=\"768\" height=\"504\" src=\"https:\/\/hellart.work\/wp-content\/uploads\/2024\/09\/warehouse-worker-with-experience-utrecht-in-netherlands-768x504.png\" class=\"attachment-medium_large size-medium_large wp-post-image\" alt=\"warehouse-worker-with-experience-utrecht-in-netherlands.\" srcset=\"https:\/\/hellart.work\/wp-content\/uploads\/2024\/09\/warehouse-worker-with-experience-utrecht-in-netherlands-768x504.png 768w, https:\/\/hellart.work\/wp-content\/uploads\/2024\/09\/warehouse-worker-with-experience-utrecht-in-netherlands-300x197.png 300w, https:\/\/hellart.work\/wp-content\/uploads\/2024\/09\/warehouse-worker-with-experience-utrecht-in-netherlands.png 929w\" sizes=\"auto, (max-width: 768px) 100vw, 768px\" \/><\/a>\r\n\t\t\t\t\t\t\t<\/div>\r\n\t\t\t\t\t\t\t\t\t\t\t<\/div>\r\n\t\t\t\t\t\r\n\t\t\t\t\t<div class=\"news-content\">\r\n\t\t\t\t\t\t\t\t\t\t\t\t\t<div class=\"grid-date-post\">\r\n\t\t\t\t\t\t\t\t14. jaan. 2025\t\t\t\t\t\t\t<\/div>\r\n\t\t\t\t\t\t\r\n\t\t\t\t\t\t<div class=\"post-content-text\">\r\n\t\t\t\t\t\t\t<h3 class=\"news-title\"><a href=\"https:\/\/hellart.work\/et\/news\/laotoo-hollandis-koos-majutusega\/\" rel=\"bookmark\">Laot\u00f6\u00f6 Hollandis koos majutusega<\/a><\/h3>\t\t\t\t\t\t\t\t<div class=\"news-content-excerpt\">\r\n\t\t\t\t\t\t\t\t\t\t\t\t\t\t\t\t\t\t\t<div class=\"news-short-content\">\r\n\t\t\t\t\t\t\t\t\t\t\tHolland on \u00fcks parimaid valikuid neile, kes otsivad t\u00f6\u00f6d v\u00e4lismaal. Paljud riigi linnad pakuvad vabu laopakkumisi koos majutusega. See on&#8230;\t\t\t\t\t\t\t\t\t\t<\/div>\r\n\t\t\t\t\t\t\t\t\t\t<a href=\"https:\/\/hellart.work\/et\/news\/laotoo-hollandis-koos-majutusega\/\" class=\"news-more-link\">Loe edasi<\/a>\r\n\t\t\t\t\t\t\t\t\t\t\t\t\t\t\t\t\t<\/div><!-- .entry-content -->\r\n\t\t\t\t\t\t\t\t\t\t\t\t\t<\/div>\r\n\t\t\t\t\t<\/div>\r\n\t\t\t\t<\/div><!-- #post-## -->\r\n\t\t\t<\/div><!-- #post-## -->\r\n\t\t\r\n\t\t\t<div id=\"post-3845\" class=\"news type-news wpnaw-blog-class has-date news-col-3 wpnaw-last\">\r\n\t\t\t\t<div class=\"news-inner-wrap-view news-clearfix \">\r\n\r\n\t\t\t\t\t\t\t\t\t\t<div class=\"news-thumb\">\r\n\t\t\t\t\t\t\t\t\t\t\t\t\t<div class=\"grid-news-thumb\">\r\n\t\t\t\t\t\t\t\t<a href=\"https:\/\/hellart.work\/et\/news\/too-valismaal-koos-majutusega-populaarsed-vabad-tookohad-ja-tingimused\/\"><img loading=\"lazy\" decoding=\"async\" width=\"768\" height=\"432\" src=\"https:\/\/hellart.work\/wp-content\/uploads\/2024\/11\/too-valismaal-768x432.png\" class=\"attachment-medium_large size-medium_large wp-post-image\" alt=\"\" srcset=\"https:\/\/hellart.work\/wp-content\/uploads\/2024\/11\/too-valismaal-768x432.png 768w, https:\/\/hellart.work\/wp-content\/uploads\/2024\/11\/too-valismaal-300x169.png 300w, https:\/\/hellart.work\/wp-content\/uploads\/2024\/11\/too-valismaal-1024x576.png 1024w, https:\/\/hellart.work\/wp-content\/uploads\/2024\/11\/too-valismaal-1536x864.png 1536w, https:\/\/hellart.work\/wp-content\/uploads\/2024\/11\/too-valismaal-2048x1152.png 2048w\" sizes=\"auto, (max-width: 768px) 100vw, 768px\" \/><\/a>\r\n\t\t\t\t\t\t\t<\/div>\r\n\t\t\t\t\t\t\t\t\t\t\t<\/div>\r\n\t\t\t\t\t\r\n\t\t\t\t\t<div class=\"news-content\">\r\n\t\t\t\t\t\t\t\t\t\t\t\t\t<div class=\"grid-date-post\">\r\n\t\t\t\t\t\t\t\t5. nov. 2024\t\t\t\t\t\t\t<\/div>\r\n\t\t\t\t\t\t\r\n\t\t\t\t\t\t<div class=\"post-content-text\">\r\n\t\t\t\t\t\t\t<h3 class=\"news-title\"><a href=\"https:\/\/hellart.work\/et\/news\/too-valismaal-koos-majutusega-populaarsed-vabad-tookohad-ja-tingimused\/\" rel=\"bookmark\">T\u00f6\u00f6 v\u00e4lismaal koos majutusega: populaarsed vabad t\u00f6\u00f6kohad ja tingimused<\/a><\/h3>\t\t\t\t\t\t\t\t<div class=\"news-content-excerpt\">\r\n\t\t\t\t\t\t\t\t\t\t\t\t\t\t\t\t\t\t\t<div class=\"news-short-content\">\r\n\t\t\t\t\t\t\t\t\t\t\tV\u00e4lismaal t\u00f6\u00f6tamine on v\u00f5imalus mitte ainult oma rahalise olukorra parandamiseks, vaid ka rahvusvahelise karj\u00e4\u00e4rikogemuse saamiseks. Holland, mis on tuntud oma&#8230;\t\t\t\t\t\t\t\t\t\t<\/div>\r\n\t\t\t\t\t\t\t\t\t\t<a href=\"https:\/\/hellart.work\/et\/news\/too-valismaal-koos-majutusega-populaarsed-vabad-tookohad-ja-tingimused\/\" class=\"news-more-link\">Loe edasi<\/a>\r\n\t\t\t\t\t\t\t\t\t\t\t\t\t\t\t\t\t<\/div><!-- .entry-content -->\r\n\t\t\t\t\t\t\t\t\t\t\t\t\t<\/div>\r\n\t\t\t\t\t<\/div>\r\n\t\t\t\t<\/div><!-- #post-## -->\r\n\t\t\t<\/div><!-- #post-## -->\r\n\t\t\r\n\t\t\t<div id=\"post-1828\" class=\"news type-news wpnaw-blog-class has-date news-col-3 wpnaw-first\">\r\n\t\t\t\t<div class=\"news-inner-wrap-view news-clearfix \">\r\n\r\n\t\t\t\t\t\t\t\t\t\t<div class=\"news-thumb\">\r\n\t\t\t\t\t\t\t\t\t\t\t\t\t<div class=\"grid-news-thumb\">\r\n\t\t\t\t\t\t\t\t<a href=\"https:\/\/hellart.work\/et\/news\/top-varbamisagentuuride-nimekiri-hollandis\/\"><img loading=\"lazy\" decoding=\"async\" width=\"752\" height=\"465\" src=\"https:\/\/hellart.work\/wp-content\/uploads\/2024\/09\/Top-10-Recruitment-Agencies-in-Netherlands.jpg\" class=\"attachment-medium_large size-medium_large wp-post-image\" alt=\"\" srcset=\"https:\/\/hellart.work\/wp-content\/uploads\/2024\/09\/Top-10-Recruitment-Agencies-in-Netherlands.jpg 752w, https:\/\/hellart.work\/wp-content\/uploads\/2024\/09\/Top-10-Recruitment-Agencies-in-Netherlands-300x186.jpg 300w\" sizes=\"auto, (max-width: 752px) 100vw, 752px\" \/><\/a>\r\n\t\t\t\t\t\t\t<\/div>\r\n\t\t\t\t\t\t\t\t\t\t\t<\/div>\r\n\t\t\t\t\t\r\n\t\t\t\t\t<div class=\"news-content\">\r\n\t\t\t\t\t\t\t\t\t\t\t\t\t<div class=\"grid-date-post\">\r\n\t\t\t\t\t\t\t\t19. sept. 2024\t\t\t\t\t\t\t<\/div>\r\n\t\t\t\t\t\t\r\n\t\t\t\t\t\t<div class=\"post-content-text\">\r\n\t\t\t\t\t\t\t<h3 class=\"news-title\"><a href=\"https:\/\/hellart.work\/et\/news\/top-varbamisagentuuride-nimekiri-hollandis\/\" rel=\"bookmark\">Top v\u00e4rbamisagentuuride nimekiri Hollandis<\/a><\/h3>\t\t\t\t\t\t\t\t<div class=\"news-content-excerpt\">\r\n\t\t\t\t\t\t\t\t\t\t\t\t\t\t\t\t\t\t\t<div class=\"news-short-content\">\r\n\t\t\t\t\t\t\t\t\t\t\tMadalmaades tegutseb palju erinevaid v\u00e4rbamisagentuure, mis pakuvad teenuseid erinevates t\u00f6\u00f6stusharudes, alates logistikast ja tootmisest kuni IT- ja tervishoiuteenusteni. Allpool on&#8230;\t\t\t\t\t\t\t\t\t\t<\/div>\r\n\t\t\t\t\t\t\t\t\t\t<a href=\"https:\/\/hellart.work\/et\/news\/top-varbamisagentuuride-nimekiri-hollandis\/\" class=\"news-more-link\">Loe edasi<\/a>\r\n\t\t\t\t\t\t\t\t\t\t\t\t\t\t\t\t\t<\/div><!-- .entry-content -->\r\n\t\t\t\t\t\t\t\t\t\t\t\t\t<\/div>\r\n\t\t\t\t\t<\/div>\r\n\t\t\t\t<\/div><!-- #post-## -->\r\n\t\t\t<\/div><!-- #post-## -->\r\n\t\t\r\n\t\t\t<div id=\"post-1832\" class=\"news type-news wpnaw-blog-class has-date news-col-3\">\r\n\t\t\t\t<div class=\"news-inner-wrap-view news-clearfix \">\r\n\r\n\t\t\t\t\t\t\t\t\t\t<div class=\"news-thumb\">\r\n\t\t\t\t\t\t\t\t\t\t\t\t\t<div class=\"grid-news-thumb\">\r\n\t\t\t\t\t\t\t\t<a href=\"https:\/\/hellart.work\/et\/news\/miks-holland-on-suureparane-tookoht-madalmaades-tootamise-eelised\/\"><img loading=\"lazy\" decoding=\"async\" width=\"768\" height=\"512\" src=\"https:\/\/hellart.work\/wp-content\/uploads\/2024\/09\/Order-picker-with-EPT-experience-Fresh-department-768x512.jpg\" class=\"attachment-medium_large size-medium_large wp-post-image\" alt=\"\" srcset=\"https:\/\/hellart.work\/wp-content\/uploads\/2024\/09\/Order-picker-with-EPT-experience-Fresh-department-768x512.jpg 768w, https:\/\/hellart.work\/wp-content\/uploads\/2024\/09\/Order-picker-with-EPT-experience-Fresh-department-300x200.jpg 300w, https:\/\/hellart.work\/wp-content\/uploads\/2024\/09\/Order-picker-with-EPT-experience-Fresh-department-1024x682.jpg 1024w, https:\/\/hellart.work\/wp-content\/uploads\/2024\/09\/Order-picker-with-EPT-experience-Fresh-department-1536x1024.jpg 1536w, https:\/\/hellart.work\/wp-content\/uploads\/2024\/09\/Order-picker-with-EPT-experience-Fresh-department.jpg 1601w\" sizes=\"auto, (max-width: 768px) 100vw, 768px\" \/><\/a>\r\n\t\t\t\t\t\t\t<\/div>\r\n\t\t\t\t\t\t\t\t\t\t\t<\/div>\r\n\t\t\t\t\t\r\n\t\t\t\t\t<div class=\"news-content\">\r\n\t\t\t\t\t\t\t\t\t\t\t\t\t<div class=\"grid-date-post\">\r\n\t\t\t\t\t\t\t\t3. sept. 2024\t\t\t\t\t\t\t<\/div>\r\n\t\t\t\t\t\t\r\n\t\t\t\t\t\t<div class=\"post-content-text\">\r\n\t\t\t\t\t\t\t<h3 class=\"news-title\"><a href=\"https:\/\/hellart.work\/et\/news\/miks-holland-on-suureparane-tookoht-madalmaades-tootamise-eelised\/\" rel=\"bookmark\">Miks Holland on suurep\u00e4rane t\u00f6\u00f6koht: Madalmaades t\u00f6\u00f6tamise eelised<\/a><\/h3>\t\t\t\t\t\t\t\t<div class=\"news-content-excerpt\">\r\n\t\t\t\t\t\t\t\t\t\t\t\t\t\t\t\t\t\t\t<div class=\"news-short-content\">\r\n\t\t\t\t\t\t\t\t\t\t\tMadalmaad on muutunud \u00fcheks Euroopa k\u00f5ige atraktiivsemaks sihtkohaks uusi v\u00f5imalusi otsivate spetsialistide jaoks. T\u00e4nu \u00f5itsevale majandusele, edumeelsele t\u00f6\u00f6kultuurile ja arvukatele&#8230;\t\t\t\t\t\t\t\t\t\t<\/div>\r\n\t\t\t\t\t\t\t\t\t\t<a href=\"https:\/\/hellart.work\/et\/news\/miks-holland-on-suureparane-tookoht-madalmaades-tootamise-eelised\/\" class=\"news-more-link\">Loe edasi<\/a>\r\n\t\t\t\t\t\t\t\t\t\t\t\t\t\t\t\t\t<\/div><!-- .entry-content -->\r\n\t\t\t\t\t\t\t\t\t\t\t\t\t<\/div>\r\n\t\t\t\t\t<\/div>\r\n\t\t\t\t<\/div><!-- #post-## -->\r\n\t\t\t<\/div><!-- #post-## -->\r\n\t\t\r\n\t\t\t<div id=\"post-1834\" class=\"news type-news wpnaw-blog-class has-date news-col-3 wpnaw-last\">\r\n\t\t\t\t<div class=\"news-inner-wrap-view news-clearfix \">\r\n\r\n\t\t\t\t\t\t\t\t\t\t<div class=\"news-thumb\">\r\n\t\t\t\t\t\t\t\t\t\t\t\t\t<div class=\"grid-news-thumb\">\r\n\t\t\t\t\t\t\t\t<a href=\"https:\/\/hellart.work\/et\/news\/kuidas-leida-tood-hollandis-valismaalaste-toootsijate-samm-sammuline-juhend\/\"><img loading=\"lazy\" decoding=\"async\" width=\"768\" height=\"481\" src=\"https:\/\/hellart.work\/wp-content\/uploads\/2024\/09\/Screenshot-2024-09-19-at-13.10.46-768x481.png\" class=\"attachment-medium_large size-medium_large wp-post-image\" alt=\"\" srcset=\"https:\/\/hellart.work\/wp-content\/uploads\/2024\/09\/Screenshot-2024-09-19-at-13.10.46-768x481.png 768w, https:\/\/hellart.work\/wp-content\/uploads\/2024\/09\/Screenshot-2024-09-19-at-13.10.46-300x188.png 300w, https:\/\/hellart.work\/wp-content\/uploads\/2024\/09\/Screenshot-2024-09-19-at-13.10.46-1024x642.png 1024w, https:\/\/hellart.work\/wp-content\/uploads\/2024\/09\/Screenshot-2024-09-19-at-13.10.46.png 1248w\" sizes=\"auto, (max-width: 768px) 100vw, 768px\" \/><\/a>\r\n\t\t\t\t\t\t\t<\/div>\r\n\t\t\t\t\t\t\t\t\t\t\t<\/div>\r\n\t\t\t\t\t\r\n\t\t\t\t\t<div class=\"news-content\">\r\n\t\t\t\t\t\t\t\t\t\t\t\t\t<div class=\"grid-date-post\">\r\n\t\t\t\t\t\t\t\t18. aug. 2024\t\t\t\t\t\t\t<\/div>\r\n\t\t\t\t\t\t\r\n\t\t\t\t\t\t<div class=\"post-content-text\">\r\n\t\t\t\t\t\t\t<h3 class=\"news-title\"><a href=\"https:\/\/hellart.work\/et\/news\/kuidas-leida-tood-hollandis-valismaalaste-toootsijate-samm-sammuline-juhend\/\" rel=\"bookmark\">Kuidas leida t\u00f6\u00f6d Hollandis: V\u00e4lismaalaste t\u00f6\u00f6otsijate samm-sammuline juhend.<\/a><\/h3>\t\t\t\t\t\t\t\t<div class=\"news-content-excerpt\">\r\n\t\t\t\t\t\t\t\t\t\t\t\t\t\t\t\t\t\t\t<div class=\"news-short-content\">\r\n\t\t\t\t\t\t\t\t\t\t\tT\u00f6\u00f6 leidmine Hollandis v\u00e4lismaalasena v\u00f5ib olla p\u00f5nev, kuid samas ka keeruline kogemus. \u00d5igete teadmiste ja strateegiate abil saate suurendada oma&#8230;\t\t\t\t\t\t\t\t\t\t<\/div>\r\n\t\t\t\t\t\t\t\t\t\t<a href=\"https:\/\/hellart.work\/et\/news\/kuidas-leida-tood-hollandis-valismaalaste-toootsijate-samm-sammuline-juhend\/\" class=\"news-more-link\">Loe edasi<\/a>\r\n\t\t\t\t\t\t\t\t\t\t\t\t\t\t\t\t\t<\/div><!-- .entry-content -->\r\n\t\t\t\t\t\t\t\t\t\t\t\t\t<\/div>\r\n\t\t\t\t\t<\/div>\r\n\t\t\t\t<\/div><!-- #post-## -->\r\n\t\t\t<\/div><!-- #post-## -->\r\n\t\t\r\n\t\t\t<div id=\"post-1838\" class=\"news type-news wpnaw-blog-class has-date news-col-3 wpnaw-first\">\r\n\t\t\t\t<div class=\"news-inner-wrap-view news-clearfix \">\r\n\r\n\t\t\t\t\t\t\t\t\t\t<div class=\"news-thumb\">\r\n\t\t\t\t\t\t\t\t\t\t\t\t\t<div class=\"grid-news-thumb\">\r\n\t\t\t\t\t\t\t\t<a href=\"https:\/\/hellart.work\/et\/news\/sissejuhatus-madalmaades-tootamise-kohta\/\"><img loading=\"lazy\" decoding=\"async\" width=\"768\" height=\"513\" src=\"https:\/\/hellart.work\/wp-content\/uploads\/2024\/09\/Order-picker-with-VOG-2-768x513.jpg\" class=\"attachment-medium_large size-medium_large wp-post-image\" alt=\"\" srcset=\"https:\/\/hellart.work\/wp-content\/uploads\/2024\/09\/Order-picker-with-VOG-2-768x513.jpg 768w, https:\/\/hellart.work\/wp-content\/uploads\/2024\/09\/Order-picker-with-VOG-2-300x200.jpg 300w, https:\/\/hellart.work\/wp-content\/uploads\/2024\/09\/Order-picker-with-VOG-2-1024x683.jpg 1024w, https:\/\/hellart.work\/wp-content\/uploads\/2024\/09\/Order-picker-with-VOG-2-1536x1025.jpg 1536w, https:\/\/hellart.work\/wp-content\/uploads\/2024\/09\/Order-picker-with-VOG-2-2048x1367.jpg 2048w\" sizes=\"auto, (max-width: 768px) 100vw, 768px\" \/><\/a>\r\n\t\t\t\t\t\t\t<\/div>\r\n\t\t\t\t\t\t\t\t\t\t\t<\/div>\r\n\t\t\t\t\t\r\n\t\t\t\t\t<div class=\"news-content\">\r\n\t\t\t\t\t\t\t\t\t\t\t\t\t<div class=\"grid-date-post\">\r\n\t\t\t\t\t\t\t\t3. aug. 2024\t\t\t\t\t\t\t<\/div>\r\n\t\t\t\t\t\t\r\n\t\t\t\t\t\t<div class=\"post-content-text\">\r\n\t\t\t\t\t\t\t<h3 class=\"news-title\"><a href=\"https:\/\/hellart.work\/et\/news\/sissejuhatus-madalmaades-tootamise-kohta\/\" rel=\"bookmark\">Sissejuhatus Madalmaades t\u00f6\u00f6tamise kohta<\/a><\/h3>\t\t\t\t\t\t\t\t<div class=\"news-content-excerpt\">\r\n\t\t\t\t\t\t\t\t\t\t\t\t\t\t\t\t\t\t\t<div class=\"news-short-content\">\r\n\t\t\t\t\t\t\t\t\t\t\t1. Sissejuhatus Madalmaades t\u00f6\u00f6tamise kohta Madalmaade t\u00f6\u00f6turg on t\u00e4nu riigi avatud majandusele ja globaalsetele v\u00e4ljavaadetele olnud pidevalt avatud rahvusvahelistele t\u00f6\u00f6tajatele&#8230;.\t\t\t\t\t\t\t\t\t\t<\/div>\r\n\t\t\t\t\t\t\t\t\t\t<a href=\"https:\/\/hellart.work\/et\/news\/sissejuhatus-madalmaades-tootamise-kohta\/\" class=\"news-more-link\">Loe edasi<\/a>\r\n\t\t\t\t\t\t\t\t\t\t\t\t\t\t\t\t\t<\/div><!-- .entry-content -->\r\n\t\t\t\t\t\t\t\t\t\t\t\t\t<\/div>\r\n\t\t\t\t\t<\/div>\r\n\t\t\t\t<\/div><!-- #post-## -->\r\n\t\t\t<\/div><!-- #post-## -->\r\n\t\t\r\n\t\t\t<div id=\"post-1842\" class=\"news type-news wpnaw-blog-class has-date news-col-3\">\r\n\t\t\t\t<div class=\"news-inner-wrap-view news-clearfix \">\r\n\r\n\t\t\t\t\t\t\t\t\t\t<div class=\"news-thumb\">\r\n\t\t\t\t\t\t\t\t\t\t\t\t\t<div class=\"grid-news-thumb\">\r\n\t\t\t\t\t\t\t\t<a href=\"https:\/\/hellart.work\/et\/news\/otsid-tood-hollandis-ilma-korghariduseta\/\"><img loading=\"lazy\" decoding=\"async\" width=\"768\" height=\"356\" src=\"https:\/\/hellart.work\/wp-content\/uploads\/2024\/09\/Production-worker-768x356.jpg\" class=\"attachment-medium_large size-medium_large wp-post-image\" alt=\"\" srcset=\"https:\/\/hellart.work\/wp-content\/uploads\/2024\/09\/Production-worker-768x356.jpg 768w, https:\/\/hellart.work\/wp-content\/uploads\/2024\/09\/Production-worker-300x139.jpg 300w, https:\/\/hellart.work\/wp-content\/uploads\/2024\/09\/Production-worker-1024x475.jpg 1024w, https:\/\/hellart.work\/wp-content\/uploads\/2024\/09\/Production-worker-1536x712.jpg 1536w, https:\/\/hellart.work\/wp-content\/uploads\/2024\/09\/Production-worker-2048x949.jpg 2048w\" sizes=\"auto, (max-width: 768px) 100vw, 768px\" \/><\/a>\r\n\t\t\t\t\t\t\t<\/div>\r\n\t\t\t\t\t\t\t\t\t\t\t<\/div>\r\n\t\t\t\t\t\r\n\t\t\t\t\t<div class=\"news-content\">\r\n\t\t\t\t\t\t\t\t\t\t\t\t\t<div class=\"grid-date-post\">\r\n\t\t\t\t\t\t\t\t25. juuli 2024\t\t\t\t\t\t\t<\/div>\r\n\t\t\t\t\t\t\r\n\t\t\t\t\t\t<div class=\"post-content-text\">\r\n\t\t\t\t\t\t\t<h3 class=\"news-title\"><a href=\"https:\/\/hellart.work\/et\/news\/otsid-tood-hollandis-ilma-korghariduseta\/\" rel=\"bookmark\">Otsid t\u00f6\u00f6d Hollandis ilma k\u00f5rghariduseta?<\/a><\/h3>\t\t\t\t\t\t\t\t<div class=\"news-content-excerpt\">\r\n\t\t\t\t\t\t\t\t\t\t\t\t\t\t\t\t\t\t\t<div class=\"news-short-content\">\r\n\t\t\t\t\t\t\t\t\t\t\tOlete j\u00f5udnud \u00f5igesse kohta! Pakume laia valikut t\u00f6\u00f6v\u00f5imalusi parimate t\u00f6\u00f6andjate juures sellistes t\u00f6\u00f6stusharudes nagu pakendamine, logistika, ringlussev\u00f5tt, toiduainete tootmine, ladustamine&#8230;\t\t\t\t\t\t\t\t\t\t<\/div>\r\n\t\t\t\t\t\t\t\t\t\t<a href=\"https:\/\/hellart.work\/et\/news\/otsid-tood-hollandis-ilma-korghariduseta\/\" class=\"news-more-link\">Loe edasi<\/a>\r\n\t\t\t\t\t\t\t\t\t\t\t\t\t\t\t\t\t<\/div><!-- .entry-content -->\r\n\t\t\t\t\t\t\t\t\t\t\t\t\t<\/div>\r\n\t\t\t\t\t<\/div>\r\n\t\t\t\t<\/div><!-- #post-## -->\r\n\t\t\t<\/div><!-- #post-## -->\r\n\t\t\r\n\t\t\t<div id=\"post-1846\" class=\"news type-news wpnaw-blog-class has-date news-col-3 wpnaw-last\">\r\n\t\t\t\t<div class=\"news-inner-wrap-view news-clearfix \">\r\n\r\n\t\t\t\t\t\t\t\t\t\t<div class=\"news-thumb\">\r\n\t\t\t\t\t\t\t\t\t\t\t\t\t<div class=\"grid-news-thumb\">\r\n\t\t\t\t\t\t\t\t<a href=\"https:\/\/hellart.work\/et\/news\/too-hollandis-koos-majutusega\/\"><img loading=\"lazy\" decoding=\"async\" width=\"768\" height=\"502\" src=\"https:\/\/hellart.work\/wp-content\/uploads\/2024\/09\/Work-in-netherlands-with-accommodation--768x502.jpeg\" class=\"attachment-medium_large size-medium_large wp-post-image\" alt=\"\" srcset=\"https:\/\/hellart.work\/wp-content\/uploads\/2024\/09\/Work-in-netherlands-with-accommodation--768x502.jpeg 768w, https:\/\/hellart.work\/wp-content\/uploads\/2024\/09\/Work-in-netherlands-with-accommodation--300x196.jpeg 300w, https:\/\/hellart.work\/wp-content\/uploads\/2024\/09\/Work-in-netherlands-with-accommodation--1024x670.jpeg 1024w, https:\/\/hellart.work\/wp-content\/uploads\/2024\/09\/Work-in-netherlands-with-accommodation--1536x1004.jpeg 1536w, https:\/\/hellart.work\/wp-content\/uploads\/2024\/09\/Work-in-netherlands-with-accommodation-.jpeg 2048w\" sizes=\"auto, (max-width: 768px) 100vw, 768px\" \/><\/a>\r\n\t\t\t\t\t\t\t<\/div>\r\n\t\t\t\t\t\t\t\t\t\t\t<\/div>\r\n\t\t\t\t\t\r\n\t\t\t\t\t<div class=\"news-content\">\r\n\t\t\t\t\t\t\t\t\t\t\t\t\t<div class=\"grid-date-post\">\r\n\t\t\t\t\t\t\t\t1. juuli 2024\t\t\t\t\t\t\t<\/div>\r\n\t\t\t\t\t\t\r\n\t\t\t\t\t\t<div class=\"post-content-text\">\r\n\t\t\t\t\t\t\t<h3 class=\"news-title\"><a href=\"https:\/\/hellart.work\/et\/news\/too-hollandis-koos-majutusega\/\" rel=\"bookmark\">T\u00f6\u00f6 Hollandis koos majutusega<\/a><\/h3>\t\t\t\t\t\t\t\t<div class=\"news-content-excerpt\">\r\n\t\t\t\t\t\t\t\t\t\t\t\t\t\t\t\t\t\t\t<div class=\"news-short-content\">\r\n\t\t\t\t\t\t\t\t\t\t\tKas otsite Madalmaades t\u00f6\u00f6d, mis ei n\u00f5ua k\u00f5rgharidust? Oled \u00f5iges kohas! Pakume laia valikut vabu t\u00f6\u00f6kohti tippklientide juures erinevates t\u00f6\u00f6stusharudes,&#8230;\t\t\t\t\t\t\t\t\t\t<\/div>\r\n\t\t\t\t\t\t\t\t\t\t<a href=\"https:\/\/hellart.work\/et\/news\/too-hollandis-koos-majutusega\/\" class=\"news-more-link\">Loe edasi<\/a>\r\n\t\t\t\t\t\t\t\t\t\t\t\t\t\t\t\t\t<\/div><!-- .entry-content -->\r\n\t\t\t\t\t\t\t\t\t\t\t\t\t<\/div>\r\n\t\t\t\t\t<\/div>\r\n\t\t\t\t<\/div><!-- #post-## -->\r\n\t\t\t<\/div><!-- #post-## -->\r\n\t\t\t<\/div>\r\n\r\n\t\n\n\n<p><\/p>\n","protected":false},"excerpt":{"rendered":"","protected":false},"author":1,"featured_media":0,"parent":0,"menu_order":0,"comment_status":"closed","ping_status":"closed","template":"","meta":{"_monsterinsights_skip_tracking":false,"_monsterinsights_sitenote_active":false,"_monsterinsights_sitenote_note":"","_monsterinsights_sitenote_category":0,"_uf_show_specific_survey":0,"_uf_disable_surveys":false,"footnotes":""},"class_list":["post-1857","page","type-page","status-publish","hentry"],"blocksy_meta":[],"_links":{"self":[{"href":"https:\/\/hellart.work\/et\/wp-json\/wp\/v2\/pages\/1857","targetHints":{"allow":["GET"]}}],"collection":[{"href":"https:\/\/hellart.work\/et\/wp-json\/wp\/v2\/pages"}],"about":[{"href":"https:\/\/hellart.work\/et\/wp-json\/wp\/v2\/types\/page"}],"author":[{"embeddable":true,"href":"https:\/\/hellart.work\/et\/wp-json\/wp\/v2\/users\/1"}],"replies":[{"embeddable":true,"href":"https:\/\/hellart.work\/et\/wp-json\/wp\/v2\/comments?post=1857"}],"version-history":[{"count":1,"href":"https:\/\/hellart.work\/et\/wp-json\/wp\/v2\/pages\/1857\/revisions"}],"predecessor-version":[{"id":1858,"href":"https:\/\/hellart.work\/et\/wp-json\/wp\/v2\/pages\/1857\/revisions\/1858"}],"wp:attachment":[{"href":"https:\/\/hellart.work\/et\/wp-json\/wp\/v2\/media?parent=1857"}],"curies":[{"name":"wp","href":"https:\/\/api.w.org\/{rel}","templated":true}]}}