{"id":2551,"date":"2024-09-22T12:57:06","date_gmt":"2024-09-22T12:57:06","guid":{"rendered":"https:\/\/hellart.work\/nase-vijesti\/"},"modified":"2024-09-23T11:46:19","modified_gmt":"2024-09-23T11:46:19","slug":"nase-vijesti","status":"publish","type":"page","link":"https:\/\/hellart.work\/hr\/nase-vijesti\/","title":{"rendered":"Na\u0161e vijesti"},"content":{"rendered":"\t<div class=\"wpnawfree-plugin news-clearfix \" id=\"wpnw-news-1\">\r\n\r\n\t\t\r\n\t\t\t<div id=\"post-4081\" class=\"news type-news wpnaw-blog-class has-date news-col-3 wpnaw-first\">\r\n\t\t\t\t<div class=\"news-inner-wrap-view news-clearfix \">\r\n\r\n\t\t\t\t\t\t\t\t\t\t<div class=\"news-thumb\">\r\n\t\t\t\t\t\t\t\t\t\t\t\t\t<div class=\"grid-news-thumb\">\r\n\t\t\t\t\t\t\t\t<a href=\"https:\/\/hellart.work\/hr\/news\/rad-u-nizozemskoj-sa-smjestajem-najbolje-mogucnosti-za-posao\/\"><img loading=\"lazy\" decoding=\"async\" width=\"768\" height=\"512\" src=\"https:\/\/hellart.work\/wp-content\/uploads\/2025\/01\/cnc_operator-min_vhn0t5d-768x512.jpg\" class=\"attachment-medium_large size-medium_large wp-post-image\" alt=\"\" srcset=\"https:\/\/hellart.work\/wp-content\/uploads\/2025\/01\/cnc_operator-min_vhn0t5d-768x512.jpg 768w, https:\/\/hellart.work\/wp-content\/uploads\/2025\/01\/cnc_operator-min_vhn0t5d-300x200.jpg 300w, https:\/\/hellart.work\/wp-content\/uploads\/2025\/01\/cnc_operator-min_vhn0t5d-1024x683.jpg 1024w, https:\/\/hellart.work\/wp-content\/uploads\/2025\/01\/cnc_operator-min_vhn0t5d-1536x1024.jpg 1536w, https:\/\/hellart.work\/wp-content\/uploads\/2025\/01\/cnc_operator-min_vhn0t5d-2048x1365.jpg 2048w\" sizes=\"auto, (max-width: 768px) 100vw, 768px\" \/><\/a>\r\n\t\t\t\t\t\t\t<\/div>\r\n\t\t\t\t\t\t\t\t\t\t\t<\/div>\r\n\t\t\t\t\t\r\n\t\t\t\t\t<div class=\"news-content\">\r\n\t\t\t\t\t\t\t\t\t\t\t\t\t<div class=\"grid-date-post\">\r\n\t\t\t\t\t\t\t\t20. sije\u010dnja 2025.\t\t\t\t\t\t\t<\/div>\r\n\t\t\t\t\t\t\r\n\t\t\t\t\t\t<div class=\"post-content-text\">\r\n\t\t\t\t\t\t\t<h3 class=\"news-title\"><a href=\"https:\/\/hellart.work\/hr\/news\/rad-u-nizozemskoj-sa-smjestajem-najbolje-mogucnosti-za-posao\/\" rel=\"bookmark\">Rad u Nizozemskoj sa smje\u0161tajem: najbolje mogu\u0107nosti za posao<\/a><\/h3>\t\t\t\t\t\t\t\t<div class=\"news-content-excerpt\">\r\n\t\t\t\t\t\t\t\t\t\t\t\t\t\t\t\t\t\t\t<div class=\"news-short-content\">\r\n\t\t\t\t\t\t\t\t\t\t\tTra\u017eite posao u inozemstvu sa uklju\u010denim smje\u0161tajem? Nizozemska je glavno odredi\u0161te za kvalificirane radnike koji tra\u017ee dobro pla\u0107ene poslove i&#8230;\t\t\t\t\t\t\t\t\t\t<\/div>\r\n\t\t\t\t\t\t\t\t\t\t<a href=\"https:\/\/hellart.work\/hr\/news\/rad-u-nizozemskoj-sa-smjestajem-najbolje-mogucnosti-za-posao\/\" class=\"news-more-link\">Read More<\/a>\r\n\t\t\t\t\t\t\t\t\t\t\t\t\t\t\t\t\t<\/div><!-- .entry-content -->\r\n\t\t\t\t\t\t\t\t\t\t\t\t\t<\/div>\r\n\t\t\t\t\t<\/div>\r\n\t\t\t\t<\/div><!-- #post-## -->\r\n\t\t\t<\/div><!-- #post-## -->\r\n\t\t\r\n\t\t\t<div id=\"post-4024\" class=\"news type-news wpnaw-blog-class has-date news-col-3\">\r\n\t\t\t\t<div class=\"news-inner-wrap-view news-clearfix \">\r\n\r\n\t\t\t\t\t\t\t\t\t\t<div class=\"news-thumb\">\r\n\t\t\t\t\t\t\t\t\t\t\t\t\t<div class=\"grid-news-thumb\">\r\n\t\t\t\t\t\t\t\t<a href=\"https:\/\/hellart.work\/hr\/news\/posao-u-skladistu-u-nizozemskoj-sa-smjestajem\/\"><img loading=\"lazy\" decoding=\"async\" width=\"768\" height=\"504\" src=\"https:\/\/hellart.work\/wp-content\/uploads\/2024\/09\/warehouse-worker-with-experience-utrecht-in-netherlands-768x504.png\" class=\"attachment-medium_large size-medium_large wp-post-image\" alt=\"warehouse-worker-with-experience-utrecht-in-netherlands.\" srcset=\"https:\/\/hellart.work\/wp-content\/uploads\/2024\/09\/warehouse-worker-with-experience-utrecht-in-netherlands-768x504.png 768w, https:\/\/hellart.work\/wp-content\/uploads\/2024\/09\/warehouse-worker-with-experience-utrecht-in-netherlands-300x197.png 300w, https:\/\/hellart.work\/wp-content\/uploads\/2024\/09\/warehouse-worker-with-experience-utrecht-in-netherlands.png 929w\" sizes=\"auto, (max-width: 768px) 100vw, 768px\" \/><\/a>\r\n\t\t\t\t\t\t\t<\/div>\r\n\t\t\t\t\t\t\t\t\t\t\t<\/div>\r\n\t\t\t\t\t\r\n\t\t\t\t\t<div class=\"news-content\">\r\n\t\t\t\t\t\t\t\t\t\t\t\t\t<div class=\"grid-date-post\">\r\n\t\t\t\t\t\t\t\t14. sije\u010dnja 2025.\t\t\t\t\t\t\t<\/div>\r\n\t\t\t\t\t\t\r\n\t\t\t\t\t\t<div class=\"post-content-text\">\r\n\t\t\t\t\t\t\t<h3 class=\"news-title\"><a href=\"https:\/\/hellart.work\/hr\/news\/posao-u-skladistu-u-nizozemskoj-sa-smjestajem\/\" rel=\"bookmark\">Posao u skladi\u0161tu u Nizozemskoj sa smje\u0161tajem<\/a><\/h3>\t\t\t\t\t\t\t\t<div class=\"news-content-excerpt\">\r\n\t\t\t\t\t\t\t\t\t\t\t\t\t\t\t\t\t\t\t<div class=\"news-short-content\">\r\n\t\t\t\t\t\t\t\t\t\t\tNizozemska je jedna od najboljih opcija za one koji tra\u017ee posao u inozemstvu. Mnogi gradovi u zemlji nude slobodna radna&#8230;\t\t\t\t\t\t\t\t\t\t<\/div>\r\n\t\t\t\t\t\t\t\t\t\t<a href=\"https:\/\/hellart.work\/hr\/news\/posao-u-skladistu-u-nizozemskoj-sa-smjestajem\/\" class=\"news-more-link\">Read More<\/a>\r\n\t\t\t\t\t\t\t\t\t\t\t\t\t\t\t\t\t<\/div><!-- .entry-content -->\r\n\t\t\t\t\t\t\t\t\t\t\t\t\t<\/div>\r\n\t\t\t\t\t<\/div>\r\n\t\t\t\t<\/div><!-- #post-## -->\r\n\t\t\t<\/div><!-- #post-## -->\r\n\t\t\r\n\t\t\t<div id=\"post-3847\" class=\"news type-news wpnaw-blog-class has-date news-col-3 wpnaw-last\">\r\n\t\t\t\t<div class=\"news-inner-wrap-view news-clearfix \">\r\n\r\n\t\t\t\t\t\t\t\t\t\t<div class=\"news-thumb\">\r\n\t\t\t\t\t\t\t\t\t\t\t\t\t<div class=\"grid-news-thumb\">\r\n\t\t\t\t\t\t\t\t<a href=\"https:\/\/hellart.work\/hr\/news\/rad-u-nizozemskoj-sa-smjestajem-popularna-radna-mjesta-i-uvjeti\/\"><img loading=\"lazy\" decoding=\"async\" width=\"768\" height=\"432\" src=\"https:\/\/hellart.work\/wp-content\/uploads\/2024\/11\/too-valismaal-768x432.png\" class=\"attachment-medium_large size-medium_large wp-post-image\" alt=\"\" srcset=\"https:\/\/hellart.work\/wp-content\/uploads\/2024\/11\/too-valismaal-768x432.png 768w, https:\/\/hellart.work\/wp-content\/uploads\/2024\/11\/too-valismaal-300x169.png 300w, https:\/\/hellart.work\/wp-content\/uploads\/2024\/11\/too-valismaal-1024x576.png 1024w, https:\/\/hellart.work\/wp-content\/uploads\/2024\/11\/too-valismaal-1536x864.png 1536w, https:\/\/hellart.work\/wp-content\/uploads\/2024\/11\/too-valismaal-2048x1152.png 2048w\" sizes=\"auto, (max-width: 768px) 100vw, 768px\" \/><\/a>\r\n\t\t\t\t\t\t\t<\/div>\r\n\t\t\t\t\t\t\t\t\t\t\t<\/div>\r\n\t\t\t\t\t\r\n\t\t\t\t\t<div class=\"news-content\">\r\n\t\t\t\t\t\t\t\t\t\t\t\t\t<div class=\"grid-date-post\">\r\n\t\t\t\t\t\t\t\t5. studenoga 2024.\t\t\t\t\t\t\t<\/div>\r\n\t\t\t\t\t\t\r\n\t\t\t\t\t\t<div class=\"post-content-text\">\r\n\t\t\t\t\t\t\t<h3 class=\"news-title\"><a href=\"https:\/\/hellart.work\/hr\/news\/rad-u-nizozemskoj-sa-smjestajem-popularna-radna-mjesta-i-uvjeti\/\" rel=\"bookmark\">Rad u Nizozemskoj sa smje\u0161tajem: popularna radna mjesta i uvjeti<\/a><\/h3>\t\t\t\t\t\t\t\t<div class=\"news-content-excerpt\">\r\n\t\t\t\t\t\t\t\t\t\t\t\t\t\t\t\t\t\t\t<div class=\"news-short-content\">\r\n\t\t\t\t\t\t\t\t\t\t\tRad u inozemstvu prilika je ne samo za pobolj\u0161anje financijske situacije, ve\u0107 i za stjecanje me\u0111unarodnog iskustva u karijeri. Nizozemska,&#8230;\t\t\t\t\t\t\t\t\t\t<\/div>\r\n\t\t\t\t\t\t\t\t\t\t<a href=\"https:\/\/hellart.work\/hr\/news\/rad-u-nizozemskoj-sa-smjestajem-popularna-radna-mjesta-i-uvjeti\/\" class=\"news-more-link\">Read More<\/a>\r\n\t\t\t\t\t\t\t\t\t\t\t\t\t\t\t\t\t<\/div><!-- .entry-content -->\r\n\t\t\t\t\t\t\t\t\t\t\t\t\t<\/div>\r\n\t\t\t\t\t<\/div>\r\n\t\t\t\t<\/div><!-- #post-## -->\r\n\t\t\t<\/div><!-- #post-## -->\r\n\t\t\r\n\t\t\t<div id=\"post-3605\" class=\"news type-news wpnaw-blog-class has-date news-col-3 wpnaw-first\">\r\n\t\t\t\t<div class=\"news-inner-wrap-view news-clearfix \">\r\n\r\n\t\t\t\t\t\t\t\t\t\t<div class=\"news-thumb\">\r\n\t\t\t\t\t\t\t\t\t\t\t\t\t<div class=\"grid-news-thumb\">\r\n\t\t\t\t\t\t\t\t<a href=\"https:\/\/hellart.work\/hr\/news\/popis-najboljih-agencija-za-zaposljavanje-u-nizozemskoj\/\"><img loading=\"lazy\" decoding=\"async\" width=\"752\" height=\"465\" src=\"https:\/\/hellart.work\/wp-content\/uploads\/2024\/09\/Top-10-Recruitment-Agencies-in-Netherlands.jpg\" class=\"attachment-medium_large size-medium_large wp-post-image\" alt=\"\" srcset=\"https:\/\/hellart.work\/wp-content\/uploads\/2024\/09\/Top-10-Recruitment-Agencies-in-Netherlands.jpg 752w, https:\/\/hellart.work\/wp-content\/uploads\/2024\/09\/Top-10-Recruitment-Agencies-in-Netherlands-300x186.jpg 300w\" sizes=\"auto, (max-width: 752px) 100vw, 752px\" \/><\/a>\r\n\t\t\t\t\t\t\t<\/div>\r\n\t\t\t\t\t\t\t\t\t\t\t<\/div>\r\n\t\t\t\t\t\r\n\t\t\t\t\t<div class=\"news-content\">\r\n\t\t\t\t\t\t\t\t\t\t\t\t\t<div class=\"grid-date-post\">\r\n\t\t\t\t\t\t\t\t19. rujna 2024.\t\t\t\t\t\t\t<\/div>\r\n\t\t\t\t\t\t\r\n\t\t\t\t\t\t<div class=\"post-content-text\">\r\n\t\t\t\t\t\t\t<h3 class=\"news-title\"><a href=\"https:\/\/hellart.work\/hr\/news\/popis-najboljih-agencija-za-zaposljavanje-u-nizozemskoj\/\" rel=\"bookmark\">Popis najboljih agencija za zapo\u0161ljavanje u Nizozemskoj<\/a><\/h3>\t\t\t\t\t\t\t\t<div class=\"news-content-excerpt\">\r\n\t\t\t\t\t\t\t\t\t\t\t\t\t\t\t\t\t\t\t<div class=\"news-short-content\">\r\n\t\t\t\t\t\t\t\t\t\t\tNizozemska je dom \u0161irokog spektra agencija za zapo\u0161ljavanje koje se bave raznim industrijama, od logistike i proizvodnje do IT-a i&#8230;\t\t\t\t\t\t\t\t\t\t<\/div>\r\n\t\t\t\t\t\t\t\t\t\t<a href=\"https:\/\/hellart.work\/hr\/news\/popis-najboljih-agencija-za-zaposljavanje-u-nizozemskoj\/\" class=\"news-more-link\">Read More<\/a>\r\n\t\t\t\t\t\t\t\t\t\t\t\t\t\t\t\t\t<\/div><!-- .entry-content -->\r\n\t\t\t\t\t\t\t\t\t\t\t\t\t<\/div>\r\n\t\t\t\t\t<\/div>\r\n\t\t\t\t<\/div><!-- #post-## -->\r\n\t\t\t<\/div><!-- #post-## -->\r\n\t\t\r\n\t\t\t<div id=\"post-3608\" class=\"news type-news wpnaw-blog-class has-date news-col-3\">\r\n\t\t\t\t<div class=\"news-inner-wrap-view news-clearfix \">\r\n\r\n\t\t\t\t\t\t\t\t\t\t<div class=\"news-thumb\">\r\n\t\t\t\t\t\t\t\t\t\t\t\t\t<div class=\"grid-news-thumb\">\r\n\t\t\t\t\t\t\t\t<a href=\"https:\/\/hellart.work\/hr\/news\/zasto-je-nizozemska-odlicno-mjesto-za-rad-prednosti-zaposljavanja-u-nizozemskoj\/\"><img loading=\"lazy\" decoding=\"async\" width=\"768\" height=\"512\" src=\"https:\/\/hellart.work\/wp-content\/uploads\/2024\/09\/Order-picker-with-EPT-experience-Fresh-department-768x512.jpg\" class=\"attachment-medium_large size-medium_large wp-post-image\" alt=\"\" srcset=\"https:\/\/hellart.work\/wp-content\/uploads\/2024\/09\/Order-picker-with-EPT-experience-Fresh-department-768x512.jpg 768w, https:\/\/hellart.work\/wp-content\/uploads\/2024\/09\/Order-picker-with-EPT-experience-Fresh-department-300x200.jpg 300w, https:\/\/hellart.work\/wp-content\/uploads\/2024\/09\/Order-picker-with-EPT-experience-Fresh-department-1024x682.jpg 1024w, https:\/\/hellart.work\/wp-content\/uploads\/2024\/09\/Order-picker-with-EPT-experience-Fresh-department-1536x1024.jpg 1536w, https:\/\/hellart.work\/wp-content\/uploads\/2024\/09\/Order-picker-with-EPT-experience-Fresh-department.jpg 1601w\" sizes=\"auto, (max-width: 768px) 100vw, 768px\" \/><\/a>\r\n\t\t\t\t\t\t\t<\/div>\r\n\t\t\t\t\t\t\t\t\t\t\t<\/div>\r\n\t\t\t\t\t\r\n\t\t\t\t\t<div class=\"news-content\">\r\n\t\t\t\t\t\t\t\t\t\t\t\t\t<div class=\"grid-date-post\">\r\n\t\t\t\t\t\t\t\t3. rujna 2024.\t\t\t\t\t\t\t<\/div>\r\n\t\t\t\t\t\t\r\n\t\t\t\t\t\t<div class=\"post-content-text\">\r\n\t\t\t\t\t\t\t<h3 class=\"news-title\"><a href=\"https:\/\/hellart.work\/hr\/news\/zasto-je-nizozemska-odlicno-mjesto-za-rad-prednosti-zaposljavanja-u-nizozemskoj\/\" rel=\"bookmark\">Za\u0161to je Nizozemska odli\u010dno mjesto za rad: Prednosti zapo\u0161ljavanja u Nizozemskoj<\/a><\/h3>\t\t\t\t\t\t\t\t<div class=\"news-content-excerpt\">\r\n\t\t\t\t\t\t\t\t\t\t\t\t\t\t\t\t\t\t\t<div class=\"news-short-content\">\r\n\t\t\t\t\t\t\t\t\t\t\tNizozemska je postala jedno od najatraktivnijih europskih odredi\u0161ta za stru\u010dnjake koji tra\u017ee nove prilike. S uspje\u0161nim gospodarstvom, progresivnom radnom kulturom&#8230;\t\t\t\t\t\t\t\t\t\t<\/div>\r\n\t\t\t\t\t\t\t\t\t\t<a href=\"https:\/\/hellart.work\/hr\/news\/zasto-je-nizozemska-odlicno-mjesto-za-rad-prednosti-zaposljavanja-u-nizozemskoj\/\" class=\"news-more-link\">Read More<\/a>\r\n\t\t\t\t\t\t\t\t\t\t\t\t\t\t\t\t\t<\/div><!-- .entry-content -->\r\n\t\t\t\t\t\t\t\t\t\t\t\t\t<\/div>\r\n\t\t\t\t\t<\/div>\r\n\t\t\t\t<\/div><!-- #post-## -->\r\n\t\t\t<\/div><!-- #post-## -->\r\n\t\t\r\n\t\t\t<div id=\"post-3610\" class=\"news type-news wpnaw-blog-class has-date news-col-3 wpnaw-last\">\r\n\t\t\t\t<div class=\"news-inner-wrap-view news-clearfix \">\r\n\r\n\t\t\t\t\t\t\t\t\t\t<div class=\"news-thumb\">\r\n\t\t\t\t\t\t\t\t\t\t\t\t\t<div class=\"grid-news-thumb\">\r\n\t\t\t\t\t\t\t\t<a href=\"https:\/\/hellart.work\/hr\/news\/kako-pronaci-posao-u-nizozemskoj-vodic-korak-po-korak-za-strane-trazitelje-posla\/\"><img loading=\"lazy\" decoding=\"async\" width=\"768\" height=\"481\" src=\"https:\/\/hellart.work\/wp-content\/uploads\/2024\/09\/Screenshot-2024-09-19-at-13.10.46-768x481.png\" class=\"attachment-medium_large size-medium_large wp-post-image\" alt=\"\" srcset=\"https:\/\/hellart.work\/wp-content\/uploads\/2024\/09\/Screenshot-2024-09-19-at-13.10.46-768x481.png 768w, https:\/\/hellart.work\/wp-content\/uploads\/2024\/09\/Screenshot-2024-09-19-at-13.10.46-300x188.png 300w, https:\/\/hellart.work\/wp-content\/uploads\/2024\/09\/Screenshot-2024-09-19-at-13.10.46-1024x642.png 1024w, https:\/\/hellart.work\/wp-content\/uploads\/2024\/09\/Screenshot-2024-09-19-at-13.10.46.png 1248w\" sizes=\"auto, (max-width: 768px) 100vw, 768px\" \/><\/a>\r\n\t\t\t\t\t\t\t<\/div>\r\n\t\t\t\t\t\t\t\t\t\t\t<\/div>\r\n\t\t\t\t\t\r\n\t\t\t\t\t<div class=\"news-content\">\r\n\t\t\t\t\t\t\t\t\t\t\t\t\t<div class=\"grid-date-post\">\r\n\t\t\t\t\t\t\t\t18. kolovoza 2024.\t\t\t\t\t\t\t<\/div>\r\n\t\t\t\t\t\t\r\n\t\t\t\t\t\t<div class=\"post-content-text\">\r\n\t\t\t\t\t\t\t<h3 class=\"news-title\"><a href=\"https:\/\/hellart.work\/hr\/news\/kako-pronaci-posao-u-nizozemskoj-vodic-korak-po-korak-za-strane-trazitelje-posla\/\" rel=\"bookmark\">Kako prona\u0107i posao u Nizozemskoj: Vodi\u010d korak po korak za strane tra\u017eitelje posla<\/a><\/h3>\t\t\t\t\t\t\t\t<div class=\"news-content-excerpt\">\r\n\t\t\t\t\t\t\t\t\t\t\t\t\t\t\t\t\t\t\t<div class=\"news-short-content\">\r\n\t\t\t\t\t\t\t\t\t\t\tPronala\u017eenje posla u Nizozemskoj kao stranac mo\u017ee biti uzbudljivo, ali i izazovno iskustvo. S pravim znanjem i strategijama mo\u017eete pove\u0107ati&#8230;\t\t\t\t\t\t\t\t\t\t<\/div>\r\n\t\t\t\t\t\t\t\t\t\t<a href=\"https:\/\/hellart.work\/hr\/news\/kako-pronaci-posao-u-nizozemskoj-vodic-korak-po-korak-za-strane-trazitelje-posla\/\" class=\"news-more-link\">Read More<\/a>\r\n\t\t\t\t\t\t\t\t\t\t\t\t\t\t\t\t\t<\/div><!-- .entry-content -->\r\n\t\t\t\t\t\t\t\t\t\t\t\t\t<\/div>\r\n\t\t\t\t\t<\/div>\r\n\t\t\t\t<\/div><!-- #post-## -->\r\n\t\t\t<\/div><!-- #post-## -->\r\n\t\t\r\n\t\t\t<div id=\"post-3614\" class=\"news type-news wpnaw-blog-class has-date news-col-3 wpnaw-first\">\r\n\t\t\t\t<div class=\"news-inner-wrap-view news-clearfix \">\r\n\r\n\t\t\t\t\t\t\t\t\t\t<div class=\"news-thumb\">\r\n\t\t\t\t\t\t\t\t\t\t\t\t\t<div class=\"grid-news-thumb\">\r\n\t\t\t\t\t\t\t\t<a href=\"https:\/\/hellart.work\/hr\/news\/uvod-u-rad-u-nizozemskoj\/\"><img loading=\"lazy\" decoding=\"async\" width=\"768\" height=\"513\" src=\"https:\/\/hellart.work\/wp-content\/uploads\/2024\/09\/Order-picker-with-VOG-2-768x513.jpg\" class=\"attachment-medium_large size-medium_large wp-post-image\" alt=\"\" srcset=\"https:\/\/hellart.work\/wp-content\/uploads\/2024\/09\/Order-picker-with-VOG-2-768x513.jpg 768w, https:\/\/hellart.work\/wp-content\/uploads\/2024\/09\/Order-picker-with-VOG-2-300x200.jpg 300w, https:\/\/hellart.work\/wp-content\/uploads\/2024\/09\/Order-picker-with-VOG-2-1024x683.jpg 1024w, https:\/\/hellart.work\/wp-content\/uploads\/2024\/09\/Order-picker-with-VOG-2-1536x1025.jpg 1536w, https:\/\/hellart.work\/wp-content\/uploads\/2024\/09\/Order-picker-with-VOG-2-2048x1367.jpg 2048w\" sizes=\"auto, (max-width: 768px) 100vw, 768px\" \/><\/a>\r\n\t\t\t\t\t\t\t<\/div>\r\n\t\t\t\t\t\t\t\t\t\t\t<\/div>\r\n\t\t\t\t\t\r\n\t\t\t\t\t<div class=\"news-content\">\r\n\t\t\t\t\t\t\t\t\t\t\t\t\t<div class=\"grid-date-post\">\r\n\t\t\t\t\t\t\t\t3. kolovoza 2024.\t\t\t\t\t\t\t<\/div>\r\n\t\t\t\t\t\t\r\n\t\t\t\t\t\t<div class=\"post-content-text\">\r\n\t\t\t\t\t\t\t<h3 class=\"news-title\"><a href=\"https:\/\/hellart.work\/hr\/news\/uvod-u-rad-u-nizozemskoj\/\" rel=\"bookmark\">Uvod u rad u Nizozemskoj<\/a><\/h3>\t\t\t\t\t\t\t\t<div class=\"news-content-excerpt\">\r\n\t\t\t\t\t\t\t\t\t\t\t\t\t\t\t\t\t\t\t<div class=\"news-short-content\">\r\n\t\t\t\t\t\t\t\t\t\t\t1. Uvod u rad u Nizozemskoj Nizozemsko tr\u017ei\u0161te rada dosljedno je otvoreno za me\u0111unarodne radnike zbog otvorenog gospodarstva zemlje i&#8230;\t\t\t\t\t\t\t\t\t\t<\/div>\r\n\t\t\t\t\t\t\t\t\t\t<a href=\"https:\/\/hellart.work\/hr\/news\/uvod-u-rad-u-nizozemskoj\/\" class=\"news-more-link\">Read More<\/a>\r\n\t\t\t\t\t\t\t\t\t\t\t\t\t\t\t\t\t<\/div><!-- .entry-content -->\r\n\t\t\t\t\t\t\t\t\t\t\t\t\t<\/div>\r\n\t\t\t\t\t<\/div>\r\n\t\t\t\t<\/div><!-- #post-## -->\r\n\t\t\t<\/div><!-- #post-## -->\r\n\t\t\r\n\t\t\t<div id=\"post-3616\" class=\"news type-news wpnaw-blog-class has-date news-col-3\">\r\n\t\t\t\t<div class=\"news-inner-wrap-view news-clearfix \">\r\n\r\n\t\t\t\t\t\t\t\t\t\t<div class=\"news-thumb\">\r\n\t\t\t\t\t\t\t\t\t\t\t\t\t<div class=\"grid-news-thumb\">\r\n\t\t\t\t\t\t\t\t<a href=\"https:\/\/hellart.work\/hr\/news\/trazite-posao-u-nizozemskoj-bez-diplome\/\"><img loading=\"lazy\" decoding=\"async\" width=\"768\" height=\"356\" src=\"https:\/\/hellart.work\/wp-content\/uploads\/2024\/09\/Production-worker-768x356.jpg\" class=\"attachment-medium_large size-medium_large wp-post-image\" alt=\"\" srcset=\"https:\/\/hellart.work\/wp-content\/uploads\/2024\/09\/Production-worker-768x356.jpg 768w, https:\/\/hellart.work\/wp-content\/uploads\/2024\/09\/Production-worker-300x139.jpg 300w, https:\/\/hellart.work\/wp-content\/uploads\/2024\/09\/Production-worker-1024x475.jpg 1024w, https:\/\/hellart.work\/wp-content\/uploads\/2024\/09\/Production-worker-1536x712.jpg 1536w, https:\/\/hellart.work\/wp-content\/uploads\/2024\/09\/Production-worker-2048x949.jpg 2048w\" sizes=\"auto, (max-width: 768px) 100vw, 768px\" \/><\/a>\r\n\t\t\t\t\t\t\t<\/div>\r\n\t\t\t\t\t\t\t\t\t\t\t<\/div>\r\n\t\t\t\t\t\r\n\t\t\t\t\t<div class=\"news-content\">\r\n\t\t\t\t\t\t\t\t\t\t\t\t\t<div class=\"grid-date-post\">\r\n\t\t\t\t\t\t\t\t25. srpnja 2024.\t\t\t\t\t\t\t<\/div>\r\n\t\t\t\t\t\t\r\n\t\t\t\t\t\t<div class=\"post-content-text\">\r\n\t\t\t\t\t\t\t<h3 class=\"news-title\"><a href=\"https:\/\/hellart.work\/hr\/news\/trazite-posao-u-nizozemskoj-bez-diplome\/\" rel=\"bookmark\">Tra\u017eite posao u Nizozemskoj bez diplome?<\/a><\/h3>\t\t\t\t\t\t\t\t<div class=\"news-content-excerpt\">\r\n\t\t\t\t\t\t\t\t\t\t\t\t\t\t\t\t\t\t\t<div class=\"news-short-content\">\r\n\t\t\t\t\t\t\t\t\t\t\tDo\u0161li ste na pravo mjesto! Nudimo \u0161irok raspon mogu\u0107nosti zapo\u0161ljavanja kod vrhunskih poslodavaca u industrijama kao \u0161to su pakiranje, logistika,&#8230;\t\t\t\t\t\t\t\t\t\t<\/div>\r\n\t\t\t\t\t\t\t\t\t\t<a href=\"https:\/\/hellart.work\/hr\/news\/trazite-posao-u-nizozemskoj-bez-diplome\/\" class=\"news-more-link\">Read More<\/a>\r\n\t\t\t\t\t\t\t\t\t\t\t\t\t\t\t\t\t<\/div><!-- .entry-content -->\r\n\t\t\t\t\t\t\t\t\t\t\t\t\t<\/div>\r\n\t\t\t\t\t<\/div>\r\n\t\t\t\t<\/div><!-- #post-## -->\r\n\t\t\t<\/div><!-- #post-## -->\r\n\t\t\r\n\t\t\t<div id=\"post-3620\" class=\"news type-news wpnaw-blog-class has-date news-col-3 wpnaw-last\">\r\n\t\t\t\t<div class=\"news-inner-wrap-view news-clearfix \">\r\n\r\n\t\t\t\t\t\t\t\t\t\t<div class=\"news-thumb\">\r\n\t\t\t\t\t\t\t\t\t\t\t\t\t<div class=\"grid-news-thumb\">\r\n\t\t\t\t\t\t\t\t<a href=\"https:\/\/hellart.work\/hr\/news\/rad-u-nizozemskoj-sa-smjestajem\/\"><img loading=\"lazy\" decoding=\"async\" width=\"768\" height=\"502\" src=\"https:\/\/hellart.work\/wp-content\/uploads\/2024\/09\/Work-in-netherlands-with-accommodation--768x502.jpeg\" class=\"attachment-medium_large size-medium_large wp-post-image\" alt=\"\" srcset=\"https:\/\/hellart.work\/wp-content\/uploads\/2024\/09\/Work-in-netherlands-with-accommodation--768x502.jpeg 768w, https:\/\/hellart.work\/wp-content\/uploads\/2024\/09\/Work-in-netherlands-with-accommodation--300x196.jpeg 300w, https:\/\/hellart.work\/wp-content\/uploads\/2024\/09\/Work-in-netherlands-with-accommodation--1024x670.jpeg 1024w, https:\/\/hellart.work\/wp-content\/uploads\/2024\/09\/Work-in-netherlands-with-accommodation--1536x1004.jpeg 1536w, https:\/\/hellart.work\/wp-content\/uploads\/2024\/09\/Work-in-netherlands-with-accommodation-.jpeg 2048w\" sizes=\"auto, (max-width: 768px) 100vw, 768px\" \/><\/a>\r\n\t\t\t\t\t\t\t<\/div>\r\n\t\t\t\t\t\t\t\t\t\t\t<\/div>\r\n\t\t\t\t\t\r\n\t\t\t\t\t<div class=\"news-content\">\r\n\t\t\t\t\t\t\t\t\t\t\t\t\t<div class=\"grid-date-post\">\r\n\t\t\t\t\t\t\t\t1. srpnja 2024.\t\t\t\t\t\t\t<\/div>\r\n\t\t\t\t\t\t\r\n\t\t\t\t\t\t<div class=\"post-content-text\">\r\n\t\t\t\t\t\t\t<h3 class=\"news-title\"><a href=\"https:\/\/hellart.work\/hr\/news\/rad-u-nizozemskoj-sa-smjestajem\/\" rel=\"bookmark\">Rad u Nizozemskoj sa smje\u0161tajem<\/a><\/h3>\t\t\t\t\t\t\t\t<div class=\"news-content-excerpt\">\r\n\t\t\t\t\t\t\t\t\t\t\t\t\t\t\t\t\t\t\t<div class=\"news-short-content\">\r\n\t\t\t\t\t\t\t\t\t\t\tTra\u017eite li posao u Nizozemskoj za koji nije potrebna diploma? Na pravom ste mjestu! Nudimo \u0161irok raspon slobodnih radnih mjesta&#8230;\t\t\t\t\t\t\t\t\t\t<\/div>\r\n\t\t\t\t\t\t\t\t\t\t<a href=\"https:\/\/hellart.work\/hr\/news\/rad-u-nizozemskoj-sa-smjestajem\/\" class=\"news-more-link\">Read More<\/a>\r\n\t\t\t\t\t\t\t\t\t\t\t\t\t\t\t\t\t<\/div><!-- .entry-content -->\r\n\t\t\t\t\t\t\t\t\t\t\t\t\t<\/div>\r\n\t\t\t\t\t<\/div>\r\n\t\t\t\t<\/div><!-- #post-## -->\r\n\t\t\t<\/div><!-- #post-## -->\r\n\t\t\t<\/div>\r\n\r\n\t\n\n\n<p><\/p>\n","protected":false},"excerpt":{"rendered":"","protected":false},"author":1,"featured_media":0,"parent":0,"menu_order":0,"comment_status":"closed","ping_status":"closed","template":"","meta":{"_monsterinsights_skip_tracking":false,"_monsterinsights_sitenote_active":false,"_monsterinsights_sitenote_note":"","_monsterinsights_sitenote_category":0,"_uf_show_specific_survey":0,"_uf_disable_surveys":false,"footnotes":""},"class_list":["post-2551","page","type-page","status-publish","hentry"],"blocksy_meta":[],"_links":{"self":[{"href":"https:\/\/hellart.work\/hr\/wp-json\/wp\/v2\/pages\/2551","targetHints":{"allow":["GET"]}}],"collection":[{"href":"https:\/\/hellart.work\/hr\/wp-json\/wp\/v2\/pages"}],"about":[{"href":"https:\/\/hellart.work\/hr\/wp-json\/wp\/v2\/types\/page"}],"author":[{"embeddable":true,"href":"https:\/\/hellart.work\/hr\/wp-json\/wp\/v2\/users\/1"}],"replies":[{"embeddable":true,"href":"https:\/\/hellart.work\/hr\/wp-json\/wp\/v2\/comments?post=2551"}],"version-history":[{"count":1,"href":"https:\/\/hellart.work\/hr\/wp-json\/wp\/v2\/pages\/2551\/revisions"}],"predecessor-version":[{"id":2552,"href":"https:\/\/hellart.work\/hr\/wp-json\/wp\/v2\/pages\/2551\/revisions\/2552"}],"wp:attachment":[{"href":"https:\/\/hellart.work\/hr\/wp-json\/wp\/v2\/media?parent=2551"}],"curies":[{"name":"wp","href":"https:\/\/api.w.org\/{rel}","templated":true}]}}