{"id":2165,"date":"2024-09-22T12:57:06","date_gmt":"2024-09-22T12:57:06","guid":{"rendered":"https:\/\/hellart.work\/nasze-wiadomosci\/"},"modified":"2024-09-23T11:15:18","modified_gmt":"2024-09-23T11:15:18","slug":"nasze-wiadomosci","status":"publish","type":"page","link":"https:\/\/hellart.work\/pl\/nasze-wiadomosci\/","title":{"rendered":"Nasze wiadomo\u015bci"},"content":{"rendered":"\t<div class=\"wpnawfree-plugin news-clearfix \" id=\"wpnw-news-1\">\r\n\r\n\t\t\r\n\t\t\t<div id=\"post-4098\" class=\"news type-news wpnaw-blog-class has-date news-col-3 wpnaw-first\">\r\n\t\t\t\t<div class=\"news-inner-wrap-view news-clearfix \">\r\n\r\n\t\t\t\t\t\t\t\t\t\t<div class=\"news-thumb\">\r\n\t\t\t\t\t\t\t\t\t\t\t\t\t<div class=\"grid-news-thumb\">\r\n\t\t\t\t\t\t\t\t<a href=\"https:\/\/hellart.work\/pl\/news\/praca-w-holandii-z-zakwaterowaniem-najlepsze-oferty-pracy\/\"><img loading=\"lazy\" decoding=\"async\" width=\"768\" height=\"512\" src=\"https:\/\/hellart.work\/wp-content\/uploads\/2025\/01\/cnc_operator-min_vhn0t5d-768x512.jpg\" class=\"attachment-medium_large size-medium_large wp-post-image\" alt=\"\" srcset=\"https:\/\/hellart.work\/wp-content\/uploads\/2025\/01\/cnc_operator-min_vhn0t5d-768x512.jpg 768w, https:\/\/hellart.work\/wp-content\/uploads\/2025\/01\/cnc_operator-min_vhn0t5d-300x200.jpg 300w, https:\/\/hellart.work\/wp-content\/uploads\/2025\/01\/cnc_operator-min_vhn0t5d-1024x683.jpg 1024w, https:\/\/hellart.work\/wp-content\/uploads\/2025\/01\/cnc_operator-min_vhn0t5d-1536x1024.jpg 1536w, https:\/\/hellart.work\/wp-content\/uploads\/2025\/01\/cnc_operator-min_vhn0t5d-2048x1365.jpg 2048w\" sizes=\"auto, (max-width: 768px) 100vw, 768px\" \/><\/a>\r\n\t\t\t\t\t\t\t<\/div>\r\n\t\t\t\t\t\t\t\t\t\t\t<\/div>\r\n\t\t\t\t\t\r\n\t\t\t\t\t<div class=\"news-content\">\r\n\t\t\t\t\t\t\t\t\t\t\t\t\t<div class=\"grid-date-post\">\r\n\t\t\t\t\t\t\t\t2025-01-20\t\t\t\t\t\t\t<\/div>\r\n\t\t\t\t\t\t\r\n\t\t\t\t\t\t<div class=\"post-content-text\">\r\n\t\t\t\t\t\t\t<h3 class=\"news-title\"><a href=\"https:\/\/hellart.work\/pl\/news\/praca-w-holandii-z-zakwaterowaniem-najlepsze-oferty-pracy\/\" rel=\"bookmark\">Praca w Holandii z zakwaterowaniem: najlepsze oferty pracy<\/a><\/h3>\t\t\t\t\t\t\t\t<div class=\"news-content-excerpt\">\r\n\t\t\t\t\t\t\t\t\t\t\t\t\t\t\t\t\t\t\t<div class=\"news-short-content\">\r\n\t\t\t\t\t\t\t\t\t\t\tSzukasz pracy za granic\u0105 z zakwaterowaniem? Holandia to g\u0142\u00f3wny cel dla wykwalifikowanych pracownik\u00f3w poszukuj\u0105cych dobrze p\u0142atnych stanowisk i doskona\u0142ych warunk\u00f3w&#8230;\t\t\t\t\t\t\t\t\t\t<\/div>\r\n\t\t\t\t\t\t\t\t\t\t<a href=\"https:\/\/hellart.work\/pl\/news\/praca-w-holandii-z-zakwaterowaniem-najlepsze-oferty-pracy\/\" class=\"news-more-link\">Czytaj wi\u0119cej<\/a>\r\n\t\t\t\t\t\t\t\t\t\t\t\t\t\t\t\t\t<\/div><!-- .entry-content -->\r\n\t\t\t\t\t\t\t\t\t\t\t\t\t<\/div>\r\n\t\t\t\t\t<\/div>\r\n\t\t\t\t<\/div><!-- #post-## -->\r\n\t\t\t<\/div><!-- #post-## -->\r\n\t\t\r\n\t\t\t<div id=\"post-4040\" class=\"news type-news wpnaw-blog-class has-date news-col-3\">\r\n\t\t\t\t<div class=\"news-inner-wrap-view news-clearfix \">\r\n\r\n\t\t\t\t\t\t\t\t\t\t<div class=\"news-thumb\">\r\n\t\t\t\t\t\t\t\t\t\t\t\t\t<div class=\"grid-news-thumb\">\r\n\t\t\t\t\t\t\t\t<a href=\"https:\/\/hellart.work\/pl\/news\/praca-w-magazynie-w-holandii-z-zakwaterowaniem\/\"><img loading=\"lazy\" decoding=\"async\" width=\"768\" height=\"504\" src=\"https:\/\/hellart.work\/wp-content\/uploads\/2024\/09\/warehouse-worker-with-experience-utrecht-in-netherlands-768x504.png\" class=\"attachment-medium_large size-medium_large wp-post-image\" alt=\"warehouse-worker-with-experience-utrecht-in-netherlands.\" srcset=\"https:\/\/hellart.work\/wp-content\/uploads\/2024\/09\/warehouse-worker-with-experience-utrecht-in-netherlands-768x504.png 768w, https:\/\/hellart.work\/wp-content\/uploads\/2024\/09\/warehouse-worker-with-experience-utrecht-in-netherlands-300x197.png 300w, https:\/\/hellart.work\/wp-content\/uploads\/2024\/09\/warehouse-worker-with-experience-utrecht-in-netherlands.png 929w\" sizes=\"auto, (max-width: 768px) 100vw, 768px\" \/><\/a>\r\n\t\t\t\t\t\t\t<\/div>\r\n\t\t\t\t\t\t\t\t\t\t\t<\/div>\r\n\t\t\t\t\t\r\n\t\t\t\t\t<div class=\"news-content\">\r\n\t\t\t\t\t\t\t\t\t\t\t\t\t<div class=\"grid-date-post\">\r\n\t\t\t\t\t\t\t\t2025-01-14\t\t\t\t\t\t\t<\/div>\r\n\t\t\t\t\t\t\r\n\t\t\t\t\t\t<div class=\"post-content-text\">\r\n\t\t\t\t\t\t\t<h3 class=\"news-title\"><a href=\"https:\/\/hellart.work\/pl\/news\/praca-w-magazynie-w-holandii-z-zakwaterowaniem\/\" rel=\"bookmark\">Praca w magazynie w Holandii z zakwaterowaniem<\/a><\/h3>\t\t\t\t\t\t\t\t<div class=\"news-content-excerpt\">\r\n\t\t\t\t\t\t\t\t\t\t\t\t\t\t\t\t\t\t\t<div class=\"news-short-content\">\r\n\t\t\t\t\t\t\t\t\t\t\tHolandia jest jedn\u0105 z najlepszych opcji dla os\u00f3b poszukuj\u0105cych pracy za granic\u0105. Wiele miast w kraju oferuje oferty pracy w&#8230;\t\t\t\t\t\t\t\t\t\t<\/div>\r\n\t\t\t\t\t\t\t\t\t\t<a href=\"https:\/\/hellart.work\/pl\/news\/praca-w-magazynie-w-holandii-z-zakwaterowaniem\/\" class=\"news-more-link\">Czytaj wi\u0119cej<\/a>\r\n\t\t\t\t\t\t\t\t\t\t\t\t\t\t\t\t\t<\/div><!-- .entry-content -->\r\n\t\t\t\t\t\t\t\t\t\t\t\t\t<\/div>\r\n\t\t\t\t\t<\/div>\r\n\t\t\t\t<\/div><!-- #post-## -->\r\n\t\t\t<\/div><!-- #post-## -->\r\n\t\t\r\n\t\t\t<div id=\"post-3861\" class=\"news type-news wpnaw-blog-class has-date news-col-3 wpnaw-last\">\r\n\t\t\t\t<div class=\"news-inner-wrap-view news-clearfix \">\r\n\r\n\t\t\t\t\t\t\t\t\t\t<div class=\"news-thumb\">\r\n\t\t\t\t\t\t\t\t\t\t\t\t\t<div class=\"grid-news-thumb\">\r\n\t\t\t\t\t\t\t\t<a href=\"https:\/\/hellart.work\/pl\/news\/praca-w-holandii-z-zakwaterowaniem-popularne-oferty-i-warunki\/\"><img loading=\"lazy\" decoding=\"async\" width=\"768\" height=\"432\" src=\"https:\/\/hellart.work\/wp-content\/uploads\/2024\/11\/too-valismaal-768x432.png\" class=\"attachment-medium_large size-medium_large wp-post-image\" alt=\"\" srcset=\"https:\/\/hellart.work\/wp-content\/uploads\/2024\/11\/too-valismaal-768x432.png 768w, https:\/\/hellart.work\/wp-content\/uploads\/2024\/11\/too-valismaal-300x169.png 300w, https:\/\/hellart.work\/wp-content\/uploads\/2024\/11\/too-valismaal-1024x576.png 1024w, https:\/\/hellart.work\/wp-content\/uploads\/2024\/11\/too-valismaal-1536x864.png 1536w, https:\/\/hellart.work\/wp-content\/uploads\/2024\/11\/too-valismaal-2048x1152.png 2048w\" sizes=\"auto, (max-width: 768px) 100vw, 768px\" \/><\/a>\r\n\t\t\t\t\t\t\t<\/div>\r\n\t\t\t\t\t\t\t\t\t\t\t<\/div>\r\n\t\t\t\t\t\r\n\t\t\t\t\t<div class=\"news-content\">\r\n\t\t\t\t\t\t\t\t\t\t\t\t\t<div class=\"grid-date-post\">\r\n\t\t\t\t\t\t\t\t2024-11-05\t\t\t\t\t\t\t<\/div>\r\n\t\t\t\t\t\t\r\n\t\t\t\t\t\t<div class=\"post-content-text\">\r\n\t\t\t\t\t\t\t<h3 class=\"news-title\"><a href=\"https:\/\/hellart.work\/pl\/news\/praca-w-holandii-z-zakwaterowaniem-popularne-oferty-i-warunki\/\" rel=\"bookmark\">Praca w Holandii z zakwaterowaniem: popularne oferty i warunki<\/a><\/h3>\t\t\t\t\t\t\t\t<div class=\"news-content-excerpt\">\r\n\t\t\t\t\t\t\t\t\t\t\t\t\t\t\t\t\t\t\t<div class=\"news-short-content\">\r\n\t\t\t\t\t\t\t\t\t\t\tPraca za granic\u0105 to okazja nie tylko na popraw\u0119 swojej sytuacji finansowej, ale tak\u017ce na zdobycie mi\u0119dzynarodowego do\u015bwiadczenia zawodowego. Holandia,&#8230;\t\t\t\t\t\t\t\t\t\t<\/div>\r\n\t\t\t\t\t\t\t\t\t\t<a href=\"https:\/\/hellart.work\/pl\/news\/praca-w-holandii-z-zakwaterowaniem-popularne-oferty-i-warunki\/\" class=\"news-more-link\">Czytaj wi\u0119cej<\/a>\r\n\t\t\t\t\t\t\t\t\t\t\t\t\t\t\t\t\t<\/div><!-- .entry-content -->\r\n\t\t\t\t\t\t\t\t\t\t\t\t\t<\/div>\r\n\t\t\t\t\t<\/div>\r\n\t\t\t\t<\/div><!-- #post-## -->\r\n\t\t\t<\/div><!-- #post-## -->\r\n\t\t\r\n\t\t\t<div id=\"post-3644\" class=\"news type-news wpnaw-blog-class has-date news-col-3 wpnaw-first\">\r\n\t\t\t\t<div class=\"news-inner-wrap-view news-clearfix \">\r\n\r\n\t\t\t\t\t\t\t\t\t\t<div class=\"news-thumb\">\r\n\t\t\t\t\t\t\t\t\t\t\t\t\t<div class=\"grid-news-thumb\">\r\n\t\t\t\t\t\t\t\t<a href=\"https:\/\/hellart.work\/pl\/news\/lista-najlepszych-agencji-rekrutacyjnych-w-holandii\/\"><img loading=\"lazy\" decoding=\"async\" width=\"752\" height=\"465\" src=\"https:\/\/hellart.work\/wp-content\/uploads\/2024\/09\/Top-10-Recruitment-Agencies-in-Netherlands.jpg\" class=\"attachment-medium_large size-medium_large wp-post-image\" alt=\"\" srcset=\"https:\/\/hellart.work\/wp-content\/uploads\/2024\/09\/Top-10-Recruitment-Agencies-in-Netherlands.jpg 752w, https:\/\/hellart.work\/wp-content\/uploads\/2024\/09\/Top-10-Recruitment-Agencies-in-Netherlands-300x186.jpg 300w\" sizes=\"auto, (max-width: 752px) 100vw, 752px\" \/><\/a>\r\n\t\t\t\t\t\t\t<\/div>\r\n\t\t\t\t\t\t\t\t\t\t\t<\/div>\r\n\t\t\t\t\t\r\n\t\t\t\t\t<div class=\"news-content\">\r\n\t\t\t\t\t\t\t\t\t\t\t\t\t<div class=\"grid-date-post\">\r\n\t\t\t\t\t\t\t\t2024-09-19\t\t\t\t\t\t\t<\/div>\r\n\t\t\t\t\t\t\r\n\t\t\t\t\t\t<div class=\"post-content-text\">\r\n\t\t\t\t\t\t\t<h3 class=\"news-title\"><a href=\"https:\/\/hellart.work\/pl\/news\/lista-najlepszych-agencji-rekrutacyjnych-w-holandii\/\" rel=\"bookmark\">Lista najlepszych agencji rekrutacyjnych w Holandii<\/a><\/h3>\t\t\t\t\t\t\t\t<div class=\"news-content-excerpt\">\r\n\t\t\t\t\t\t\t\t\t\t\t\t\t\t\t\t\t\t\t<div class=\"news-short-content\">\r\n\t\t\t\t\t\t\t\t\t\t\tHolandia jest domem dla szerokiej gamy agencji rekrutacyjnych obs\u0142uguj\u0105cych r\u00f3\u017cne bran\u017ce, od logistyki i produkcji po IT i opiek\u0119 zdrowotn\u0105&#8230;.\t\t\t\t\t\t\t\t\t\t<\/div>\r\n\t\t\t\t\t\t\t\t\t\t<a href=\"https:\/\/hellart.work\/pl\/news\/lista-najlepszych-agencji-rekrutacyjnych-w-holandii\/\" class=\"news-more-link\">Czytaj wi\u0119cej<\/a>\r\n\t\t\t\t\t\t\t\t\t\t\t\t\t\t\t\t\t<\/div><!-- .entry-content -->\r\n\t\t\t\t\t\t\t\t\t\t\t\t\t<\/div>\r\n\t\t\t\t\t<\/div>\r\n\t\t\t\t<\/div><!-- #post-## -->\r\n\t\t\t<\/div><!-- #post-## -->\r\n\t\t\r\n\t\t\t<div id=\"post-3671\" class=\"news type-news wpnaw-blog-class has-date news-col-3\">\r\n\t\t\t\t<div class=\"news-inner-wrap-view news-clearfix \">\r\n\r\n\t\t\t\t\t\t\t\t\t\t<div class=\"news-thumb\">\r\n\t\t\t\t\t\t\t\t\t\t\t\t\t<div class=\"grid-news-thumb\">\r\n\t\t\t\t\t\t\t\t<a href=\"https:\/\/hellart.work\/pl\/news\/dlaczego-holandia-jest-swietnym-miejscem-do-pracy-korzysci-plynace-z-zatrudnienia-w-holandii\/\"><img loading=\"lazy\" decoding=\"async\" width=\"768\" height=\"512\" src=\"https:\/\/hellart.work\/wp-content\/uploads\/2024\/09\/Order-picker-with-EPT-experience-Fresh-department-768x512.jpg\" class=\"attachment-medium_large size-medium_large wp-post-image\" alt=\"\" srcset=\"https:\/\/hellart.work\/wp-content\/uploads\/2024\/09\/Order-picker-with-EPT-experience-Fresh-department-768x512.jpg 768w, https:\/\/hellart.work\/wp-content\/uploads\/2024\/09\/Order-picker-with-EPT-experience-Fresh-department-300x200.jpg 300w, https:\/\/hellart.work\/wp-content\/uploads\/2024\/09\/Order-picker-with-EPT-experience-Fresh-department-1024x682.jpg 1024w, https:\/\/hellart.work\/wp-content\/uploads\/2024\/09\/Order-picker-with-EPT-experience-Fresh-department-1536x1024.jpg 1536w, https:\/\/hellart.work\/wp-content\/uploads\/2024\/09\/Order-picker-with-EPT-experience-Fresh-department.jpg 1601w\" sizes=\"auto, (max-width: 768px) 100vw, 768px\" \/><\/a>\r\n\t\t\t\t\t\t\t<\/div>\r\n\t\t\t\t\t\t\t\t\t\t\t<\/div>\r\n\t\t\t\t\t\r\n\t\t\t\t\t<div class=\"news-content\">\r\n\t\t\t\t\t\t\t\t\t\t\t\t\t<div class=\"grid-date-post\">\r\n\t\t\t\t\t\t\t\t2024-09-03\t\t\t\t\t\t\t<\/div>\r\n\t\t\t\t\t\t\r\n\t\t\t\t\t\t<div class=\"post-content-text\">\r\n\t\t\t\t\t\t\t<h3 class=\"news-title\"><a href=\"https:\/\/hellart.work\/pl\/news\/dlaczego-holandia-jest-swietnym-miejscem-do-pracy-korzysci-plynace-z-zatrudnienia-w-holandii\/\" rel=\"bookmark\">Dlaczego Holandia jest \u015bwietnym miejscem do pracy: Korzy\u015bci p\u0142yn\u0105ce z zatrudnienia w Holandii<\/a><\/h3>\t\t\t\t\t\t\t\t<div class=\"news-content-excerpt\">\r\n\t\t\t\t\t\t\t\t\t\t\t\t\t\t\t\t\t\t\t<div class=\"news-short-content\">\r\n\t\t\t\t\t\t\t\t\t\t\tHolandia sta\u0142a si\u0119 jednym z najbardziej atrakcyjnych miejsc w Europie dla profesjonalist\u00f3w poszukuj\u0105cych nowych mo\u017cliwo\u015bci. Dzi\u0119ki rozwijaj\u0105cej si\u0119 gospodarce, post\u0119powej&#8230;\t\t\t\t\t\t\t\t\t\t<\/div>\r\n\t\t\t\t\t\t\t\t\t\t<a href=\"https:\/\/hellart.work\/pl\/news\/dlaczego-holandia-jest-swietnym-miejscem-do-pracy-korzysci-plynace-z-zatrudnienia-w-holandii\/\" class=\"news-more-link\">Czytaj wi\u0119cej<\/a>\r\n\t\t\t\t\t\t\t\t\t\t\t\t\t\t\t\t\t<\/div><!-- .entry-content -->\r\n\t\t\t\t\t\t\t\t\t\t\t\t\t<\/div>\r\n\t\t\t\t\t<\/div>\r\n\t\t\t\t<\/div><!-- #post-## -->\r\n\t\t\t<\/div><!-- #post-## -->\r\n\t\t\r\n\t\t\t<div id=\"post-3775\" class=\"news type-news wpnaw-blog-class has-date news-col-3 wpnaw-last\">\r\n\t\t\t\t<div class=\"news-inner-wrap-view news-clearfix \">\r\n\r\n\t\t\t\t\t\t\t\t\t\t<div class=\"news-thumb\">\r\n\t\t\t\t\t\t\t\t\t\t\t\t\t<div class=\"grid-news-thumb\">\r\n\t\t\t\t\t\t\t\t<a href=\"https:\/\/hellart.work\/pl\/news\/jak-znalezc-prace-w-holandii-przewodnik-krok-po-kroku-dla-zagranicznych-poszukujacych-pracy\/\"><img loading=\"lazy\" decoding=\"async\" width=\"768\" height=\"481\" src=\"https:\/\/hellart.work\/wp-content\/uploads\/2024\/09\/Screenshot-2024-09-19-at-13.10.46-768x481.png\" class=\"attachment-medium_large size-medium_large wp-post-image\" alt=\"\" srcset=\"https:\/\/hellart.work\/wp-content\/uploads\/2024\/09\/Screenshot-2024-09-19-at-13.10.46-768x481.png 768w, https:\/\/hellart.work\/wp-content\/uploads\/2024\/09\/Screenshot-2024-09-19-at-13.10.46-300x188.png 300w, https:\/\/hellart.work\/wp-content\/uploads\/2024\/09\/Screenshot-2024-09-19-at-13.10.46-1024x642.png 1024w, https:\/\/hellart.work\/wp-content\/uploads\/2024\/09\/Screenshot-2024-09-19-at-13.10.46.png 1248w\" sizes=\"auto, (max-width: 768px) 100vw, 768px\" \/><\/a>\r\n\t\t\t\t\t\t\t<\/div>\r\n\t\t\t\t\t\t\t\t\t\t\t<\/div>\r\n\t\t\t\t\t\r\n\t\t\t\t\t<div class=\"news-content\">\r\n\t\t\t\t\t\t\t\t\t\t\t\t\t<div class=\"grid-date-post\">\r\n\t\t\t\t\t\t\t\t2024-08-18\t\t\t\t\t\t\t<\/div>\r\n\t\t\t\t\t\t\r\n\t\t\t\t\t\t<div class=\"post-content-text\">\r\n\t\t\t\t\t\t\t<h3 class=\"news-title\"><a href=\"https:\/\/hellart.work\/pl\/news\/jak-znalezc-prace-w-holandii-przewodnik-krok-po-kroku-dla-zagranicznych-poszukujacych-pracy\/\" rel=\"bookmark\">Jak znale\u017a\u0107 prac\u0119 w Holandii: przewodnik krok po kroku dla zagranicznych poszukuj\u0105cych pracy<\/a><\/h3>\t\t\t\t\t\t\t\t<div class=\"news-content-excerpt\">\r\n\t\t\t\t\t\t\t\t\t\t\t\t\t\t\t\t\t\t\t<div class=\"news-short-content\">\r\n\t\t\t\t\t\t\t\t\t\t\tZnalezienie pracy w Holandii jako obcokrajowiec mo\u017ce by\u0107 ekscytuj\u0105cym, ale trudnym do\u015bwiadczeniem. Dzi\u0119ki odpowiedniej wiedzy i strategiom mo\u017cesz zwi\u0119kszy\u0107 swoje&#8230;\t\t\t\t\t\t\t\t\t\t<\/div>\r\n\t\t\t\t\t\t\t\t\t\t<a href=\"https:\/\/hellart.work\/pl\/news\/jak-znalezc-prace-w-holandii-przewodnik-krok-po-kroku-dla-zagranicznych-poszukujacych-pracy\/\" class=\"news-more-link\">Czytaj wi\u0119cej<\/a>\r\n\t\t\t\t\t\t\t\t\t\t\t\t\t\t\t\t\t<\/div><!-- .entry-content -->\r\n\t\t\t\t\t\t\t\t\t\t\t\t\t<\/div>\r\n\t\t\t\t\t<\/div>\r\n\t\t\t\t<\/div><!-- #post-## -->\r\n\t\t\t<\/div><!-- #post-## -->\r\n\t\t\r\n\t\t\t<div id=\"post-3779\" class=\"news type-news wpnaw-blog-class has-date news-col-3 wpnaw-first\">\r\n\t\t\t\t<div class=\"news-inner-wrap-view news-clearfix \">\r\n\r\n\t\t\t\t\t\t\t\t\t\t<div class=\"news-thumb\">\r\n\t\t\t\t\t\t\t\t\t\t\t\t\t<div class=\"grid-news-thumb\">\r\n\t\t\t\t\t\t\t\t<a href=\"https:\/\/hellart.work\/pl\/news\/wprowadzenie-do-pracy-w-holandii\/\"><img loading=\"lazy\" decoding=\"async\" width=\"768\" height=\"513\" src=\"https:\/\/hellart.work\/wp-content\/uploads\/2024\/09\/Order-picker-with-VOG-2-768x513.jpg\" class=\"attachment-medium_large size-medium_large wp-post-image\" alt=\"\" srcset=\"https:\/\/hellart.work\/wp-content\/uploads\/2024\/09\/Order-picker-with-VOG-2-768x513.jpg 768w, https:\/\/hellart.work\/wp-content\/uploads\/2024\/09\/Order-picker-with-VOG-2-300x200.jpg 300w, https:\/\/hellart.work\/wp-content\/uploads\/2024\/09\/Order-picker-with-VOG-2-1024x683.jpg 1024w, https:\/\/hellart.work\/wp-content\/uploads\/2024\/09\/Order-picker-with-VOG-2-1536x1025.jpg 1536w, https:\/\/hellart.work\/wp-content\/uploads\/2024\/09\/Order-picker-with-VOG-2-2048x1367.jpg 2048w\" sizes=\"auto, (max-width: 768px) 100vw, 768px\" \/><\/a>\r\n\t\t\t\t\t\t\t<\/div>\r\n\t\t\t\t\t\t\t\t\t\t\t<\/div>\r\n\t\t\t\t\t\r\n\t\t\t\t\t<div class=\"news-content\">\r\n\t\t\t\t\t\t\t\t\t\t\t\t\t<div class=\"grid-date-post\">\r\n\t\t\t\t\t\t\t\t2024-08-03\t\t\t\t\t\t\t<\/div>\r\n\t\t\t\t\t\t\r\n\t\t\t\t\t\t<div class=\"post-content-text\">\r\n\t\t\t\t\t\t\t<h3 class=\"news-title\"><a href=\"https:\/\/hellart.work\/pl\/news\/wprowadzenie-do-pracy-w-holandii\/\" rel=\"bookmark\">Wprowadzenie do pracy w Holandii<\/a><\/h3>\t\t\t\t\t\t\t\t<div class=\"news-content-excerpt\">\r\n\t\t\t\t\t\t\t\t\t\t\t\t\t\t\t\t\t\t\t<div class=\"news-short-content\">\r\n\t\t\t\t\t\t\t\t\t\t\t1. Wprowadzenie do pracy w Holandii Holenderski rynek pracy by\u0142 stale otwarty na pracownik\u00f3w zagranicznych ze wzgl\u0119du na otwart\u0105 gospodark\u0119&#8230;\t\t\t\t\t\t\t\t\t\t<\/div>\r\n\t\t\t\t\t\t\t\t\t\t<a href=\"https:\/\/hellart.work\/pl\/news\/wprowadzenie-do-pracy-w-holandii\/\" class=\"news-more-link\">Czytaj wi\u0119cej<\/a>\r\n\t\t\t\t\t\t\t\t\t\t\t\t\t\t\t\t\t<\/div><!-- .entry-content -->\r\n\t\t\t\t\t\t\t\t\t\t\t\t\t<\/div>\r\n\t\t\t\t\t<\/div>\r\n\t\t\t\t<\/div><!-- #post-## -->\r\n\t\t\t<\/div><!-- #post-## -->\r\n\t\t\r\n\t\t\t<div id=\"post-3737\" class=\"news type-news wpnaw-blog-class has-date news-col-3\">\r\n\t\t\t\t<div class=\"news-inner-wrap-view news-clearfix \">\r\n\r\n\t\t\t\t\t\t\t\t\t\t<div class=\"news-thumb\">\r\n\t\t\t\t\t\t\t\t\t\t\t\t\t<div class=\"grid-news-thumb\">\r\n\t\t\t\t\t\t\t\t<a href=\"https:\/\/hellart.work\/pl\/news\/szukasz-pracy-w-holandii-bez-dyplomu\/\"><img loading=\"lazy\" decoding=\"async\" width=\"768\" height=\"356\" src=\"https:\/\/hellart.work\/wp-content\/uploads\/2024\/09\/Production-worker-768x356.jpg\" class=\"attachment-medium_large size-medium_large wp-post-image\" alt=\"\" srcset=\"https:\/\/hellart.work\/wp-content\/uploads\/2024\/09\/Production-worker-768x356.jpg 768w, https:\/\/hellart.work\/wp-content\/uploads\/2024\/09\/Production-worker-300x139.jpg 300w, https:\/\/hellart.work\/wp-content\/uploads\/2024\/09\/Production-worker-1024x475.jpg 1024w, https:\/\/hellart.work\/wp-content\/uploads\/2024\/09\/Production-worker-1536x712.jpg 1536w, https:\/\/hellart.work\/wp-content\/uploads\/2024\/09\/Production-worker-2048x949.jpg 2048w\" sizes=\"auto, (max-width: 768px) 100vw, 768px\" \/><\/a>\r\n\t\t\t\t\t\t\t<\/div>\r\n\t\t\t\t\t\t\t\t\t\t\t<\/div>\r\n\t\t\t\t\t\r\n\t\t\t\t\t<div class=\"news-content\">\r\n\t\t\t\t\t\t\t\t\t\t\t\t\t<div class=\"grid-date-post\">\r\n\t\t\t\t\t\t\t\t2024-07-25\t\t\t\t\t\t\t<\/div>\r\n\t\t\t\t\t\t\r\n\t\t\t\t\t\t<div class=\"post-content-text\">\r\n\t\t\t\t\t\t\t<h3 class=\"news-title\"><a href=\"https:\/\/hellart.work\/pl\/news\/szukasz-pracy-w-holandii-bez-dyplomu\/\" rel=\"bookmark\">Szukasz pracy w Holandii bez dyplomu?<\/a><\/h3>\t\t\t\t\t\t\t\t<div class=\"news-content-excerpt\">\r\n\t\t\t\t\t\t\t\t\t\t\t\t\t\t\t\t\t\t\t<div class=\"news-short-content\">\r\n\t\t\t\t\t\t\t\t\t\t\tTrafi\u0142e\u015b we w\u0142a\u015bciwe miejsce! Oferujemy szeroki wachlarz mo\u017cliwo\u015bci pracy u najlepszych pracodawc\u00f3w w bran\u017cach takich jak pakowanie, logistyka, recykling, produkcja&#8230;\t\t\t\t\t\t\t\t\t\t<\/div>\r\n\t\t\t\t\t\t\t\t\t\t<a href=\"https:\/\/hellart.work\/pl\/news\/szukasz-pracy-w-holandii-bez-dyplomu\/\" class=\"news-more-link\">Czytaj wi\u0119cej<\/a>\r\n\t\t\t\t\t\t\t\t\t\t\t\t\t\t\t\t\t<\/div><!-- .entry-content -->\r\n\t\t\t\t\t\t\t\t\t\t\t\t\t<\/div>\r\n\t\t\t\t\t<\/div>\r\n\t\t\t\t<\/div><!-- #post-## -->\r\n\t\t\t<\/div><!-- #post-## -->\r\n\t\t\r\n\t\t\t<div id=\"post-3739\" class=\"news type-news wpnaw-blog-class has-date news-col-3 wpnaw-last\">\r\n\t\t\t\t<div class=\"news-inner-wrap-view news-clearfix \">\r\n\r\n\t\t\t\t\t\t\t\t\t\t<div class=\"news-thumb\">\r\n\t\t\t\t\t\t\t\t\t\t\t\t\t<div class=\"grid-news-thumb\">\r\n\t\t\t\t\t\t\t\t<a href=\"https:\/\/hellart.work\/pl\/news\/praca-w-holandii-z-zakwaterowaniem\/\"><img loading=\"lazy\" decoding=\"async\" width=\"768\" height=\"502\" src=\"https:\/\/hellart.work\/wp-content\/uploads\/2024\/09\/Work-in-netherlands-with-accommodation--768x502.jpeg\" class=\"attachment-medium_large size-medium_large wp-post-image\" alt=\"\" srcset=\"https:\/\/hellart.work\/wp-content\/uploads\/2024\/09\/Work-in-netherlands-with-accommodation--768x502.jpeg 768w, https:\/\/hellart.work\/wp-content\/uploads\/2024\/09\/Work-in-netherlands-with-accommodation--300x196.jpeg 300w, https:\/\/hellart.work\/wp-content\/uploads\/2024\/09\/Work-in-netherlands-with-accommodation--1024x670.jpeg 1024w, https:\/\/hellart.work\/wp-content\/uploads\/2024\/09\/Work-in-netherlands-with-accommodation--1536x1004.jpeg 1536w, https:\/\/hellart.work\/wp-content\/uploads\/2024\/09\/Work-in-netherlands-with-accommodation-.jpeg 2048w\" sizes=\"auto, (max-width: 768px) 100vw, 768px\" \/><\/a>\r\n\t\t\t\t\t\t\t<\/div>\r\n\t\t\t\t\t\t\t\t\t\t\t<\/div>\r\n\t\t\t\t\t\r\n\t\t\t\t\t<div class=\"news-content\">\r\n\t\t\t\t\t\t\t\t\t\t\t\t\t<div class=\"grid-date-post\">\r\n\t\t\t\t\t\t\t\t2024-07-01\t\t\t\t\t\t\t<\/div>\r\n\t\t\t\t\t\t\r\n\t\t\t\t\t\t<div class=\"post-content-text\">\r\n\t\t\t\t\t\t\t<h3 class=\"news-title\"><a href=\"https:\/\/hellart.work\/pl\/news\/praca-w-holandii-z-zakwaterowaniem\/\" rel=\"bookmark\">Praca w Holandii z zakwaterowaniem<\/a><\/h3>\t\t\t\t\t\t\t\t<div class=\"news-content-excerpt\">\r\n\t\t\t\t\t\t\t\t\t\t\t\t\t\t\t\t\t\t\t<div class=\"news-short-content\">\r\n\t\t\t\t\t\t\t\t\t\t\tSzukasz pracy w Holandii, kt\u00f3ra nie wymaga dyplomu? Jeste\u015b we w\u0142a\u015bciwym miejscu! Oferujemy szeroki zakres wakat\u00f3w u najlepszych klient\u00f3w z&#8230;\t\t\t\t\t\t\t\t\t\t<\/div>\r\n\t\t\t\t\t\t\t\t\t\t<a href=\"https:\/\/hellart.work\/pl\/news\/praca-w-holandii-z-zakwaterowaniem\/\" class=\"news-more-link\">Czytaj wi\u0119cej<\/a>\r\n\t\t\t\t\t\t\t\t\t\t\t\t\t\t\t\t\t<\/div><!-- .entry-content -->\r\n\t\t\t\t\t\t\t\t\t\t\t\t\t<\/div>\r\n\t\t\t\t\t<\/div>\r\n\t\t\t\t<\/div><!-- #post-## -->\r\n\t\t\t<\/div><!-- #post-## -->\r\n\t\t\t<\/div>\r\n\r\n\t\n\n\n<p><\/p>\n","protected":false},"excerpt":{"rendered":"","protected":false},"author":1,"featured_media":0,"parent":0,"menu_order":0,"comment_status":"closed","ping_status":"closed","template":"","meta":{"_monsterinsights_skip_tracking":false,"_monsterinsights_sitenote_active":false,"_monsterinsights_sitenote_note":"","_monsterinsights_sitenote_category":0,"_uf_show_specific_survey":0,"_uf_disable_surveys":false,"footnotes":""},"class_list":["post-2165","page","type-page","status-publish","hentry"],"blocksy_meta":[],"_links":{"self":[{"href":"https:\/\/hellart.work\/pl\/wp-json\/wp\/v2\/pages\/2165","targetHints":{"allow":["GET"]}}],"collection":[{"href":"https:\/\/hellart.work\/pl\/wp-json\/wp\/v2\/pages"}],"about":[{"href":"https:\/\/hellart.work\/pl\/wp-json\/wp\/v2\/types\/page"}],"author":[{"embeddable":true,"href":"https:\/\/hellart.work\/pl\/wp-json\/wp\/v2\/users\/1"}],"replies":[{"embeddable":true,"href":"https:\/\/hellart.work\/pl\/wp-json\/wp\/v2\/comments?post=2165"}],"version-history":[{"count":1,"href":"https:\/\/hellart.work\/pl\/wp-json\/wp\/v2\/pages\/2165\/revisions"}],"predecessor-version":[{"id":2166,"href":"https:\/\/hellart.work\/pl\/wp-json\/wp\/v2\/pages\/2165\/revisions\/2166"}],"wp:attachment":[{"href":"https:\/\/hellart.work\/pl\/wp-json\/wp\/v2\/media?parent=2165"}],"curies":[{"name":"wp","href":"https:\/\/api.w.org\/{rel}","templated":true}]}}