{"id":2545,"date":"2024-09-22T12:57:06","date_gmt":"2024-09-22T12:57:06","guid":{"rendered":"https:\/\/hellart.work\/as-nossas-noticias\/"},"modified":"2024-09-23T11:45:55","modified_gmt":"2024-09-23T11:45:55","slug":"as-nossas-noticias","status":"publish","type":"page","link":"https:\/\/hellart.work\/pt-pt\/as-nossas-noticias\/","title":{"rendered":"As nossas not\u00edcias"},"content":{"rendered":"\t<div class=\"wpnawfree-plugin news-clearfix \" id=\"wpnw-news-1\">\r\n\r\n\t\t\r\n\t\t\t<div id=\"post-4100\" class=\"news type-news wpnaw-blog-class has-date news-col-3 wpnaw-first\">\r\n\t\t\t\t<div class=\"news-inner-wrap-view news-clearfix \">\r\n\r\n\t\t\t\t\t\t\t\t\t\t<div class=\"news-thumb\">\r\n\t\t\t\t\t\t\t\t\t\t\t\t\t<div class=\"grid-news-thumb\">\r\n\t\t\t\t\t\t\t\t<a href=\"https:\/\/hellart.work\/pt-pt\/news\/trabalhar-na-holanda-com-alojamento-principais-oportunidades-de-emprego\/\"><img loading=\"lazy\" decoding=\"async\" width=\"768\" height=\"512\" src=\"https:\/\/hellart.work\/wp-content\/uploads\/2025\/01\/cnc_operator-min_vhn0t5d-768x512.jpg\" class=\"attachment-medium_large size-medium_large wp-post-image\" alt=\"\" srcset=\"https:\/\/hellart.work\/wp-content\/uploads\/2025\/01\/cnc_operator-min_vhn0t5d-768x512.jpg 768w, https:\/\/hellart.work\/wp-content\/uploads\/2025\/01\/cnc_operator-min_vhn0t5d-300x200.jpg 300w, https:\/\/hellart.work\/wp-content\/uploads\/2025\/01\/cnc_operator-min_vhn0t5d-1024x683.jpg 1024w, https:\/\/hellart.work\/wp-content\/uploads\/2025\/01\/cnc_operator-min_vhn0t5d-1536x1024.jpg 1536w, https:\/\/hellart.work\/wp-content\/uploads\/2025\/01\/cnc_operator-min_vhn0t5d-2048x1365.jpg 2048w\" sizes=\"auto, (max-width: 768px) 100vw, 768px\" \/><\/a>\r\n\t\t\t\t\t\t\t<\/div>\r\n\t\t\t\t\t\t\t\t\t\t\t<\/div>\r\n\t\t\t\t\t\r\n\t\t\t\t\t<div class=\"news-content\">\r\n\t\t\t\t\t\t\t\t\t\t\t\t\t<div class=\"grid-date-post\">\r\n\t\t\t\t\t\t\t\t20 de Janeiro, 2025\t\t\t\t\t\t\t<\/div>\r\n\t\t\t\t\t\t\r\n\t\t\t\t\t\t<div class=\"post-content-text\">\r\n\t\t\t\t\t\t\t<h3 class=\"news-title\"><a href=\"https:\/\/hellart.work\/pt-pt\/news\/trabalhar-na-holanda-com-alojamento-principais-oportunidades-de-emprego\/\" rel=\"bookmark\">Trabalhar na Holanda com alojamento: Principais oportunidades de emprego<\/a><\/h3>\t\t\t\t\t\t\t\t<div class=\"news-content-excerpt\">\r\n\t\t\t\t\t\t\t\t\t\t\t\t\t\t\t\t\t\t\t<div class=\"news-short-content\">\r\n\t\t\t\t\t\t\t\t\t\t\tProcura um emprego no estrangeiro com alojamento inclu\u00eddo? A Holanda \u00e9 um destino privilegiado para trabalhadores qualificados que procuram empregos&#8230;\t\t\t\t\t\t\t\t\t\t<\/div>\r\n\t\t\t\t\t\t\t\t\t\t<a href=\"https:\/\/hellart.work\/pt-pt\/news\/trabalhar-na-holanda-com-alojamento-principais-oportunidades-de-emprego\/\" class=\"news-more-link\">Read More<\/a>\r\n\t\t\t\t\t\t\t\t\t\t\t\t\t\t\t\t\t<\/div><!-- .entry-content -->\r\n\t\t\t\t\t\t\t\t\t\t\t\t\t<\/div>\r\n\t\t\t\t\t<\/div>\r\n\t\t\t\t<\/div><!-- #post-## -->\r\n\t\t\t<\/div><!-- #post-## -->\r\n\t\t\r\n\t\t\t<div id=\"post-4042\" class=\"news type-news wpnaw-blog-class has-date news-col-3\">\r\n\t\t\t\t<div class=\"news-inner-wrap-view news-clearfix \">\r\n\r\n\t\t\t\t\t\t\t\t\t\t<div class=\"news-thumb\">\r\n\t\t\t\t\t\t\t\t\t\t\t\t\t<div class=\"grid-news-thumb\">\r\n\t\t\t\t\t\t\t\t<a href=\"https:\/\/hellart.work\/pt-pt\/news\/empregos-em-armazem-na-holanda-com-alojamento\/\"><img loading=\"lazy\" decoding=\"async\" width=\"768\" height=\"504\" src=\"https:\/\/hellart.work\/wp-content\/uploads\/2024\/09\/warehouse-worker-with-experience-utrecht-in-netherlands-768x504.png\" class=\"attachment-medium_large size-medium_large wp-post-image\" alt=\"warehouse-worker-with-experience-utrecht-in-netherlands.\" srcset=\"https:\/\/hellart.work\/wp-content\/uploads\/2024\/09\/warehouse-worker-with-experience-utrecht-in-netherlands-768x504.png 768w, https:\/\/hellart.work\/wp-content\/uploads\/2024\/09\/warehouse-worker-with-experience-utrecht-in-netherlands-300x197.png 300w, https:\/\/hellart.work\/wp-content\/uploads\/2024\/09\/warehouse-worker-with-experience-utrecht-in-netherlands.png 929w\" sizes=\"auto, (max-width: 768px) 100vw, 768px\" \/><\/a>\r\n\t\t\t\t\t\t\t<\/div>\r\n\t\t\t\t\t\t\t\t\t\t\t<\/div>\r\n\t\t\t\t\t\r\n\t\t\t\t\t<div class=\"news-content\">\r\n\t\t\t\t\t\t\t\t\t\t\t\t\t<div class=\"grid-date-post\">\r\n\t\t\t\t\t\t\t\t14 de Janeiro, 2025\t\t\t\t\t\t\t<\/div>\r\n\t\t\t\t\t\t\r\n\t\t\t\t\t\t<div class=\"post-content-text\">\r\n\t\t\t\t\t\t\t<h3 class=\"news-title\"><a href=\"https:\/\/hellart.work\/pt-pt\/news\/empregos-em-armazem-na-holanda-com-alojamento\/\" rel=\"bookmark\">Empregos em armaz\u00e9m na Holanda com alojamento<\/a><\/h3>\t\t\t\t\t\t\t\t<div class=\"news-content-excerpt\">\r\n\t\t\t\t\t\t\t\t\t\t\t\t\t\t\t\t\t\t\t<div class=\"news-short-content\">\r\n\t\t\t\t\t\t\t\t\t\t\tA Holanda \u00e9 uma das melhores op\u00e7\u00f5es para quem procura trabalho no estrangeiro. Muitas cidades do pa\u00eds oferecem vagas de&#8230;\t\t\t\t\t\t\t\t\t\t<\/div>\r\n\t\t\t\t\t\t\t\t\t\t<a href=\"https:\/\/hellart.work\/pt-pt\/news\/empregos-em-armazem-na-holanda-com-alojamento\/\" class=\"news-more-link\">Read More<\/a>\r\n\t\t\t\t\t\t\t\t\t\t\t\t\t\t\t\t\t<\/div><!-- .entry-content -->\r\n\t\t\t\t\t\t\t\t\t\t\t\t\t<\/div>\r\n\t\t\t\t\t<\/div>\r\n\t\t\t\t<\/div><!-- #post-## -->\r\n\t\t\t<\/div><!-- #post-## -->\r\n\t\t\r\n\t\t\t<div id=\"post-3863\" class=\"news type-news wpnaw-blog-class has-date news-col-3 wpnaw-last\">\r\n\t\t\t\t<div class=\"news-inner-wrap-view news-clearfix \">\r\n\r\n\t\t\t\t\t\t\t\t\t\t<div class=\"news-thumb\">\r\n\t\t\t\t\t\t\t\t\t\t\t\t\t<div class=\"grid-news-thumb\">\r\n\t\t\t\t\t\t\t\t<a href=\"https:\/\/hellart.work\/pt-pt\/news\/trabalhar-na-holanda-com-alojamento-vagas-e-condicoes-populares\/\"><img loading=\"lazy\" decoding=\"async\" width=\"768\" height=\"432\" src=\"https:\/\/hellart.work\/wp-content\/uploads\/2024\/11\/too-valismaal-768x432.png\" class=\"attachment-medium_large size-medium_large wp-post-image\" alt=\"\" srcset=\"https:\/\/hellart.work\/wp-content\/uploads\/2024\/11\/too-valismaal-768x432.png 768w, https:\/\/hellart.work\/wp-content\/uploads\/2024\/11\/too-valismaal-300x169.png 300w, https:\/\/hellart.work\/wp-content\/uploads\/2024\/11\/too-valismaal-1024x576.png 1024w, https:\/\/hellart.work\/wp-content\/uploads\/2024\/11\/too-valismaal-1536x864.png 1536w, https:\/\/hellart.work\/wp-content\/uploads\/2024\/11\/too-valismaal-2048x1152.png 2048w\" sizes=\"auto, (max-width: 768px) 100vw, 768px\" \/><\/a>\r\n\t\t\t\t\t\t\t<\/div>\r\n\t\t\t\t\t\t\t\t\t\t\t<\/div>\r\n\t\t\t\t\t\r\n\t\t\t\t\t<div class=\"news-content\">\r\n\t\t\t\t\t\t\t\t\t\t\t\t\t<div class=\"grid-date-post\">\r\n\t\t\t\t\t\t\t\t5 de Novembro, 2024\t\t\t\t\t\t\t<\/div>\r\n\t\t\t\t\t\t\r\n\t\t\t\t\t\t<div class=\"post-content-text\">\r\n\t\t\t\t\t\t\t<h3 class=\"news-title\"><a href=\"https:\/\/hellart.work\/pt-pt\/news\/trabalhar-na-holanda-com-alojamento-vagas-e-condicoes-populares\/\" rel=\"bookmark\">Trabalhar na Holanda com alojamento: vagas e condi\u00e7\u00f5es populares<\/a><\/h3>\t\t\t\t\t\t\t\t<div class=\"news-content-excerpt\">\r\n\t\t\t\t\t\t\t\t\t\t\t\t\t\t\t\t\t\t\t<div class=\"news-short-content\">\r\n\t\t\t\t\t\t\t\t\t\t\tTrabalhar no estrangeiro \u00e9 uma oportunidade n\u00e3o s\u00f3 para melhorar a sua situa\u00e7\u00e3o financeira, mas tamb\u00e9m para ganhar experi\u00eancia profissional&#8230;\t\t\t\t\t\t\t\t\t\t<\/div>\r\n\t\t\t\t\t\t\t\t\t\t<a href=\"https:\/\/hellart.work\/pt-pt\/news\/trabalhar-na-holanda-com-alojamento-vagas-e-condicoes-populares\/\" class=\"news-more-link\">Read More<\/a>\r\n\t\t\t\t\t\t\t\t\t\t\t\t\t\t\t\t\t<\/div><!-- .entry-content -->\r\n\t\t\t\t\t\t\t\t\t\t\t\t\t<\/div>\r\n\t\t\t\t\t<\/div>\r\n\t\t\t\t<\/div><!-- #post-## -->\r\n\t\t\t<\/div><!-- #post-## -->\r\n\t\t\r\n\t\t\t<div id=\"post-3647\" class=\"news type-news wpnaw-blog-class has-date news-col-3 wpnaw-first\">\r\n\t\t\t\t<div class=\"news-inner-wrap-view news-clearfix \">\r\n\r\n\t\t\t\t\t\t\t\t\t\t<div class=\"news-thumb\">\r\n\t\t\t\t\t\t\t\t\t\t\t\t\t<div class=\"grid-news-thumb\">\r\n\t\t\t\t\t\t\t\t<a href=\"https:\/\/hellart.work\/pt-pt\/news\/lista-das-principais-agencias-de-recrutamento-na-holanda\/\"><img loading=\"lazy\" decoding=\"async\" width=\"752\" height=\"465\" src=\"https:\/\/hellart.work\/wp-content\/uploads\/2024\/09\/Top-10-Recruitment-Agencies-in-Netherlands.jpg\" class=\"attachment-medium_large size-medium_large wp-post-image\" alt=\"\" srcset=\"https:\/\/hellart.work\/wp-content\/uploads\/2024\/09\/Top-10-Recruitment-Agencies-in-Netherlands.jpg 752w, https:\/\/hellart.work\/wp-content\/uploads\/2024\/09\/Top-10-Recruitment-Agencies-in-Netherlands-300x186.jpg 300w\" sizes=\"auto, (max-width: 752px) 100vw, 752px\" \/><\/a>\r\n\t\t\t\t\t\t\t<\/div>\r\n\t\t\t\t\t\t\t\t\t\t\t<\/div>\r\n\t\t\t\t\t\r\n\t\t\t\t\t<div class=\"news-content\">\r\n\t\t\t\t\t\t\t\t\t\t\t\t\t<div class=\"grid-date-post\">\r\n\t\t\t\t\t\t\t\t19 de Setembro, 2024\t\t\t\t\t\t\t<\/div>\r\n\t\t\t\t\t\t\r\n\t\t\t\t\t\t<div class=\"post-content-text\">\r\n\t\t\t\t\t\t\t<h3 class=\"news-title\"><a href=\"https:\/\/hellart.work\/pt-pt\/news\/lista-das-principais-agencias-de-recrutamento-na-holanda\/\" rel=\"bookmark\">Lista das principais ag\u00eancias de recrutamento na Holanda<\/a><\/h3>\t\t\t\t\t\t\t\t<div class=\"news-content-excerpt\">\r\n\t\t\t\t\t\t\t\t\t\t\t\t\t\t\t\t\t\t\t<div class=\"news-short-content\">\r\n\t\t\t\t\t\t\t\t\t\t\tA Holanda alberga uma grande variedade de ag\u00eancias de recrutamento que servem v\u00e1rios setores, desde a log\u00edstica e a ind\u00fastria&#8230;\t\t\t\t\t\t\t\t\t\t<\/div>\r\n\t\t\t\t\t\t\t\t\t\t<a href=\"https:\/\/hellart.work\/pt-pt\/news\/lista-das-principais-agencias-de-recrutamento-na-holanda\/\" class=\"news-more-link\">Read More<\/a>\r\n\t\t\t\t\t\t\t\t\t\t\t\t\t\t\t\t\t<\/div><!-- .entry-content -->\r\n\t\t\t\t\t\t\t\t\t\t\t\t\t<\/div>\r\n\t\t\t\t\t<\/div>\r\n\t\t\t\t<\/div><!-- #post-## -->\r\n\t\t\t<\/div><!-- #post-## -->\r\n\t\t\r\n\t\t\t<div id=\"post-3673\" class=\"news type-news wpnaw-blog-class has-date news-col-3\">\r\n\t\t\t\t<div class=\"news-inner-wrap-view news-clearfix \">\r\n\r\n\t\t\t\t\t\t\t\t\t\t<div class=\"news-thumb\">\r\n\t\t\t\t\t\t\t\t\t\t\t\t\t<div class=\"grid-news-thumb\">\r\n\t\t\t\t\t\t\t\t<a href=\"https:\/\/hellart.work\/pt-pt\/news\/porque-e-que-a-holanda-e-um-otimo-lugar-para-trabalhar-os-beneficios-do-emprego-na-holanda\/\"><img loading=\"lazy\" decoding=\"async\" width=\"768\" height=\"512\" src=\"https:\/\/hellart.work\/wp-content\/uploads\/2024\/09\/Order-picker-with-EPT-experience-Fresh-department-768x512.jpg\" class=\"attachment-medium_large size-medium_large wp-post-image\" alt=\"\" srcset=\"https:\/\/hellart.work\/wp-content\/uploads\/2024\/09\/Order-picker-with-EPT-experience-Fresh-department-768x512.jpg 768w, https:\/\/hellart.work\/wp-content\/uploads\/2024\/09\/Order-picker-with-EPT-experience-Fresh-department-300x200.jpg 300w, https:\/\/hellart.work\/wp-content\/uploads\/2024\/09\/Order-picker-with-EPT-experience-Fresh-department-1024x682.jpg 1024w, https:\/\/hellart.work\/wp-content\/uploads\/2024\/09\/Order-picker-with-EPT-experience-Fresh-department-1536x1024.jpg 1536w, https:\/\/hellart.work\/wp-content\/uploads\/2024\/09\/Order-picker-with-EPT-experience-Fresh-department.jpg 1601w\" sizes=\"auto, (max-width: 768px) 100vw, 768px\" \/><\/a>\r\n\t\t\t\t\t\t\t<\/div>\r\n\t\t\t\t\t\t\t\t\t\t\t<\/div>\r\n\t\t\t\t\t\r\n\t\t\t\t\t<div class=\"news-content\">\r\n\t\t\t\t\t\t\t\t\t\t\t\t\t<div class=\"grid-date-post\">\r\n\t\t\t\t\t\t\t\t3 de Setembro, 2024\t\t\t\t\t\t\t<\/div>\r\n\t\t\t\t\t\t\r\n\t\t\t\t\t\t<div class=\"post-content-text\">\r\n\t\t\t\t\t\t\t<h3 class=\"news-title\"><a href=\"https:\/\/hellart.work\/pt-pt\/news\/porque-e-que-a-holanda-e-um-otimo-lugar-para-trabalhar-os-beneficios-do-emprego-na-holanda\/\" rel=\"bookmark\">Porque \u00e9 que a Holanda \u00e9 um \u00f3timo lugar para trabalhar: os benef\u00edcios do emprego na Holanda<\/a><\/h3>\t\t\t\t\t\t\t\t<div class=\"news-content-excerpt\">\r\n\t\t\t\t\t\t\t\t\t\t\t\t\t\t\t\t\t\t\t<div class=\"news-short-content\">\r\n\t\t\t\t\t\t\t\t\t\t\tA Holanda tornou-se um dos destinos mais atrativos da Europa para os profissionais que procuram novas oportunidades. Com uma economia&#8230;\t\t\t\t\t\t\t\t\t\t<\/div>\r\n\t\t\t\t\t\t\t\t\t\t<a href=\"https:\/\/hellart.work\/pt-pt\/news\/porque-e-que-a-holanda-e-um-otimo-lugar-para-trabalhar-os-beneficios-do-emprego-na-holanda\/\" class=\"news-more-link\">Read More<\/a>\r\n\t\t\t\t\t\t\t\t\t\t\t\t\t\t\t\t\t<\/div><!-- .entry-content -->\r\n\t\t\t\t\t\t\t\t\t\t\t\t\t<\/div>\r\n\t\t\t\t\t<\/div>\r\n\t\t\t\t<\/div><!-- #post-## -->\r\n\t\t\t<\/div><!-- #post-## -->\r\n\t\t\r\n\t\t\t<div id=\"post-3781\" class=\"news type-news wpnaw-blog-class has-date news-col-3 wpnaw-last\">\r\n\t\t\t\t<div class=\"news-inner-wrap-view news-clearfix \">\r\n\r\n\t\t\t\t\t\t\t\t\t\t<div class=\"news-thumb\">\r\n\t\t\t\t\t\t\t\t\t\t\t\t\t<div class=\"grid-news-thumb\">\r\n\t\t\t\t\t\t\t\t<a href=\"https:\/\/hellart.work\/pt-pt\/news\/como-encontrar-um-emprego-na-holanda-um-guia-passo-a-passo-para-quem-procura-emprego-no-estrangeiro\/\"><img loading=\"lazy\" decoding=\"async\" width=\"768\" height=\"481\" src=\"https:\/\/hellart.work\/wp-content\/uploads\/2024\/09\/Screenshot-2024-09-19-at-13.10.46-768x481.png\" class=\"attachment-medium_large size-medium_large wp-post-image\" alt=\"\" srcset=\"https:\/\/hellart.work\/wp-content\/uploads\/2024\/09\/Screenshot-2024-09-19-at-13.10.46-768x481.png 768w, https:\/\/hellart.work\/wp-content\/uploads\/2024\/09\/Screenshot-2024-09-19-at-13.10.46-300x188.png 300w, https:\/\/hellart.work\/wp-content\/uploads\/2024\/09\/Screenshot-2024-09-19-at-13.10.46-1024x642.png 1024w, https:\/\/hellart.work\/wp-content\/uploads\/2024\/09\/Screenshot-2024-09-19-at-13.10.46.png 1248w\" sizes=\"auto, (max-width: 768px) 100vw, 768px\" \/><\/a>\r\n\t\t\t\t\t\t\t<\/div>\r\n\t\t\t\t\t\t\t\t\t\t\t<\/div>\r\n\t\t\t\t\t\r\n\t\t\t\t\t<div class=\"news-content\">\r\n\t\t\t\t\t\t\t\t\t\t\t\t\t<div class=\"grid-date-post\">\r\n\t\t\t\t\t\t\t\t18 de Agosto, 2024\t\t\t\t\t\t\t<\/div>\r\n\t\t\t\t\t\t\r\n\t\t\t\t\t\t<div class=\"post-content-text\">\r\n\t\t\t\t\t\t\t<h3 class=\"news-title\"><a href=\"https:\/\/hellart.work\/pt-pt\/news\/como-encontrar-um-emprego-na-holanda-um-guia-passo-a-passo-para-quem-procura-emprego-no-estrangeiro\/\" rel=\"bookmark\">Como encontrar um emprego na Holanda: um guia passo a passo para quem procura emprego no estrangeiro<\/a><\/h3>\t\t\t\t\t\t\t\t<div class=\"news-content-excerpt\">\r\n\t\t\t\t\t\t\t\t\t\t\t\t\t\t\t\t\t\t\t<div class=\"news-short-content\">\r\n\t\t\t\t\t\t\t\t\t\t\tEncontrar um emprego na Holanda como estrangeiro pode ser uma experi\u00eancia emocionante, mas desafiante. Com o conhecimento e as estrat\u00e9gias&#8230;\t\t\t\t\t\t\t\t\t\t<\/div>\r\n\t\t\t\t\t\t\t\t\t\t<a href=\"https:\/\/hellart.work\/pt-pt\/news\/como-encontrar-um-emprego-na-holanda-um-guia-passo-a-passo-para-quem-procura-emprego-no-estrangeiro\/\" class=\"news-more-link\">Read More<\/a>\r\n\t\t\t\t\t\t\t\t\t\t\t\t\t\t\t\t\t<\/div><!-- .entry-content -->\r\n\t\t\t\t\t\t\t\t\t\t\t\t\t<\/div>\r\n\t\t\t\t\t<\/div>\r\n\t\t\t\t<\/div><!-- #post-## -->\r\n\t\t\t<\/div><!-- #post-## -->\r\n\t\t\r\n\t\t\t<div id=\"post-3785\" class=\"news type-news wpnaw-blog-class has-date news-col-3 wpnaw-first\">\r\n\t\t\t\t<div class=\"news-inner-wrap-view news-clearfix \">\r\n\r\n\t\t\t\t\t\t\t\t\t\t<div class=\"news-thumb\">\r\n\t\t\t\t\t\t\t\t\t\t\t\t\t<div class=\"grid-news-thumb\">\r\n\t\t\t\t\t\t\t\t<a href=\"https:\/\/hellart.work\/pt-pt\/news\/introducao-ao-trabalho-na-holanda\/\"><img loading=\"lazy\" decoding=\"async\" width=\"768\" height=\"513\" src=\"https:\/\/hellart.work\/wp-content\/uploads\/2024\/09\/Order-picker-with-VOG-2-768x513.jpg\" class=\"attachment-medium_large size-medium_large wp-post-image\" alt=\"\" srcset=\"https:\/\/hellart.work\/wp-content\/uploads\/2024\/09\/Order-picker-with-VOG-2-768x513.jpg 768w, https:\/\/hellart.work\/wp-content\/uploads\/2024\/09\/Order-picker-with-VOG-2-300x200.jpg 300w, https:\/\/hellart.work\/wp-content\/uploads\/2024\/09\/Order-picker-with-VOG-2-1024x683.jpg 1024w, https:\/\/hellart.work\/wp-content\/uploads\/2024\/09\/Order-picker-with-VOG-2-1536x1025.jpg 1536w, https:\/\/hellart.work\/wp-content\/uploads\/2024\/09\/Order-picker-with-VOG-2-2048x1367.jpg 2048w\" sizes=\"auto, (max-width: 768px) 100vw, 768px\" \/><\/a>\r\n\t\t\t\t\t\t\t<\/div>\r\n\t\t\t\t\t\t\t\t\t\t\t<\/div>\r\n\t\t\t\t\t\r\n\t\t\t\t\t<div class=\"news-content\">\r\n\t\t\t\t\t\t\t\t\t\t\t\t\t<div class=\"grid-date-post\">\r\n\t\t\t\t\t\t\t\t3 de Agosto, 2024\t\t\t\t\t\t\t<\/div>\r\n\t\t\t\t\t\t\r\n\t\t\t\t\t\t<div class=\"post-content-text\">\r\n\t\t\t\t\t\t\t<h3 class=\"news-title\"><a href=\"https:\/\/hellart.work\/pt-pt\/news\/introducao-ao-trabalho-na-holanda\/\" rel=\"bookmark\">Introdu\u00e7\u00e3o ao trabalho na Holanda<\/a><\/h3>\t\t\t\t\t\t\t\t<div class=\"news-content-excerpt\">\r\n\t\t\t\t\t\t\t\t\t\t\t\t\t\t\t\t\t\t\t<div class=\"news-short-content\">\r\n\t\t\t\t\t\t\t\t\t\t\t1. Introdu\u00e7\u00e3o ao trabalho na Holanda O mercado de trabalho holand\u00eas tem estado consistentemente aberto aos trabalhadores internacionais devido \u00e0&#8230;\t\t\t\t\t\t\t\t\t\t<\/div>\r\n\t\t\t\t\t\t\t\t\t\t<a href=\"https:\/\/hellart.work\/pt-pt\/news\/introducao-ao-trabalho-na-holanda\/\" class=\"news-more-link\">Read More<\/a>\r\n\t\t\t\t\t\t\t\t\t\t\t\t\t\t\t\t\t<\/div><!-- .entry-content -->\r\n\t\t\t\t\t\t\t\t\t\t\t\t\t<\/div>\r\n\t\t\t\t\t<\/div>\r\n\t\t\t\t<\/div><!-- #post-## -->\r\n\t\t\t<\/div><!-- #post-## -->\r\n\t\t\r\n\t\t\t<div id=\"post-3742\" class=\"news type-news wpnaw-blog-class has-date news-col-3\">\r\n\t\t\t\t<div class=\"news-inner-wrap-view news-clearfix \">\r\n\r\n\t\t\t\t\t\t\t\t\t\t<div class=\"news-thumb\">\r\n\t\t\t\t\t\t\t\t\t\t\t\t\t<div class=\"grid-news-thumb\">\r\n\t\t\t\t\t\t\t\t<a href=\"https:\/\/hellart.work\/pt-pt\/news\/procura-emprego-na-holanda-sem-diploma\/\"><img loading=\"lazy\" decoding=\"async\" width=\"768\" height=\"356\" src=\"https:\/\/hellart.work\/wp-content\/uploads\/2024\/09\/Production-worker-768x356.jpg\" class=\"attachment-medium_large size-medium_large wp-post-image\" alt=\"\" srcset=\"https:\/\/hellart.work\/wp-content\/uploads\/2024\/09\/Production-worker-768x356.jpg 768w, https:\/\/hellart.work\/wp-content\/uploads\/2024\/09\/Production-worker-300x139.jpg 300w, https:\/\/hellart.work\/wp-content\/uploads\/2024\/09\/Production-worker-1024x475.jpg 1024w, https:\/\/hellart.work\/wp-content\/uploads\/2024\/09\/Production-worker-1536x712.jpg 1536w, https:\/\/hellart.work\/wp-content\/uploads\/2024\/09\/Production-worker-2048x949.jpg 2048w\" sizes=\"auto, (max-width: 768px) 100vw, 768px\" \/><\/a>\r\n\t\t\t\t\t\t\t<\/div>\r\n\t\t\t\t\t\t\t\t\t\t\t<\/div>\r\n\t\t\t\t\t\r\n\t\t\t\t\t<div class=\"news-content\">\r\n\t\t\t\t\t\t\t\t\t\t\t\t\t<div class=\"grid-date-post\">\r\n\t\t\t\t\t\t\t\t25 de Julho, 2024\t\t\t\t\t\t\t<\/div>\r\n\t\t\t\t\t\t\r\n\t\t\t\t\t\t<div class=\"post-content-text\">\r\n\t\t\t\t\t\t\t<h3 class=\"news-title\"><a href=\"https:\/\/hellart.work\/pt-pt\/news\/procura-emprego-na-holanda-sem-diploma\/\" rel=\"bookmark\">Procura emprego na Holanda sem diploma?<\/a><\/h3>\t\t\t\t\t\t\t\t<div class=\"news-content-excerpt\">\r\n\t\t\t\t\t\t\t\t\t\t\t\t\t\t\t\t\t\t\t<div class=\"news-short-content\">\r\n\t\t\t\t\t\t\t\t\t\t\tVeio ao lugar certo! Oferecemos uma vasta gama de oportunidades de emprego com os principais empregadores em setores como a&#8230;\t\t\t\t\t\t\t\t\t\t<\/div>\r\n\t\t\t\t\t\t\t\t\t\t<a href=\"https:\/\/hellart.work\/pt-pt\/news\/procura-emprego-na-holanda-sem-diploma\/\" class=\"news-more-link\">Read More<\/a>\r\n\t\t\t\t\t\t\t\t\t\t\t\t\t\t\t\t\t<\/div><!-- .entry-content -->\r\n\t\t\t\t\t\t\t\t\t\t\t\t\t<\/div>\r\n\t\t\t\t\t<\/div>\r\n\t\t\t\t<\/div><!-- #post-## -->\r\n\t\t\t<\/div><!-- #post-## -->\r\n\t\t\r\n\t\t\t<div id=\"post-3744\" class=\"news type-news wpnaw-blog-class has-date news-col-3 wpnaw-last\">\r\n\t\t\t\t<div class=\"news-inner-wrap-view news-clearfix \">\r\n\r\n\t\t\t\t\t\t\t\t\t\t<div class=\"news-thumb\">\r\n\t\t\t\t\t\t\t\t\t\t\t\t\t<div class=\"grid-news-thumb\">\r\n\t\t\t\t\t\t\t\t<a href=\"https:\/\/hellart.work\/pt-pt\/news\/trabalhar-na-holanda-com-alojamento\/\"><img loading=\"lazy\" decoding=\"async\" width=\"768\" height=\"502\" src=\"https:\/\/hellart.work\/wp-content\/uploads\/2024\/09\/Work-in-netherlands-with-accommodation--768x502.jpeg\" class=\"attachment-medium_large size-medium_large wp-post-image\" alt=\"\" srcset=\"https:\/\/hellart.work\/wp-content\/uploads\/2024\/09\/Work-in-netherlands-with-accommodation--768x502.jpeg 768w, https:\/\/hellart.work\/wp-content\/uploads\/2024\/09\/Work-in-netherlands-with-accommodation--300x196.jpeg 300w, https:\/\/hellart.work\/wp-content\/uploads\/2024\/09\/Work-in-netherlands-with-accommodation--1024x670.jpeg 1024w, https:\/\/hellart.work\/wp-content\/uploads\/2024\/09\/Work-in-netherlands-with-accommodation--1536x1004.jpeg 1536w, https:\/\/hellart.work\/wp-content\/uploads\/2024\/09\/Work-in-netherlands-with-accommodation-.jpeg 2048w\" sizes=\"auto, (max-width: 768px) 100vw, 768px\" \/><\/a>\r\n\t\t\t\t\t\t\t<\/div>\r\n\t\t\t\t\t\t\t\t\t\t\t<\/div>\r\n\t\t\t\t\t\r\n\t\t\t\t\t<div class=\"news-content\">\r\n\t\t\t\t\t\t\t\t\t\t\t\t\t<div class=\"grid-date-post\">\r\n\t\t\t\t\t\t\t\t1 de Julho, 2024\t\t\t\t\t\t\t<\/div>\r\n\t\t\t\t\t\t\r\n\t\t\t\t\t\t<div class=\"post-content-text\">\r\n\t\t\t\t\t\t\t<h3 class=\"news-title\"><a href=\"https:\/\/hellart.work\/pt-pt\/news\/trabalhar-na-holanda-com-alojamento\/\" rel=\"bookmark\">Trabalhar na Holanda com alojamento<\/a><\/h3>\t\t\t\t\t\t\t\t<div class=\"news-content-excerpt\">\r\n\t\t\t\t\t\t\t\t\t\t\t\t\t\t\t\t\t\t\t<div class=\"news-short-content\">\r\n\t\t\t\t\t\t\t\t\t\t\tProcura um emprego na Holanda que n\u00e3o exija um diploma? Est\u00e1 no lugar certo! Oferecemos uma vasta gama de vagas&#8230;\t\t\t\t\t\t\t\t\t\t<\/div>\r\n\t\t\t\t\t\t\t\t\t\t<a href=\"https:\/\/hellart.work\/pt-pt\/news\/trabalhar-na-holanda-com-alojamento\/\" class=\"news-more-link\">Read More<\/a>\r\n\t\t\t\t\t\t\t\t\t\t\t\t\t\t\t\t\t<\/div><!-- .entry-content -->\r\n\t\t\t\t\t\t\t\t\t\t\t\t\t<\/div>\r\n\t\t\t\t\t<\/div>\r\n\t\t\t\t<\/div><!-- #post-## -->\r\n\t\t\t<\/div><!-- #post-## -->\r\n\t\t\t<\/div>\r\n\r\n\t\n\n\n<p><\/p>\n","protected":false},"excerpt":{"rendered":"","protected":false},"author":1,"featured_media":0,"parent":0,"menu_order":0,"comment_status":"closed","ping_status":"closed","template":"","meta":{"_monsterinsights_skip_tracking":false,"_monsterinsights_sitenote_active":false,"_monsterinsights_sitenote_note":"","_monsterinsights_sitenote_category":0,"_uf_show_specific_survey":0,"_uf_disable_surveys":false,"footnotes":""},"class_list":["post-2545","page","type-page","status-publish","hentry"],"blocksy_meta":[],"_links":{"self":[{"href":"https:\/\/hellart.work\/pt-pt\/wp-json\/wp\/v2\/pages\/2545","targetHints":{"allow":["GET"]}}],"collection":[{"href":"https:\/\/hellart.work\/pt-pt\/wp-json\/wp\/v2\/pages"}],"about":[{"href":"https:\/\/hellart.work\/pt-pt\/wp-json\/wp\/v2\/types\/page"}],"author":[{"embeddable":true,"href":"https:\/\/hellart.work\/pt-pt\/wp-json\/wp\/v2\/users\/1"}],"replies":[{"embeddable":true,"href":"https:\/\/hellart.work\/pt-pt\/wp-json\/wp\/v2\/comments?post=2545"}],"version-history":[{"count":1,"href":"https:\/\/hellart.work\/pt-pt\/wp-json\/wp\/v2\/pages\/2545\/revisions"}],"predecessor-version":[{"id":2546,"href":"https:\/\/hellart.work\/pt-pt\/wp-json\/wp\/v2\/pages\/2545\/revisions\/2546"}],"wp:attachment":[{"href":"https:\/\/hellart.work\/pt-pt\/wp-json\/wp\/v2\/media?parent=2545"}],"curies":[{"name":"wp","href":"https:\/\/api.w.org\/{rel}","templated":true}]}}