{"id":2168,"date":"2024-09-22T12:57:06","date_gmt":"2024-09-22T12:57:06","guid":{"rendered":"https:\/\/hellart.work\/nase-novice\/"},"modified":"2024-09-23T11:15:18","modified_gmt":"2024-09-23T11:15:18","slug":"nase-novice","status":"publish","type":"page","link":"https:\/\/hellart.work\/sl\/nase-novice\/","title":{"rendered":"Na\u0161e novice"},"content":{"rendered":"\t<div class=\"wpnawfree-plugin news-clearfix \" id=\"wpnw-news-1\">\r\n\r\n\t\t\r\n\t\t\t<div id=\"post-4106\" class=\"news type-news wpnaw-blog-class has-date news-col-3 wpnaw-first\">\r\n\t\t\t\t<div class=\"news-inner-wrap-view news-clearfix \">\r\n\r\n\t\t\t\t\t\t\t\t\t\t<div class=\"news-thumb\">\r\n\t\t\t\t\t\t\t\t\t\t\t\t\t<div class=\"grid-news-thumb\">\r\n\t\t\t\t\t\t\t\t<a href=\"https:\/\/hellart.work\/sl\/news\/delo-na-nizozemskem-z-nastanitvijo-najboljse-zaposlitvene-priloznosti\/\"><img loading=\"lazy\" decoding=\"async\" width=\"768\" height=\"512\" src=\"https:\/\/hellart.work\/wp-content\/uploads\/2025\/01\/cnc_operator-min_vhn0t5d-768x512.jpg\" class=\"attachment-medium_large size-medium_large wp-post-image\" alt=\"\" srcset=\"https:\/\/hellart.work\/wp-content\/uploads\/2025\/01\/cnc_operator-min_vhn0t5d-768x512.jpg 768w, https:\/\/hellart.work\/wp-content\/uploads\/2025\/01\/cnc_operator-min_vhn0t5d-300x200.jpg 300w, https:\/\/hellart.work\/wp-content\/uploads\/2025\/01\/cnc_operator-min_vhn0t5d-1024x683.jpg 1024w, https:\/\/hellart.work\/wp-content\/uploads\/2025\/01\/cnc_operator-min_vhn0t5d-1536x1024.jpg 1536w, https:\/\/hellart.work\/wp-content\/uploads\/2025\/01\/cnc_operator-min_vhn0t5d-2048x1365.jpg 2048w\" sizes=\"auto, (max-width: 768px) 100vw, 768px\" \/><\/a>\r\n\t\t\t\t\t\t\t<\/div>\r\n\t\t\t\t\t\t\t\t\t\t\t<\/div>\r\n\t\t\t\t\t\r\n\t\t\t\t\t<div class=\"news-content\">\r\n\t\t\t\t\t\t\t\t\t\t\t\t\t<div class=\"grid-date-post\">\r\n\t\t\t\t\t\t\t\t20. januarja, 2025\t\t\t\t\t\t\t<\/div>\r\n\t\t\t\t\t\t\r\n\t\t\t\t\t\t<div class=\"post-content-text\">\r\n\t\t\t\t\t\t\t<h3 class=\"news-title\"><a href=\"https:\/\/hellart.work\/sl\/news\/delo-na-nizozemskem-z-nastanitvijo-najboljse-zaposlitvene-priloznosti\/\" rel=\"bookmark\">Delo na Nizozemskem z nastanitvijo: najbolj\u0161e zaposlitvene prilo\u017enosti<\/a><\/h3>\t\t\t\t\t\t\t\t<div class=\"news-content-excerpt\">\r\n\t\t\t\t\t\t\t\t\t\t\t\t\t\t\t\t\t\t\t<div class=\"news-short-content\">\r\n\t\t\t\t\t\t\t\t\t\t\tI\u0161\u010dete delo v tujini z vklju\u010deno namestitvijo? Nizozemska je glavna destinacija za kvalificirane delavce, ki i\u0161\u010dejo dobro pla\u010dano slu\u017ebo in&#8230;\t\t\t\t\t\t\t\t\t\t<\/div>\r\n\t\t\t\t\t\t\t\t\t\t<a href=\"https:\/\/hellart.work\/sl\/news\/delo-na-nizozemskem-z-nastanitvijo-najboljse-zaposlitvene-priloznosti\/\" class=\"news-more-link\">Read More<\/a>\r\n\t\t\t\t\t\t\t\t\t\t\t\t\t\t\t\t\t<\/div><!-- .entry-content -->\r\n\t\t\t\t\t\t\t\t\t\t\t\t\t<\/div>\r\n\t\t\t\t\t<\/div>\r\n\t\t\t\t<\/div><!-- #post-## -->\r\n\t\t\t<\/div><!-- #post-## -->\r\n\t\t\r\n\t\t\t<div id=\"post-4048\" class=\"news type-news wpnaw-blog-class has-date news-col-3\">\r\n\t\t\t\t<div class=\"news-inner-wrap-view news-clearfix \">\r\n\r\n\t\t\t\t\t\t\t\t\t\t<div class=\"news-thumb\">\r\n\t\t\t\t\t\t\t\t\t\t\t\t\t<div class=\"grid-news-thumb\">\r\n\t\t\t\t\t\t\t\t<a href=\"https:\/\/hellart.work\/sl\/news\/delovna-mesta-v-skladiscu-na-nizozemskem-z-nastanitvijo\/\"><img loading=\"lazy\" decoding=\"async\" width=\"768\" height=\"504\" src=\"https:\/\/hellart.work\/wp-content\/uploads\/2024\/09\/warehouse-worker-with-experience-utrecht-in-netherlands-768x504.png\" class=\"attachment-medium_large size-medium_large wp-post-image\" alt=\"warehouse-worker-with-experience-utrecht-in-netherlands.\" srcset=\"https:\/\/hellart.work\/wp-content\/uploads\/2024\/09\/warehouse-worker-with-experience-utrecht-in-netherlands-768x504.png 768w, https:\/\/hellart.work\/wp-content\/uploads\/2024\/09\/warehouse-worker-with-experience-utrecht-in-netherlands-300x197.png 300w, https:\/\/hellart.work\/wp-content\/uploads\/2024\/09\/warehouse-worker-with-experience-utrecht-in-netherlands.png 929w\" sizes=\"auto, (max-width: 768px) 100vw, 768px\" \/><\/a>\r\n\t\t\t\t\t\t\t<\/div>\r\n\t\t\t\t\t\t\t\t\t\t\t<\/div>\r\n\t\t\t\t\t\r\n\t\t\t\t\t<div class=\"news-content\">\r\n\t\t\t\t\t\t\t\t\t\t\t\t\t<div class=\"grid-date-post\">\r\n\t\t\t\t\t\t\t\t14. januarja, 2025\t\t\t\t\t\t\t<\/div>\r\n\t\t\t\t\t\t\r\n\t\t\t\t\t\t<div class=\"post-content-text\">\r\n\t\t\t\t\t\t\t<h3 class=\"news-title\"><a href=\"https:\/\/hellart.work\/sl\/news\/delovna-mesta-v-skladiscu-na-nizozemskem-z-nastanitvijo\/\" rel=\"bookmark\">Delovna mesta v skladi\u0161\u010du na Nizozemskem z nastanitvijo<\/a><\/h3>\t\t\t\t\t\t\t\t<div class=\"news-content-excerpt\">\r\n\t\t\t\t\t\t\t\t\t\t\t\t\t\t\t\t\t\t\t<div class=\"news-short-content\">\r\n\t\t\t\t\t\t\t\t\t\t\tNizozemska je ena najbolj\u0161ih mo\u017enosti za tiste, ki i\u0161\u010dejo delo v tujini. \u0160tevilna mesta v dr\u017eavi ponujajo prosta delovna mesta&#8230;\t\t\t\t\t\t\t\t\t\t<\/div>\r\n\t\t\t\t\t\t\t\t\t\t<a href=\"https:\/\/hellart.work\/sl\/news\/delovna-mesta-v-skladiscu-na-nizozemskem-z-nastanitvijo\/\" class=\"news-more-link\">Read More<\/a>\r\n\t\t\t\t\t\t\t\t\t\t\t\t\t\t\t\t\t<\/div><!-- .entry-content -->\r\n\t\t\t\t\t\t\t\t\t\t\t\t\t<\/div>\r\n\t\t\t\t\t<\/div>\r\n\t\t\t\t<\/div><!-- #post-## -->\r\n\t\t\t<\/div><!-- #post-## -->\r\n\t\t\r\n\t\t\t<div id=\"post-3869\" class=\"news type-news wpnaw-blog-class has-date news-col-3 wpnaw-last\">\r\n\t\t\t\t<div class=\"news-inner-wrap-view news-clearfix \">\r\n\r\n\t\t\t\t\t\t\t\t\t\t<div class=\"news-thumb\">\r\n\t\t\t\t\t\t\t\t\t\t\t\t\t<div class=\"grid-news-thumb\">\r\n\t\t\t\t\t\t\t\t<a href=\"https:\/\/hellart.work\/sl\/news\/delo-na-nizozemskem-z-nastanitvijo-priljubljena-prosta-delovna-mesta-in-pogoji\/\"><img loading=\"lazy\" decoding=\"async\" width=\"768\" height=\"432\" src=\"https:\/\/hellart.work\/wp-content\/uploads\/2024\/11\/too-valismaal-768x432.png\" class=\"attachment-medium_large size-medium_large wp-post-image\" alt=\"\" srcset=\"https:\/\/hellart.work\/wp-content\/uploads\/2024\/11\/too-valismaal-768x432.png 768w, https:\/\/hellart.work\/wp-content\/uploads\/2024\/11\/too-valismaal-300x169.png 300w, https:\/\/hellart.work\/wp-content\/uploads\/2024\/11\/too-valismaal-1024x576.png 1024w, https:\/\/hellart.work\/wp-content\/uploads\/2024\/11\/too-valismaal-1536x864.png 1536w, https:\/\/hellart.work\/wp-content\/uploads\/2024\/11\/too-valismaal-2048x1152.png 2048w\" sizes=\"auto, (max-width: 768px) 100vw, 768px\" \/><\/a>\r\n\t\t\t\t\t\t\t<\/div>\r\n\t\t\t\t\t\t\t\t\t\t\t<\/div>\r\n\t\t\t\t\t\r\n\t\t\t\t\t<div class=\"news-content\">\r\n\t\t\t\t\t\t\t\t\t\t\t\t\t<div class=\"grid-date-post\">\r\n\t\t\t\t\t\t\t\t5. novembra, 2024\t\t\t\t\t\t\t<\/div>\r\n\t\t\t\t\t\t\r\n\t\t\t\t\t\t<div class=\"post-content-text\">\r\n\t\t\t\t\t\t\t<h3 class=\"news-title\"><a href=\"https:\/\/hellart.work\/sl\/news\/delo-na-nizozemskem-z-nastanitvijo-priljubljena-prosta-delovna-mesta-in-pogoji\/\" rel=\"bookmark\">Delo na Nizozemskem z nastanitvijo: priljubljena prosta delovna mesta in pogoji<\/a><\/h3>\t\t\t\t\t\t\t\t<div class=\"news-content-excerpt\">\r\n\t\t\t\t\t\t\t\t\t\t\t\t\t\t\t\t\t\t\t<div class=\"news-short-content\">\r\n\t\t\t\t\t\t\t\t\t\t\tDelo v tujini je prilo\u017enost ne le za izbolj\u0161anje finan\u010dnega polo\u017eaja, ampak tudi za pridobivanje mednarodnih kariernih izku\u0161enj. Nizozemska, znana&#8230;\t\t\t\t\t\t\t\t\t\t<\/div>\r\n\t\t\t\t\t\t\t\t\t\t<a href=\"https:\/\/hellart.work\/sl\/news\/delo-na-nizozemskem-z-nastanitvijo-priljubljena-prosta-delovna-mesta-in-pogoji\/\" class=\"news-more-link\">Read More<\/a>\r\n\t\t\t\t\t\t\t\t\t\t\t\t\t\t\t\t\t<\/div><!-- .entry-content -->\r\n\t\t\t\t\t\t\t\t\t\t\t\t\t<\/div>\r\n\t\t\t\t\t<\/div>\r\n\t\t\t\t<\/div><!-- #post-## -->\r\n\t\t\t<\/div><!-- #post-## -->\r\n\t\t\r\n\t\t\t<div id=\"post-3656\" class=\"news type-news wpnaw-blog-class has-date news-col-3 wpnaw-first\">\r\n\t\t\t\t<div class=\"news-inner-wrap-view news-clearfix \">\r\n\r\n\t\t\t\t\t\t\t\t\t\t<div class=\"news-thumb\">\r\n\t\t\t\t\t\t\t\t\t\t\t\t\t<div class=\"grid-news-thumb\">\r\n\t\t\t\t\t\t\t\t<a href=\"https:\/\/hellart.work\/sl\/news\/seznam-najboljsih-agencij-za-zaposlovanje-na-nizozemskem\/\"><img loading=\"lazy\" decoding=\"async\" width=\"752\" height=\"465\" src=\"https:\/\/hellart.work\/wp-content\/uploads\/2024\/09\/Top-10-Recruitment-Agencies-in-Netherlands.jpg\" class=\"attachment-medium_large size-medium_large wp-post-image\" alt=\"\" srcset=\"https:\/\/hellart.work\/wp-content\/uploads\/2024\/09\/Top-10-Recruitment-Agencies-in-Netherlands.jpg 752w, https:\/\/hellart.work\/wp-content\/uploads\/2024\/09\/Top-10-Recruitment-Agencies-in-Netherlands-300x186.jpg 300w\" sizes=\"auto, (max-width: 752px) 100vw, 752px\" \/><\/a>\r\n\t\t\t\t\t\t\t<\/div>\r\n\t\t\t\t\t\t\t\t\t\t\t<\/div>\r\n\t\t\t\t\t\r\n\t\t\t\t\t<div class=\"news-content\">\r\n\t\t\t\t\t\t\t\t\t\t\t\t\t<div class=\"grid-date-post\">\r\n\t\t\t\t\t\t\t\t19. septembra, 2024\t\t\t\t\t\t\t<\/div>\r\n\t\t\t\t\t\t\r\n\t\t\t\t\t\t<div class=\"post-content-text\">\r\n\t\t\t\t\t\t\t<h3 class=\"news-title\"><a href=\"https:\/\/hellart.work\/sl\/news\/seznam-najboljsih-agencij-za-zaposlovanje-na-nizozemskem\/\" rel=\"bookmark\">Seznam najbolj\u0161ih agencij za zaposlovanje na Nizozemskem<\/a><\/h3>\t\t\t\t\t\t\t\t<div class=\"news-content-excerpt\">\r\n\t\t\t\t\t\t\t\t\t\t\t\t\t\t\t\t\t\t\t<div class=\"news-short-content\">\r\n\t\t\t\t\t\t\t\t\t\t\tNizozemska je dom \u0161tevilnih agencij za zaposlovanje, ki skrbijo za razli\u010dne industrije, od logistike in proizvodnje do IT in zdravstva&#8230;.\t\t\t\t\t\t\t\t\t\t<\/div>\r\n\t\t\t\t\t\t\t\t\t\t<a href=\"https:\/\/hellart.work\/sl\/news\/seznam-najboljsih-agencij-za-zaposlovanje-na-nizozemskem\/\" class=\"news-more-link\">Read More<\/a>\r\n\t\t\t\t\t\t\t\t\t\t\t\t\t\t\t\t\t<\/div><!-- .entry-content -->\r\n\t\t\t\t\t\t\t\t\t\t\t\t\t<\/div>\r\n\t\t\t\t\t<\/div>\r\n\t\t\t\t<\/div><!-- #post-## -->\r\n\t\t\t<\/div><!-- #post-## -->\r\n\t\t\r\n\t\t\t<div id=\"post-3679\" class=\"news type-news wpnaw-blog-class has-date news-col-3\">\r\n\t\t\t\t<div class=\"news-inner-wrap-view news-clearfix \">\r\n\r\n\t\t\t\t\t\t\t\t\t\t<div class=\"news-thumb\">\r\n\t\t\t\t\t\t\t\t\t\t\t\t\t<div class=\"grid-news-thumb\">\r\n\t\t\t\t\t\t\t\t<a href=\"https:\/\/hellart.work\/sl\/news\/zakaj-je-nizozemska-odlicen-kraj-za-delo-prednosti-zaposlitve-na-nizozemskem\/\"><img loading=\"lazy\" decoding=\"async\" width=\"768\" height=\"512\" src=\"https:\/\/hellart.work\/wp-content\/uploads\/2024\/09\/Order-picker-with-EPT-experience-Fresh-department-768x512.jpg\" class=\"attachment-medium_large size-medium_large wp-post-image\" alt=\"\" srcset=\"https:\/\/hellart.work\/wp-content\/uploads\/2024\/09\/Order-picker-with-EPT-experience-Fresh-department-768x512.jpg 768w, https:\/\/hellart.work\/wp-content\/uploads\/2024\/09\/Order-picker-with-EPT-experience-Fresh-department-300x200.jpg 300w, https:\/\/hellart.work\/wp-content\/uploads\/2024\/09\/Order-picker-with-EPT-experience-Fresh-department-1024x682.jpg 1024w, https:\/\/hellart.work\/wp-content\/uploads\/2024\/09\/Order-picker-with-EPT-experience-Fresh-department-1536x1024.jpg 1536w, https:\/\/hellart.work\/wp-content\/uploads\/2024\/09\/Order-picker-with-EPT-experience-Fresh-department.jpg 1601w\" sizes=\"auto, (max-width: 768px) 100vw, 768px\" \/><\/a>\r\n\t\t\t\t\t\t\t<\/div>\r\n\t\t\t\t\t\t\t\t\t\t\t<\/div>\r\n\t\t\t\t\t\r\n\t\t\t\t\t<div class=\"news-content\">\r\n\t\t\t\t\t\t\t\t\t\t\t\t\t<div class=\"grid-date-post\">\r\n\t\t\t\t\t\t\t\t3. septembra, 2024\t\t\t\t\t\t\t<\/div>\r\n\t\t\t\t\t\t\r\n\t\t\t\t\t\t<div class=\"post-content-text\">\r\n\t\t\t\t\t\t\t<h3 class=\"news-title\"><a href=\"https:\/\/hellart.work\/sl\/news\/zakaj-je-nizozemska-odlicen-kraj-za-delo-prednosti-zaposlitve-na-nizozemskem\/\" rel=\"bookmark\">Zakaj je Nizozemska odli\u010den kraj za delo: Prednosti zaposlitve na Nizozemskem<\/a><\/h3>\t\t\t\t\t\t\t\t<div class=\"news-content-excerpt\">\r\n\t\t\t\t\t\t\t\t\t\t\t\t\t\t\t\t\t\t\t<div class=\"news-short-content\">\r\n\t\t\t\t\t\t\t\t\t\t\tNizozemska je postala ena najprivla\u010dnej\u0161ih evropskih destinacij za strokovnjake, ki i\u0161\u010dejo nove prilo\u017enosti. Dr\u017eava s cveto\u010dim gospodarstvom, progresivno kulturo dela&#8230;\t\t\t\t\t\t\t\t\t\t<\/div>\r\n\t\t\t\t\t\t\t\t\t\t<a href=\"https:\/\/hellart.work\/sl\/news\/zakaj-je-nizozemska-odlicen-kraj-za-delo-prednosti-zaposlitve-na-nizozemskem\/\" class=\"news-more-link\">Read More<\/a>\r\n\t\t\t\t\t\t\t\t\t\t\t\t\t\t\t\t\t<\/div><!-- .entry-content -->\r\n\t\t\t\t\t\t\t\t\t\t\t\t\t<\/div>\r\n\t\t\t\t\t<\/div>\r\n\t\t\t\t<\/div><!-- #post-## -->\r\n\t\t\t<\/div><!-- #post-## -->\r\n\t\t\r\n\t\t\t<div id=\"post-3799\" class=\"news type-news wpnaw-blog-class has-date news-col-3 wpnaw-last\">\r\n\t\t\t\t<div class=\"news-inner-wrap-view news-clearfix \">\r\n\r\n\t\t\t\t\t\t\t\t\t\t<div class=\"news-thumb\">\r\n\t\t\t\t\t\t\t\t\t\t\t\t\t<div class=\"grid-news-thumb\">\r\n\t\t\t\t\t\t\t\t<a href=\"https:\/\/hellart.work\/sl\/news\/kako-najti-sluzbo-na-nizozemskem-vodnik-po-korakih-za-tuje-iskalce-zaposlitve\/\"><img loading=\"lazy\" decoding=\"async\" width=\"768\" height=\"481\" src=\"https:\/\/hellart.work\/wp-content\/uploads\/2024\/09\/Screenshot-2024-09-19-at-13.10.46-768x481.png\" class=\"attachment-medium_large size-medium_large wp-post-image\" alt=\"\" srcset=\"https:\/\/hellart.work\/wp-content\/uploads\/2024\/09\/Screenshot-2024-09-19-at-13.10.46-768x481.png 768w, https:\/\/hellart.work\/wp-content\/uploads\/2024\/09\/Screenshot-2024-09-19-at-13.10.46-300x188.png 300w, https:\/\/hellart.work\/wp-content\/uploads\/2024\/09\/Screenshot-2024-09-19-at-13.10.46-1024x642.png 1024w, https:\/\/hellart.work\/wp-content\/uploads\/2024\/09\/Screenshot-2024-09-19-at-13.10.46.png 1248w\" sizes=\"auto, (max-width: 768px) 100vw, 768px\" \/><\/a>\r\n\t\t\t\t\t\t\t<\/div>\r\n\t\t\t\t\t\t\t\t\t\t\t<\/div>\r\n\t\t\t\t\t\r\n\t\t\t\t\t<div class=\"news-content\">\r\n\t\t\t\t\t\t\t\t\t\t\t\t\t<div class=\"grid-date-post\">\r\n\t\t\t\t\t\t\t\t18. avgusta, 2024\t\t\t\t\t\t\t<\/div>\r\n\t\t\t\t\t\t\r\n\t\t\t\t\t\t<div class=\"post-content-text\">\r\n\t\t\t\t\t\t\t<h3 class=\"news-title\"><a href=\"https:\/\/hellart.work\/sl\/news\/kako-najti-sluzbo-na-nizozemskem-vodnik-po-korakih-za-tuje-iskalce-zaposlitve\/\" rel=\"bookmark\">Kako najti slu\u017ebo na Nizozemskem: vodnik po korakih za tuje iskalce zaposlitve<\/a><\/h3>\t\t\t\t\t\t\t\t<div class=\"news-content-excerpt\">\r\n\t\t\t\t\t\t\t\t\t\t\t\t\t\t\t\t\t\t\t<div class=\"news-short-content\">\r\n\t\t\t\t\t\t\t\t\t\t\tIskanje zaposlitve na Nizozemskem kot tujec je lahko vznemirljiva, a hkrati zahtevna izku\u0161nja. S pravim znanjem in strategijami lahko pove\u010date&#8230;\t\t\t\t\t\t\t\t\t\t<\/div>\r\n\t\t\t\t\t\t\t\t\t\t<a href=\"https:\/\/hellart.work\/sl\/news\/kako-najti-sluzbo-na-nizozemskem-vodnik-po-korakih-za-tuje-iskalce-zaposlitve\/\" class=\"news-more-link\">Read More<\/a>\r\n\t\t\t\t\t\t\t\t\t\t\t\t\t\t\t\t\t<\/div><!-- .entry-content -->\r\n\t\t\t\t\t\t\t\t\t\t\t\t\t<\/div>\r\n\t\t\t\t\t<\/div>\r\n\t\t\t\t<\/div><!-- #post-## -->\r\n\t\t\t<\/div><!-- #post-## -->\r\n\t\t\r\n\t\t\t<div id=\"post-3803\" class=\"news type-news wpnaw-blog-class has-date news-col-3 wpnaw-first\">\r\n\t\t\t\t<div class=\"news-inner-wrap-view news-clearfix \">\r\n\r\n\t\t\t\t\t\t\t\t\t\t<div class=\"news-thumb\">\r\n\t\t\t\t\t\t\t\t\t\t\t\t\t<div class=\"grid-news-thumb\">\r\n\t\t\t\t\t\t\t\t<a href=\"https:\/\/hellart.work\/sl\/news\/uvod-v-delo-na-nizozemskem\/\"><img loading=\"lazy\" decoding=\"async\" width=\"768\" height=\"513\" src=\"https:\/\/hellart.work\/wp-content\/uploads\/2024\/09\/Order-picker-with-VOG-2-768x513.jpg\" class=\"attachment-medium_large size-medium_large wp-post-image\" alt=\"\" srcset=\"https:\/\/hellart.work\/wp-content\/uploads\/2024\/09\/Order-picker-with-VOG-2-768x513.jpg 768w, https:\/\/hellart.work\/wp-content\/uploads\/2024\/09\/Order-picker-with-VOG-2-300x200.jpg 300w, https:\/\/hellart.work\/wp-content\/uploads\/2024\/09\/Order-picker-with-VOG-2-1024x683.jpg 1024w, https:\/\/hellart.work\/wp-content\/uploads\/2024\/09\/Order-picker-with-VOG-2-1536x1025.jpg 1536w, https:\/\/hellart.work\/wp-content\/uploads\/2024\/09\/Order-picker-with-VOG-2-2048x1367.jpg 2048w\" sizes=\"auto, (max-width: 768px) 100vw, 768px\" \/><\/a>\r\n\t\t\t\t\t\t\t<\/div>\r\n\t\t\t\t\t\t\t\t\t\t\t<\/div>\r\n\t\t\t\t\t\r\n\t\t\t\t\t<div class=\"news-content\">\r\n\t\t\t\t\t\t\t\t\t\t\t\t\t<div class=\"grid-date-post\">\r\n\t\t\t\t\t\t\t\t3. avgusta, 2024\t\t\t\t\t\t\t<\/div>\r\n\t\t\t\t\t\t\r\n\t\t\t\t\t\t<div class=\"post-content-text\">\r\n\t\t\t\t\t\t\t<h3 class=\"news-title\"><a href=\"https:\/\/hellart.work\/sl\/news\/uvod-v-delo-na-nizozemskem\/\" rel=\"bookmark\">Uvod v delo na Nizozemskem<\/a><\/h3>\t\t\t\t\t\t\t\t<div class=\"news-content-excerpt\">\r\n\t\t\t\t\t\t\t\t\t\t\t\t\t\t\t\t\t\t\t<div class=\"news-short-content\">\r\n\t\t\t\t\t\t\t\t\t\t\t1. Uvod v delo na Nizozemskem Nizozemski trg dela je bil dosledno odprt za mednarodne delavce zaradi odprtega gospodarstva dr\u017eave&#8230;\t\t\t\t\t\t\t\t\t\t<\/div>\r\n\t\t\t\t\t\t\t\t\t\t<a href=\"https:\/\/hellart.work\/sl\/news\/uvod-v-delo-na-nizozemskem\/\" class=\"news-more-link\">Read More<\/a>\r\n\t\t\t\t\t\t\t\t\t\t\t\t\t\t\t\t\t<\/div><!-- .entry-content -->\r\n\t\t\t\t\t\t\t\t\t\t\t\t\t<\/div>\r\n\t\t\t\t\t<\/div>\r\n\t\t\t\t<\/div><!-- #post-## -->\r\n\t\t\t<\/div><!-- #post-## -->\r\n\t\t\r\n\t\t\t<div id=\"post-3757\" class=\"news type-news wpnaw-blog-class has-date news-col-3\">\r\n\t\t\t\t<div class=\"news-inner-wrap-view news-clearfix \">\r\n\r\n\t\t\t\t\t\t\t\t\t\t<div class=\"news-thumb\">\r\n\t\t\t\t\t\t\t\t\t\t\t\t\t<div class=\"grid-news-thumb\">\r\n\t\t\t\t\t\t\t\t<a href=\"https:\/\/hellart.work\/sl\/news\/iscete-sluzbo-na-nizozemskem-brez-diplome\/\"><img loading=\"lazy\" decoding=\"async\" width=\"768\" height=\"356\" src=\"https:\/\/hellart.work\/wp-content\/uploads\/2024\/09\/Production-worker-768x356.jpg\" class=\"attachment-medium_large size-medium_large wp-post-image\" alt=\"\" srcset=\"https:\/\/hellart.work\/wp-content\/uploads\/2024\/09\/Production-worker-768x356.jpg 768w, https:\/\/hellart.work\/wp-content\/uploads\/2024\/09\/Production-worker-300x139.jpg 300w, https:\/\/hellart.work\/wp-content\/uploads\/2024\/09\/Production-worker-1024x475.jpg 1024w, https:\/\/hellart.work\/wp-content\/uploads\/2024\/09\/Production-worker-1536x712.jpg 1536w, https:\/\/hellart.work\/wp-content\/uploads\/2024\/09\/Production-worker-2048x949.jpg 2048w\" sizes=\"auto, (max-width: 768px) 100vw, 768px\" \/><\/a>\r\n\t\t\t\t\t\t\t<\/div>\r\n\t\t\t\t\t\t\t\t\t\t\t<\/div>\r\n\t\t\t\t\t\r\n\t\t\t\t\t<div class=\"news-content\">\r\n\t\t\t\t\t\t\t\t\t\t\t\t\t<div class=\"grid-date-post\">\r\n\t\t\t\t\t\t\t\t25. julija, 2024\t\t\t\t\t\t\t<\/div>\r\n\t\t\t\t\t\t\r\n\t\t\t\t\t\t<div class=\"post-content-text\">\r\n\t\t\t\t\t\t\t<h3 class=\"news-title\"><a href=\"https:\/\/hellart.work\/sl\/news\/iscete-sluzbo-na-nizozemskem-brez-diplome\/\" rel=\"bookmark\">I\u0161\u010dete slu\u017ebo na Nizozemskem brez diplome?<\/a><\/h3>\t\t\t\t\t\t\t\t<div class=\"news-content-excerpt\">\r\n\t\t\t\t\t\t\t\t\t\t\t\t\t\t\t\t\t\t\t<div class=\"news-short-content\">\r\n\t\t\t\t\t\t\t\t\t\t\tPri\u0161li ste na pravo mesto! Ponujamo \u0161iroko paleto zaposlitvenih mo\u017enosti pri vrhunskih delodajalcih v panogah, kot so embala\u017ea, logistika, recikliranje,&#8230;\t\t\t\t\t\t\t\t\t\t<\/div>\r\n\t\t\t\t\t\t\t\t\t\t<a href=\"https:\/\/hellart.work\/sl\/news\/iscete-sluzbo-na-nizozemskem-brez-diplome\/\" class=\"news-more-link\">Read More<\/a>\r\n\t\t\t\t\t\t\t\t\t\t\t\t\t\t\t\t\t<\/div><!-- .entry-content -->\r\n\t\t\t\t\t\t\t\t\t\t\t\t\t<\/div>\r\n\t\t\t\t\t<\/div>\r\n\t\t\t\t<\/div><!-- #post-## -->\r\n\t\t\t<\/div><!-- #post-## -->\r\n\t\t\r\n\t\t\t<div id=\"post-3759\" class=\"news type-news wpnaw-blog-class has-date news-col-3 wpnaw-last\">\r\n\t\t\t\t<div class=\"news-inner-wrap-view news-clearfix \">\r\n\r\n\t\t\t\t\t\t\t\t\t\t<div class=\"news-thumb\">\r\n\t\t\t\t\t\t\t\t\t\t\t\t\t<div class=\"grid-news-thumb\">\r\n\t\t\t\t\t\t\t\t<a href=\"https:\/\/hellart.work\/sl\/news\/delo-na-nizozemskem-z-namestitvijo\/\"><img loading=\"lazy\" decoding=\"async\" width=\"768\" height=\"502\" src=\"https:\/\/hellart.work\/wp-content\/uploads\/2024\/09\/Work-in-netherlands-with-accommodation--768x502.jpeg\" class=\"attachment-medium_large size-medium_large wp-post-image\" alt=\"\" srcset=\"https:\/\/hellart.work\/wp-content\/uploads\/2024\/09\/Work-in-netherlands-with-accommodation--768x502.jpeg 768w, https:\/\/hellart.work\/wp-content\/uploads\/2024\/09\/Work-in-netherlands-with-accommodation--300x196.jpeg 300w, https:\/\/hellart.work\/wp-content\/uploads\/2024\/09\/Work-in-netherlands-with-accommodation--1024x670.jpeg 1024w, https:\/\/hellart.work\/wp-content\/uploads\/2024\/09\/Work-in-netherlands-with-accommodation--1536x1004.jpeg 1536w, https:\/\/hellart.work\/wp-content\/uploads\/2024\/09\/Work-in-netherlands-with-accommodation-.jpeg 2048w\" sizes=\"auto, (max-width: 768px) 100vw, 768px\" \/><\/a>\r\n\t\t\t\t\t\t\t<\/div>\r\n\t\t\t\t\t\t\t\t\t\t\t<\/div>\r\n\t\t\t\t\t\r\n\t\t\t\t\t<div class=\"news-content\">\r\n\t\t\t\t\t\t\t\t\t\t\t\t\t<div class=\"grid-date-post\">\r\n\t\t\t\t\t\t\t\t1. julija, 2024\t\t\t\t\t\t\t<\/div>\r\n\t\t\t\t\t\t\r\n\t\t\t\t\t\t<div class=\"post-content-text\">\r\n\t\t\t\t\t\t\t<h3 class=\"news-title\"><a href=\"https:\/\/hellart.work\/sl\/news\/delo-na-nizozemskem-z-namestitvijo\/\" rel=\"bookmark\">Delo na Nizozemskem z namestitvijo<\/a><\/h3>\t\t\t\t\t\t\t\t<div class=\"news-content-excerpt\">\r\n\t\t\t\t\t\t\t\t\t\t\t\t\t\t\t\t\t\t\t<div class=\"news-short-content\">\r\n\t\t\t\t\t\t\t\t\t\t\tI\u0161\u010dete slu\u017ebo na Nizozemskem, ki ne zahteva diplome? Na pravem ste mestu! Ponujamo \u0161iroko paleto prostih delovnih mest z vrhunskimi&#8230;\t\t\t\t\t\t\t\t\t\t<\/div>\r\n\t\t\t\t\t\t\t\t\t\t<a href=\"https:\/\/hellart.work\/sl\/news\/delo-na-nizozemskem-z-namestitvijo\/\" class=\"news-more-link\">Read More<\/a>\r\n\t\t\t\t\t\t\t\t\t\t\t\t\t\t\t\t\t<\/div><!-- .entry-content -->\r\n\t\t\t\t\t\t\t\t\t\t\t\t\t<\/div>\r\n\t\t\t\t\t<\/div>\r\n\t\t\t\t<\/div><!-- #post-## -->\r\n\t\t\t<\/div><!-- #post-## -->\r\n\t\t\t<\/div>\r\n\r\n\t\n\n\n<p><\/p>\n","protected":false},"excerpt":{"rendered":"","protected":false},"author":1,"featured_media":0,"parent":0,"menu_order":0,"comment_status":"closed","ping_status":"closed","template":"","meta":{"_monsterinsights_skip_tracking":false,"_monsterinsights_sitenote_active":false,"_monsterinsights_sitenote_note":"","_monsterinsights_sitenote_category":0,"_uf_show_specific_survey":0,"_uf_disable_surveys":false,"footnotes":""},"class_list":["post-2168","page","type-page","status-publish","hentry"],"blocksy_meta":[],"_links":{"self":[{"href":"https:\/\/hellart.work\/sl\/wp-json\/wp\/v2\/pages\/2168","targetHints":{"allow":["GET"]}}],"collection":[{"href":"https:\/\/hellart.work\/sl\/wp-json\/wp\/v2\/pages"}],"about":[{"href":"https:\/\/hellart.work\/sl\/wp-json\/wp\/v2\/types\/page"}],"author":[{"embeddable":true,"href":"https:\/\/hellart.work\/sl\/wp-json\/wp\/v2\/users\/1"}],"replies":[{"embeddable":true,"href":"https:\/\/hellart.work\/sl\/wp-json\/wp\/v2\/comments?post=2168"}],"version-history":[{"count":1,"href":"https:\/\/hellart.work\/sl\/wp-json\/wp\/v2\/pages\/2168\/revisions"}],"predecessor-version":[{"id":2169,"href":"https:\/\/hellart.work\/sl\/wp-json\/wp\/v2\/pages\/2168\/revisions\/2169"}],"wp:attachment":[{"href":"https:\/\/hellart.work\/sl\/wp-json\/wp\/v2\/media?parent=2168"}],"curies":[{"name":"wp","href":"https:\/\/api.w.org\/{rel}","templated":true}]}}