{"id":2213,"date":"2022-08-15T08:25:16","date_gmt":"2022-08-15T08:25:16","guid":{"rendered":"https:\/\/hellart.work\/pisite-na\/"},"modified":"2024-11-04T09:32:01","modified_gmt":"2024-11-04T09:32:01","slug":"pisite-na","status":"publish","type":"page","link":"https:\/\/hellart.work\/sl\/pisite-na\/","title":{"rendered":"Pi\u0161ite na"},"content":{"rendered":"\n<div class=\"wp-block-stackable-columns stk-block-columns stk-block stk-0d7a6f8\" data-block-id=\"0d7a6f8\"><style>.stk-0d7a6f8 {margin-bottom:0px !important;}.stk-0d7a6f8-column{--stk-column-gap:20px !important;}<\/style><div class=\"stk-row stk-inner-blocks stk-block-content stk-content-align stk-0d7a6f8-column\">\n<div class=\"wp-block-stackable-column stk-block-column stk-column stk-block stk-5edb462\" data-v=\"4\" data-block-id=\"5edb462\"><style>.stk-5edb462-container{margin-top:0px !important;margin-right:0px !important;margin-bottom:0px !important;margin-left:0px !important;}.stk-5edb462 {align-self:center !important;padding-top:120px !important;padding-bottom:220px !important;z-index:2 !important;}@media screen and (min-width:690px){.stk-5edb462 {flex:var(--stk-flex-grow, 1) 1 calc(30% - var(--stk-column-gap, 0px) * 1 \/ 2 ) !important;}}@media screen and (max-width:689px){.stk-5edb462 {padding-top:80px !important;padding-bottom:80px !important;}}<\/style><div class=\"stk-column-wrapper stk-block-column__content stk-container stk-5edb462-container stk--no-background stk--no-padding\"><div class=\"stk-block-content stk-inner-blocks stk-5edb462-inner-blocks\">\n<div class=\"wp-block-stackable-heading stk-block-heading stk-block-heading--v2 stk-block stk-8ee82f9\" id=\"we-span-style-color-var-palette-color-1-ff-6310-class-stk-highlight-know-how-span-to-make-span-style-color-var-palette-color-1-ff-6310-class-stk-highlight-a-home-span-better\" data-block-id=\"8ee82f9\"><style>.stk-8ee82f9 {margin-right:-250px !important;margin-bottom:50px !important;}.stk-8ee82f9 .stk-block-heading__text{font-size:65px !important;}@media screen and (max-width:999px){.stk-8ee82f9 {margin-right:-200px !important;margin-bottom:20px !important;}.stk-8ee82f9 .stk-block-heading__text{font-size:30px !important;}}@media screen and (max-width:689px){.stk-8ee82f9 {margin-right:0px !important;}}<\/style><h2 class=\"stk-block-heading__text has-text-align-center-mobile\"><span style=\"color: var(--theme-palette-color-1, #ff492d);\" class=\"stk-highlight\">Vemo, kako<\/span> izbolj\u0161ati <span style=\"color: var(--theme-palette-color-1, #ff492d);\" class=\"stk-highlight\">delo <\/span><\/h2><\/div>\n\n\n\n<div class=\"wp-block-stackable-text stk-block-text stk-block stk-1c8f221\" data-block-id=\"1c8f221\"><style>.stk-1c8f221 {margin-bottom:0px !important;}.stk-1c8f221 .stk-block-text__text{font-size:20px !important;color:var(--theme-palette-color-4, #1E262E) !important;}@media screen and (max-width:999px){.stk-1c8f221 .stk-block-text__text{font-size:18px !important;}}<\/style><p class=\"stk-block-text__text has-text-color has-text-align-center-mobile\">Kontaktirajte nas za podrobne informacije in odgovore na vsa va\u0161a vpra\u0161anja \u2014 vedno smo tu, da vam pomagamo!<\/p><\/div>\n<\/div><\/div><\/div>\n\n\n\n<div class=\"wp-block-stackable-column stk-block-column stk-column stk-block stk-dbe9f6a stk-block-background stk--has-background-overlay\" data-v=\"4\" data-block-id=\"dbe9f6a\"><style>.stk-dbe9f6a-container{margin-top:0px !important;margin-right:0px !important;margin-bottom:0px !important;margin-left:0px !important;}.stk-dbe9f6a {background-image:url(https:\/\/hellart.work\/wp-content\/uploads\/2024\/09\/pexels-tima-miroshnichenko-6508534-scaled.jpg) !important;background-position:top center !important;background-repeat:no-repeat !important;background-size:cover !important;min-height:460px !important;padding-top:0px !important;padding-right:0px !important;padding-bottom:0px !important;padding-left:0px !important;right:-120px !important;}@media screen and (min-width:690px){.stk-dbe9f6a {flex:var(--stk-flex-grow, 1) 1 calc(70% - var(--stk-column-gap, 0px) * 1 \/ 2 ) !important;}}@media screen and (max-width:999px){.stk-dbe9f6a {right:-50px !important;}}@media screen and (max-width:689px){.stk-dbe9f6a {right:0px !important;}}<\/style><div class=\"stk-column-wrapper stk-block-column__content stk-container stk-dbe9f6a-container stk--no-background stk--no-padding\"><div class=\"stk-block-content stk-inner-blocks stk-dbe9f6a-inner-blocks\"><\/div><\/div><\/div>\n<\/div><\/div>\n\n<div class=\"wp-block-stackable-columns stk-block-columns stk-block stk-bd62231 stk-block-background\" data-block-id=\"bd62231\"><style>.stk-bd62231 {background-color:var(--theme-palette-color-4, #1E262E) !important;padding-top:60px !important;padding-right:100px !important;padding-bottom:60px !important;padding-left:100px !important;margin-top:-120px !important;margin-bottom:0px !important;}.stk-bd62231:before{background-color:var(--theme-palette-color-4, #1E262E) !important;}.stk-bd62231-column{--stk-column-gap:50px !important;row-gap:50px !important;}@media screen and (max-width:999px){.stk-bd62231 {padding-top:40px !important;padding-right:40px !important;padding-bottom:40px !important;padding-left:40px !important;}}@media screen and (max-width:689px){.stk-bd62231 {margin-top:80px !important;}}<\/style><div class=\"stk-row stk-inner-blocks stk-block-content stk-content-align stk-bd62231-column\">\n<div class=\"wp-block-stackable-column stk-block-column stk-column stk-block stk-3fc64e8\" data-v=\"4\" data-block-id=\"3fc64e8\"><style>.stk-3fc64e8-container{margin-top:0px !important;margin-right:0px !important;margin-bottom:0px !important;margin-left:0px !important;}<\/style><div class=\"stk-column-wrapper stk-block-column__content stk-container stk-3fc64e8-container stk--no-background stk--no-padding\"><div class=\"stk-block-content stk-inner-blocks stk-3fc64e8-inner-blocks\">\n<div class=\"wp-block-stackable-icon-box stk-block-icon-box stk-block stk-a58a5e5\" data-v=\"2\" data-block-id=\"a58a5e5\"><div class=\"stk-block-content stk-inner-blocks stk-block-icon-box__content stk-container stk-a58a5e5-container stk--no-background stk--no-padding\">\n<div class=\"wp-block-stackable-icon-label stk-block-icon-label stk-block stk-3346b16\" data-block-id=\"3346b16\"><style>.stk-3346b16 .stk-inner-blocks{gap:40px !important;}.stk-3346b16 {margin-bottom:20px !important;}@media screen and (max-width:999px){.stk-3346b16 .stk-inner-blocks{gap:40px !important;}}@media screen and (max-width:689px){.stk-3346b16 .stk-inner-blocks{gap:40px !important;}}<\/style><div class=\"stk-row stk-inner-blocks stk-block-content\">\n<div class=\"wp-block-stackable-icon stk-block-icon has-text-align-left stk-block stk-6d6fb60\" data-block-id=\"6d6fb60\"><style>.stk-6d6fb60 .stk--svg-wrapper .stk--inner-svg svg:last-child{height:24px !important;width:24px !important;}<\/style><span class=\"stk--svg-wrapper\"><div class=\"stk--inner-svg\"><svg style=\"height:0;width:0\"><defs><lineargradient id=\"linear-gradient-6d6fb60\" x1=\"0\" x2=\"100%\" y1=\"0\" y2=\"0\"><stop offset=\"0%\" style=\"stop-opacity:1;stop-color:var(--linear-gradient-6-d-6-fb-60-color-1)\"><\/stop><stop offset=\"100%\" style=\"stop-opacity:1;stop-color:var(--linear-gradient-6-d-6-fb-60-color-2)\"><\/stop><\/lineargradient><\/defs><\/svg><svg class=\"ugb-custom-icon\" xmlns=\"http:\/\/www.w3.org\/2000\/svg\" viewbox=\"0 0 24 24\" style=\"enable-background:new 0 0 24 24\" xml:space=\"preserve\" aria-hidden=\"true\" width=\"32\" height=\"32\"><path d=\"M24 18v3.6c0 1.3-1.1 2.4-2.4 2.4h-.2c-3.7-.4-7.3-1.7-10.4-3.7-3-1.9-5.4-4.3-7.3-7.2C1.7 9.9.4 6.3 0 2.6-.1 1.3.9.1 2.2 0H6c1.2 0 2.2.9 2.4 2.1.2 1.2.4 2.3.8 3.4.4.8.2 1.8-.5 2.5L7.2 9.5c1.7 3 4.2 5.5 7.2 7.2l1.5-1.5c.7-.7 1.7-.9 2.5-.5 1.1.4 2.2.7 3.4.8 1.3.2 2.2 1.2 2.2 2.5z\" style=\"fill:#ec6a2b\"><\/path><\/svg><\/div><\/span><\/div>\n\n\n\n<div class=\"wp-block-stackable-heading stk-block-heading stk-block-heading--v2 stk-block stk-bd34d99\" id=\"phone\" data-block-id=\"bd34d99\"><style>.stk-bd34d99 .stk-block-heading__text{color:var(--theme-palette-color-8, #ffffff) !important;}@media screen and (max-width:999px){.stk-bd34d99 .stk-block-heading__text{font-size:20px !important;}}<\/style><h4 class=\"stk-block-heading__text has-text-color stk-block-heading--use-theme-margins\">Telefon<\/h4><\/div>\n<\/div><\/div>\n\n\n\n<div class=\"wp-block-stackable-text stk-block-text stk-block stk-ccfb9fe\" data-block-id=\"ccfb9fe\"><style>.stk-ccfb9fe {opacity:0.7 !important;}.stk-ccfb9fe .stk-block-text__text{color:var(--theme-palette-color-8, #ffffff) !important;}<\/style><p class=\"stk-block-text__text has-text-color\"><strong>+372 556 556 58 \/\/ WhatsApp<\/strong><\/p><\/div>\n<\/div><\/div>\n<\/div><\/div><\/div>\n\n\n\n<div class=\"wp-block-stackable-column stk-block-column stk-column stk-block stk-77300f6\" data-v=\"4\" data-block-id=\"77300f6\"><style>.stk-77300f6-container{margin-top:0px !important;margin-right:0px !important;margin-bottom:0px !important;margin-left:0px !important;}<\/style><div class=\"stk-column-wrapper stk-block-column__content stk-container stk-77300f6-container stk--no-background stk--no-padding\"><div class=\"stk-block-content stk-inner-blocks stk-77300f6-inner-blocks\">\n<div class=\"wp-block-stackable-icon-box stk-block-icon-box stk-block stk-6daad80\" data-v=\"2\" data-block-id=\"6daad80\"><div class=\"stk-block-content stk-inner-blocks stk-block-icon-box__content stk-container stk-6daad80-container stk--no-background stk--no-padding\">\n<div class=\"wp-block-stackable-icon-label stk-block-icon-label stk-block stk-1c6426f\" data-block-id=\"1c6426f\"><style>.stk-1c6426f .stk-inner-blocks{gap:40px !important;}.stk-1c6426f {margin-bottom:20px !important;}@media screen and (max-width:999px){.stk-1c6426f .stk-inner-blocks{gap:40px !important;}}@media screen and (max-width:689px){.stk-1c6426f .stk-inner-blocks{gap:40px !important;}}<\/style><div class=\"stk-row stk-inner-blocks stk-block-content\">\n<div class=\"wp-block-stackable-icon stk-block-icon has-text-align-left stk-block stk-d62847c\" data-block-id=\"d62847c\"><style>.stk-d62847c .stk--svg-wrapper .stk--inner-svg svg:last-child{height:24px !important;width:24px !important;}.stk-d62847c .stk--svg-wrapper .stk--inner-svg svg:last-child, .stk-d62847c .stk--svg-wrapper .stk--inner-svg svg:last-child :is(g, path, rect, polygon, ellipse){fill:#ff6900 !important;}<\/style><span class=\"stk--svg-wrapper\"><div class=\"stk--inner-svg\"><svg style=\"height:0;width:0\"><defs><lineargradient id=\"linear-gradient-d62847c\" x1=\"0\" x2=\"100%\" y1=\"0\" y2=\"0\"><stop offset=\"0%\" style=\"stop-opacity:1;stop-color:var(--linear-gradient-d-62847-c-color-1)\"><\/stop><stop offset=\"100%\" style=\"stop-opacity:1;stop-color:var(--linear-gradient-d-62847-c-color-2)\"><\/stop><\/lineargradient><\/defs><\/svg><svg xmlns=\"http:\/\/www.w3.org\/2000\/svg\" viewbox=\"0 0 512 512\" aria-hidden=\"true\" width=\"32\" height=\"32\"><path d=\"M48 64C21.5 64 0 85.5 0 112c0 15.1 7.1 29.3 19.2 38.4L236.8 313.6c11.4 8.5 27 8.5 38.4 0L492.8 150.4c12.1-9.1 19.2-23.3 19.2-38.4c0-26.5-21.5-48-48-48H48zM0 176V384c0 35.3 28.7 64 64 64H448c35.3 0 64-28.7 64-64V176L294.4 339.2c-22.8 17.1-54 17.1-76.8 0L0 176z\"><\/path><\/svg><\/div><\/span><\/div>\n\n\n\n<div class=\"wp-block-stackable-heading stk-block-heading stk-block-heading--v2 stk-block stk-f16a60f\" id=\"e-mail\" data-block-id=\"f16a60f\"><style>.stk-f16a60f .stk-block-heading__text{color:var(--theme-palette-color-8, #ffffff) !important;}@media screen and (max-width:999px){.stk-f16a60f .stk-block-heading__text{font-size:20px !important;}}<\/style><h4 class=\"stk-block-heading__text has-text-color stk-block-heading--use-theme-margins\">E-mail<\/h4><\/div>\n<\/div><\/div>\n\n\n\n<div class=\"wp-block-stackable-text stk-block-text stk-block stk-7847bbe\" data-block-id=\"7847bbe\"><style>.stk-7847bbe {opacity:0.7 !important;}.stk-7847bbe .stk-block-text__text{color:var(--theme-palette-color-8, #ffffff) !important;}<\/style><p class=\"stk-block-text__text has-text-color\"><a href=\"mailto:job@hellart.work\">job@hellart.work<\/a><\/p><\/div>\n<\/div><\/div>\n<\/div><\/div><\/div>\n\n\n\n<div class=\"wp-block-stackable-column stk-block-column stk-column stk-block stk-144504d\" data-v=\"4\" data-block-id=\"144504d\"><style>.stk-144504d-container{margin-top:0px !important;margin-right:0px !important;margin-bottom:0px !important;margin-left:0px !important;}<\/style><div class=\"stk-column-wrapper stk-block-column__content stk-container stk-144504d-container stk--no-background stk--no-padding\"><div class=\"stk-block-content stk-inner-blocks stk-144504d-inner-blocks\">\n<div class=\"wp-block-stackable-icon-box stk-block-icon-box stk-block stk-e2dab4e\" data-v=\"2\" data-block-id=\"e2dab4e\"><div class=\"stk-block-content stk-inner-blocks stk-block-icon-box__content stk-container stk-e2dab4e-container stk--no-background stk--no-padding\">\n<div class=\"wp-block-stackable-icon-label stk-block-icon-label stk-block stk-6cc02d1\" data-block-id=\"6cc02d1\"><style>.stk-6cc02d1 .stk-inner-blocks{gap:40px !important;}.stk-6cc02d1 {margin-bottom:20px !important;}@media screen and (max-width:999px){.stk-6cc02d1 .stk-inner-blocks{gap:40px !important;}}@media screen and (max-width:689px){.stk-6cc02d1 .stk-inner-blocks{gap:40px !important;}}<\/style><div class=\"stk-row stk-inner-blocks stk-block-content\">\n<div class=\"wp-block-stackable-icon stk-block-icon has-text-align-left stk-block stk-88ecc7a\" data-block-id=\"88ecc7a\"><style>.stk-88ecc7a .stk--svg-wrapper .stk--inner-svg svg:last-child{height:24px !important;width:24px !important;}<\/style><span class=\"stk--svg-wrapper\"><div class=\"stk--inner-svg\"><svg style=\"height:0;width:0\"><defs><lineargradient id=\"linear-gradient-88ecc7a\" x1=\"0\" x2=\"100%\" y1=\"0\" y2=\"0\"><stop offset=\"0%\" style=\"stop-opacity:1;stop-color:var(--linear-gradient-88-ecc-7-a-color-1)\"><\/stop><stop offset=\"100%\" style=\"stop-opacity:1;stop-color:var(--linear-gradient-88-ecc-7-a-color-2)\"><\/stop><\/lineargradient><\/defs><\/svg><svg class=\"ugb-custom-icon\" xmlns=\"http:\/\/www.w3.org\/2000\/svg\" viewbox=\"0 0 24 24\" style=\"enable-background:new 0 0 24 24\" xml:space=\"preserve\" aria-hidden=\"true\" width=\"32\" height=\"32\"><path d=\"M11.2 0h1.5c.4.1.8.1 1.2.2 2.2.4 4.3 1.3 6 2.8 2.1 1.8 3.4 4.2 3.9 6.9.1.4.1.9.2 1.3v1.7c-.1 1.8-.7 3.6-1.6 5.2-1.8 3-4.8 5.1-8.3 5.7-.4.1-.9.1-1.3.2h-1.5c-.3 0-.6-.1-.9-.1-5.2-.7-9.3-4.7-10.2-9.8-.1-.4-.1-.9-.2-1.3v-1.5c.1-.4.1-.8.2-1.2.4-2.4 1.5-4.7 3.3-6.5 1.7-1.8 4-3 6.5-3.4.4-.1.8-.1 1.2-.2M11 9.2v3.1c0 .4.1.7.4 1l4.8 4.8.2.2c.4.3 1.1.2 1.4-.2.3-.4.2-1-.2-1.4l-4.5-4.5c-.1-.1-.1-.2-.1-.3V6.1c0-.3-.1-.6-.3-.8-.3-.3-.7-.3-1-.2-.5.1-.7.5-.7.9v3.2\" style=\"fill:#ec6a2b\"><\/path><\/svg><\/div><\/span><\/div>\n\n\n\n<div class=\"wp-block-stackable-heading stk-block-heading stk-block-heading--v2 stk-block stk-bbf7ce1\" id=\"opening-hours\" data-block-id=\"bbf7ce1\"><style>.stk-bbf7ce1 .stk-block-heading__text{color:var(--theme-palette-color-8, #ffffff) !important;}@media screen and (max-width:999px){.stk-bbf7ce1 .stk-block-heading__text{font-size:20px !important;}}<\/style><h4 class=\"stk-block-heading__text has-text-color stk-block-heading--use-theme-margins\">Delovni \u010das<\/h4><\/div>\n<\/div><\/div>\n\n\n\n<div class=\"wp-block-stackable-text stk-block-text stk-block stk-0ef997a\" data-block-id=\"0ef997a\"><style>.stk-0ef997a {opacity:0.7 !important;}.stk-0ef997a .stk-block-text__text{color:var(--theme-palette-color-8, #ffffff) !important;}<\/style><p class=\"stk-block-text__text has-text-color\">Od ponedeljka do sobote<br\/>od 9.00 do 18.00<\/p><\/div>\n<\/div><\/div>\n<\/div><\/div><\/div>\n<\/div><\/div>\n\n<div class=\"wp-block-stackable-spacer stk-block-spacer stk--no-padding stk-block stk-3c7aadb\" data-block-id=\"3c7aadb\"><style>.stk-3c7aadb {height:130px !important;}@media screen and (max-width:999px){.stk-3c7aadb {height:80px !important;}}<\/style><\/div>\n\n<p><\/p>\n","protected":false},"excerpt":{"rendered":"<p>Vemo, kako izbolj\u0161ati delo Kontaktirajte nas za podrobne informacije in odgovore na vsa va\u0161a vpra\u0161anja \u2014 vedno smo tu, da vam pomagamo! Telefon +372 556 556 58 \/\/ WhatsApp E-mail job@hellart.work Delovni \u010das Od ponedeljka do soboteod 9.00 do 18.00<\/p>\n","protected":false},"author":1,"featured_media":0,"parent":0,"menu_order":0,"comment_status":"closed","ping_status":"closed","template":"","meta":{"_monsterinsights_skip_tracking":false,"_monsterinsights_sitenote_active":false,"_monsterinsights_sitenote_note":"","_monsterinsights_sitenote_category":0,"_uf_show_specific_survey":0,"_uf_disable_surveys":false,"footnotes":""},"class_list":["post-2213","page","type-page","status-publish","hentry"],"blocksy_meta":{"styles_descriptor":{"styles":{"desktop":"","tablet":"","mobile":""},"google_fonts":[],"version":6},"page_title_panel":"","has_hero_section":"disabled","b69d3f455930906fe384ceb626f6c86b":"","hero_section":"type-1","hero_elements":[{"id":"custom_title","enabled":true,"heading_tag":"h1","title":"Home"},{"id":"custom_description","enabled":true,"description_visibility":{"desktop":true,"tablet":true,"mobile":false}},{"id":"custom_meta","enabled":false,"meta_elements":[{"id":"author","enabled":true,"label":"By","has_author_avatar":"yes","avatar_size":25},{"id":"post_date","enabled":true,"label":"On","date_format_source":"default","date_format":"M j, Y"},{"id":"updated_date","enabled":false,"label":"On","date_format_source":"default","date_format":"M j, Y"},{"id":"categories","enabled":false,"label":"In","style":"simple"},{"id":"comments","enabled":true}],"page_meta_elements":{"joined":true,"articles_count":true,"comments":true}},{"id":"breadcrumbs","enabled":false}],"aafa469bca683ea84c544dc8331a781f":"","hero_alignment1":"CT_CSS_SKIP_RULE","hero_margin":40,"hero_alignment2":"center","hero_vertical_alignment":"center","dd3b7105c3502a297881df479d5e3242":"","hero_structure":"narrow","822fd111e4dc9658fb810c493c75148f":"","page_title_bg_type":"featured_image","custom_hero_background":{"attachment_id":null},"page_title_image_size":"full","parallax":{"desktop":false,"tablet":false,"mobile":false},"59e54ce2ea31102df01624e96d5c8911":"","hero_height":"250px","pageTitleFont":{"family":"Default","variation":"Default","size":"30px","line-height":"CT_CSS_SKIP_RULE","letter-spacing":"CT_CSS_SKIP_RULE","text-transform":"CT_CSS_SKIP_RULE","text-decoration":"CT_CSS_SKIP_RULE"},"pageTitleFontColor":{"default":{"color":"CT_CSS_SKIP_RULEDEFAULT"}},"pageMetaFont":{"family":"Default","variation":"n6","size":"12px","line-height":"1.3","letter-spacing":"CT_CSS_SKIP_RULE","text-transform":"uppercase","text-decoration":"CT_CSS_SKIP_RULE"},"pageMetaFontColor":{"default":{"color":"CT_CSS_SKIP_RULEDEFAULT"},"hover":{"color":"CT_CSS_SKIP_RULEDEFAULT"}},"page_meta_button_type_font_colors":{"default":{"color":"CT_CSS_SKIP_RULEDEFAULT"},"hover":{"color":"CT_CSS_SKIP_RULEDEFAULT"}},"page_meta_button_type_background_colors":{"default":{"color":"CT_CSS_SKIP_RULEDEFAULT"},"hover":{"color":"CT_CSS_SKIP_RULEDEFAULT"}},"pageExcerptFont":{"family":"Default","variation":"Default","size":"CT_CSS_SKIP_RULE","line-height":"CT_CSS_SKIP_RULE","letter-spacing":"CT_CSS_SKIP_RULE","text-transform":"CT_CSS_SKIP_RULE","text-decoration":"CT_CSS_SKIP_RULE"},"pageExcerptColor":{"default":{"color":"CT_CSS_SKIP_RULEDEFAULT"}},"breadcrumbsFont":{"family":"Default","variation":"Default","size":"CT_CSS_SKIP_RULE","line-height":"CT_CSS_SKIP_RULE","letter-spacing":"CT_CSS_SKIP_RULE","text-transform":"CT_CSS_SKIP_RULE","text-decoration":"CT_CSS_SKIP_RULE"},"breadcrumbsFontColor":{"default":{"color":"CT_CSS_SKIP_RULEDEFAULT"},"initial":{"color":"CT_CSS_SKIP_RULEDEFAULT"},"hover":{"color":"CT_CSS_SKIP_RULEDEFAULT"}},"pageTitleOverlay":{"background_type":"color","background_pattern":"type-1","background_image":{"attachment_id":null,"x":0,"y":0},"gradient":"linear-gradient(135deg,rgba(6,147,227,1) 0%,rgb(155,81,224) 100%)","background_repeat":"repeat","background_size":"auto","background_attachment":"scroll","patternColor":{"default":{"color":"#e5e7ea"}},"overlayColor":{"default":{"color":"CT_CSS_SKIP_RULE"}},"backgroundColor":{"default":{"color":"CT_CSS_SKIP_RULE"}}},"pageTitleBackground":{"background_type":"color","background_pattern":"type-1","background_image":{"attachment_id":null,"x":0,"y":0},"gradient":"linear-gradient(135deg,rgba(6,147,227,1) 0%,rgb(155,81,224) 100%)","background_repeat":"repeat","background_size":"auto","background_attachment":"scroll","patternColor":{"default":{"color":"#e5e7ea"}},"overlayColor":{"default":{"color":"CT_CSS_SKIP_RULE"}},"backgroundColor":{"default":{"color":"var(--theme-palette-color-6)"}}},"pageTitlePadding":{"top":"50px","bottom":"50px","left":"auto","right":"auto","linked":true},"da078f70f934f1c79a2062971e901545":"","page_structure_type":"default","594536dba050543be66e6a14fab284f5":"","content_style_source":"inherit","content_style":"wide","vertical_spacing_source":"custom","content_area_spacing":"none","background":{"background_type":"color","background_pattern":"type-1","background_image":{"attachment_id":null,"x":0,"y":0},"gradient":"linear-gradient(135deg,rgba(6,147,227,1) 0%,rgb(155,81,224) 100%)","background_repeat":"repeat","background_size":"auto","background_attachment":"scroll","patternColor":{"default":{"color":"#e5e7ea"}},"overlayColor":{"default":{"color":"CT_CSS_SKIP_RULE"}},"backgroundColor":{"default":{"color":"CT_CSS_SKIP_RULE"}}},"content_background":{"background_type":"color","background_pattern":"type-1","background_image":{"attachment_id":null,"x":0,"y":0},"gradient":"linear-gradient(135deg,rgba(6,147,227,1) 0%,rgb(155,81,224) 100%)","background_repeat":"repeat","background_size":"auto","background_attachment":"scroll","patternColor":{"default":{"color":"#e5e7ea"}},"overlayColor":{"default":{"color":"CT_CSS_SKIP_RULE"}},"backgroundColor":{"default":{"color":"var(--theme-palette-color-8)"}}},"content_boxed_shadow":{"inherit":false,"blur":18,"spread":-6,"v_offset":12,"h_offset":0,"inset":false,"enable":true,"color":{"color":"rgba(34, 56, 101, 0.04)"}},"content_boxed_border":{"width":1,"style":"none","color":{"color":"rgba(44,62,80,0.2)"}},"content_boxed_radius":{"top":"3px","bottom":"3px","left":"3px","right":"3px","linked":true},"boxed_content_spacing":{"desktop":{"top":"40px","bottom":"40px","left":"40px","right":"40px","linked":true},"tablet":{"top":"35px","bottom":"35px","left":"35px","right":"35px","linked":true},"mobile":{"top":"20px","bottom":"20px","left":"20px","right":"20px","linked":true}},"a3aa0f7bd36a2dcdd88e1345e748a5c3":"","disable_featured_image":"no","disable_share_box":"no","disable_header":"no","disable_footer":"no"},"_links":{"self":[{"href":"https:\/\/hellart.work\/sl\/wp-json\/wp\/v2\/pages\/2213","targetHints":{"allow":["GET"]}}],"collection":[{"href":"https:\/\/hellart.work\/sl\/wp-json\/wp\/v2\/pages"}],"about":[{"href":"https:\/\/hellart.work\/sl\/wp-json\/wp\/v2\/types\/page"}],"author":[{"embeddable":true,"href":"https:\/\/hellart.work\/sl\/wp-json\/wp\/v2\/users\/1"}],"replies":[{"embeddable":true,"href":"https:\/\/hellart.work\/sl\/wp-json\/wp\/v2\/comments?post=2213"}],"version-history":[{"count":2,"href":"https:\/\/hellart.work\/sl\/wp-json\/wp\/v2\/pages\/2213\/revisions"}],"predecessor-version":[{"id":3822,"href":"https:\/\/hellart.work\/sl\/wp-json\/wp\/v2\/pages\/2213\/revisions\/3822"}],"wp:attachment":[{"href":"https:\/\/hellart.work\/sl\/wp-json\/wp\/v2\/media?parent=2213"}],"curies":[{"name":"wp","href":"https:\/\/api.w.org\/{rel}","templated":true}]}}